{"id":9130,"date":"2021-11-24T10:45:55","date_gmt":"2021-11-24T10:45:55","guid":{"rendered":"https:\/\/aptecnologia.com.ar\/new\/?post_type=product&#038;p=9130"},"modified":"2022-07-12T13:20:30","modified_gmt":"2022-07-12T13:20:30","slug":"comedero-automatico-wifi-pw1-para-animales-gadnic","status":"publish","type":"product","link":"https:\/\/aptecnologia.com.ar\/new\/productos\/comedero-automatico-wifi-pw1-para-animales-gadnic\/","title":{"rendered":"Comedero Automatico Wifi PW1 Para Animales &#8211; GADNIC"},"content":{"rendered":"<h4>Comedero Automatico Wifi Gadnic PW1 Para Animales<\/h4>\n<div class=\"module-txt\">\n<p>PROGRAME LAS COMIDAS DE SU MASCOTA: programe c\u00f3modamente hasta 12 comidas por d\u00eda para su gato o perro;.<\/p>\n<p>PARA MASCOTAS M\u00c1S SALUDABLES Y FELICES: con un control adecuado sobre la distribuci\u00f3n de alimentos, tendr\u00e1 la dieta equilibrada perfecta para su perro, gato o cualquier amigo peludo en casa. \u00a1Aseg\u00farese de que sus mascotas coman bien pero no coman de m\u00e1s para prevenir la obesidad y complicaciones de salud!<\/p>\n<p>PROGRAMACI\u00d3N DEL TEL\u00c9FONO INTELIGENTE: controle el tiempo de comida de su mascota desde cualquier lugar usando su tel\u00e9fono inteligente.<\/p>\n<\/div>\n","protected":false},"excerpt":{"rendered":"<ul>\n<li>Dimensiones: 19,20 x 17,85 x 32,2 cm<\/li>\n<li>Peso de la rasi\u00f3n: 15-20g<\/li>\n<li>Capacidad: 5.5 Litros<\/li>\n<li>Peso: 1,6 kg<\/li>\n<li>Apto para: Perros, Gatos, Conejos, H\u00e1mster y peque\u00f1os animales<\/li>\n<li>Conexi\u00f3n: WIFI<\/li>\n<\/ul>\n","protected":false},"featured_media":9128,"comment_status":"open","ping_status":"closed","template":"","meta":[],"pwb-brand":[101],"product_cat":[103,71],"product_tag":[216],"class_list":{"0":"post-9130","1":"product","2":"type-product","3":"status-publish","4":"has-post-thumbnail","6":"pwb-brand-gadnic","7":"product_cat-mascotas","8":"product_cat-hogar","9":"product_tag-diadelamigo","11":"first","12":"instock","13":"shipping-taxable","14":"purchasable","15":"product-type-simple"},"brands":[{"id":101,"name":"Gadnic","slug":"gadnic"}],"_links":{"self":[{"href":"https:\/\/aptecnologia.com.ar\/new\/wp-json\/wp\/v2\/product\/9130","targetHints":{"allow":["GET"]}}],"collection":[{"href":"https:\/\/aptecnologia.com.ar\/new\/wp-json\/wp\/v2\/product"}],"about":[{"href":"https:\/\/aptecnologia.com.ar\/new\/wp-json\/wp\/v2\/types\/product"}],"replies":[{"embeddable":true,"href":"https:\/\/aptecnologia.com.ar\/new\/wp-json\/wp\/v2\/comments?post=9130"}],"version-history":[{"count":0,"href":"https:\/\/aptecnologia.com.ar\/new\/wp-json\/wp\/v2\/product\/9130\/revisions"}],"wp:featuredmedia":[{"embeddable":true,"href":"https:\/\/aptecnologia.com.ar\/new\/wp-json\/wp\/v2\/media\/9128"}],"wp:attachment":[{"href":"https:\/\/aptecnologia.com.ar\/new\/wp-json\/wp\/v2\/media?parent=9130"}],"wp:term":[{"taxonomy":"pwb-brand","embeddable":true,"href":"https:\/\/aptecnologia.com.ar\/new\/wp-json\/wp\/v2\/pwb-brand?post=9130"},{"taxonomy":"product_cat","embeddable":true,"href":"https:\/\/aptecnologia.com.ar\/new\/wp-json\/wp\/v2\/product_cat?post=9130"},{"taxonomy":"product_tag","embeddable":true,"href":"https:\/\/aptecnologia.com.ar\/new\/wp-json\/wp\/v2\/product_tag?post=9130"}],"curies":[{"name":"wp","href":"https:\/\/api.w.org\/{rel}","templated":true}]}}