{"id":9092,"date":"2021-11-18T13:42:05","date_gmt":"2021-11-18T13:42:05","guid":{"rendered":"https:\/\/aptecnologia.com.ar\/new\/product\/smartwatch-amazfit-basic-bip-s-lite-1-28-negro-copy\/"},"modified":"2024-02-01T13:33:02","modified_gmt":"2024-02-01T16:33:02","slug":"smartwatch-amazfit-basic-bip-s-lite-1-28-negro-copy","status":"publish","type":"product","link":"https:\/\/aptecnologia.com.ar\/new\/productos\/smartwatch-amazfit-basic-bip-s-lite-1-28-negro-copy\/","title":{"rendered":"Reloj Bip S Rosa &#8211; AMAZFIT \/ XIAOMI"},"content":{"rendered":"<p>Los smartwatches de Amazfit pisan fuerte: dise\u00f1o moderno y funcionalidad se combinan para una gran experiencia. La pantalla se destaca frente a otros relojes por su calidad y buena visualizaci\u00f3n, incluso a plena luz del d\u00eda. Adem\u00e1s, poseen modalidades deportivas muy \u00fatiles para todo tipo de entrenamientos.<\/p>\n<p>Descans\u00e1 mejor, rend\u00ed m\u00e1s<br \/>\nGracias a la funci\u00f3n de monitoreo del sue\u00f1o podr\u00e1s aprender m\u00e1s acerca de tus h\u00e1bitos por las noches y la calidad de tu descanso para que puedas rendir mejor al d\u00eda siguiente.<\/p>\n<p>Energ\u00eda que se adapta a tu rutina<br \/>\n\u00a1Entren\u00e1 todos los d\u00edas! Su bater\u00eda tiene una duraci\u00f3n de hasta 30 d\u00edas, dependiendo de la intensidad del uso. Vas a tener energ\u00eda suficiente para acompa\u00f1ar tus entrenamientos diarios y llevarlos a otro nivel.<\/p>\n","protected":false},"excerpt":{"rendered":"<ul>\n<li class=\"ui-vpp-highlighted-specs__features-list-item ui-pdp-color--BLACK ui-pdp-size--XSMALL ui-pdp-family--REGULAR\">Pantalla t\u00e1ctil TFT de 1.28&#8243;.<\/li>\n<li class=\"ui-vpp-highlighted-specs__features-list-item ui-pdp-color--BLACK ui-pdp-size--XSMALL ui-pdp-family--REGULAR\">Resiste hasta 50m bajo el agua.<\/li>\n<li class=\"ui-vpp-highlighted-specs__features-list-item ui-pdp-color--BLACK ui-pdp-size--XSMALL ui-pdp-family--REGULAR\">Bater\u00eda de 30 d\u00edas de duraci\u00f3n.<\/li>\n<li class=\"ui-vpp-highlighted-specs__features-list-item ui-pdp-color--BLACK ui-pdp-size--XSMALL ui-pdp-family--REGULAR\">Conectividad por Bluetooth.<\/li>\n<li class=\"ui-vpp-highlighted-specs__features-list-item ui-pdp-color--BLACK ui-pdp-size--XSMALL ui-pdp-family--REGULAR\">Capacidad de la memoria interna de 5GB.<\/li>\n<li class=\"ui-vpp-highlighted-specs__features-list-item ui-pdp-color--BLACK ui-pdp-size--XSMALL ui-pdp-family--REGULAR\">Sensores incluidos: aceler\u00f3metro, sensor \u00f3ptico de frecuencia card\u00edaca ppg.<\/li>\n<\/ul>\n","protected":false},"featured_media":9093,"comment_status":"open","ping_status":"closed","template":"","meta":[],"pwb-brand":[106],"product_cat":[75,69],"product_tag":[221],"class_list":{"0":"post-9092","1":"product","2":"type-product","3":"status-publish","4":"has-post-thumbnail","6":"pwb-brand-amazfit","7":"product_cat-relojes","8":"product_cat-salud-y-bienestar","9":"product_tag-diadelnino","11":"first","12":"instock","13":"shipping-taxable","14":"purchasable","15":"product-type-simple"},"brands":[{"id":106,"name":"Amazfit","slug":"amazfit"}],"_links":{"self":[{"href":"https:\/\/aptecnologia.com.ar\/new\/wp-json\/wp\/v2\/product\/9092","targetHints":{"allow":["GET"]}}],"collection":[{"href":"https:\/\/aptecnologia.com.ar\/new\/wp-json\/wp\/v2\/product"}],"about":[{"href":"https:\/\/aptecnologia.com.ar\/new\/wp-json\/wp\/v2\/types\/product"}],"replies":[{"embeddable":true,"href":"https:\/\/aptecnologia.com.ar\/new\/wp-json\/wp\/v2\/comments?post=9092"}],"version-history":[{"count":0,"href":"https:\/\/aptecnologia.com.ar\/new\/wp-json\/wp\/v2\/product\/9092\/revisions"}],"wp:featuredmedia":[{"embeddable":true,"href":"https:\/\/aptecnologia.com.ar\/new\/wp-json\/wp\/v2\/media\/9093"}],"wp:attachment":[{"href":"https:\/\/aptecnologia.com.ar\/new\/wp-json\/wp\/v2\/media?parent=9092"}],"wp:term":[{"taxonomy":"pwb-brand","embeddable":true,"href":"https:\/\/aptecnologia.com.ar\/new\/wp-json\/wp\/v2\/pwb-brand?post=9092"},{"taxonomy":"product_cat","embeddable":true,"href":"https:\/\/aptecnologia.com.ar\/new\/wp-json\/wp\/v2\/product_cat?post=9092"},{"taxonomy":"product_tag","embeddable":true,"href":"https:\/\/aptecnologia.com.ar\/new\/wp-json\/wp\/v2\/product_tag?post=9092"}],"curies":[{"name":"wp","href":"https:\/\/api.w.org\/{rel}","templated":true}]}}