{"id":9081,"date":"2021-11-18T13:25:42","date_gmt":"2021-11-18T13:25:42","guid":{"rendered":"https:\/\/aptecnologia.com.ar\/new\/?post_type=product&#038;p=9081"},"modified":"2023-06-14T18:52:57","modified_gmt":"2023-06-14T21:52:57","slug":"reloj-smartwatch-xiaomi-amazfit-sport-neo-1-2-a2001-negro","status":"publish","type":"product","link":"https:\/\/aptecnologia.com.ar\/new\/productos\/reloj-smartwatch-xiaomi-amazfit-sport-neo-1-2-a2001-negro\/","title":{"rendered":"Reloj Smartwatch Amazfit Sport Neo 1.2 A2001 Negro &#8211; XIAOMI"},"content":{"rendered":"<p>AMAZFIT NEO<\/p>\n<p>Amazfit, de la mano de, nos trae este reloj inteligente con dise\u00f1o retro digital pero tambi\u00e9n con las innovadoras funcionalidades de un smartwatch. Sus principales caracter\u00edsticas son la monitorizaci\u00f3n del ritmo card\u00edaco, el an\u00e1lisis del sue\u00f1o, los 28 d\u00edas de autonom\u00eda, la pantalla Always-On y la resistencia al agua.<\/p>\n<p>Vuelto al dise\u00f1o retro y vers\u00e1til<br \/>\nLo primero que nos llamar\u00e1 la atenci\u00f3n del Amazfit Neo es su aspecto retro, con pantalla digital de 1.2 Always-On (siempre encendida) y cuatro botones f\u00edsicos (dos a cada lateral), un dise\u00f1o que brinda el equilibrio perfecto entre estilo y funcionalidad.<\/p>\n<p>Sensor \u00f3ptico BioTracker PPG. Control de la salud y la actividad<br \/>\nPrecisamente, el Amazfit Neo es un reloj cl\u00e1sico solamente por fuera, ya que en su interior cuenta con el reconocido BioTracker PPG, un sensor \u00f3ptico de seguimiento biol\u00f3gico de alta precisi\u00f3n.<\/p>\n<p>Este trabaja en conjunto con un avanzado sistema de algoritmos para ofrecerte informaci\u00f3n acerca de tu estado de salud y de tu actividad diaria.<\/p>\n<p>Medici\u00f3n de la frecuencia card\u00edaca las 24h. No te pierdas ni un solo latido<br \/>\nUna de las cosas que puede controlar el sensor BioTracker PPG es la frecuencia card\u00edaca. De manera constante y precisa. \u00a1Las 24 horas del d\u00eda! De hecho, el Amazfit Neo te advierte si detecta un valor demasiado alto. As\u00ed podr\u00e1s reducir los riesgos de enfermedad cardiovascular y mejorar tus entrenamientos.<\/p>\n<p>Un simple valor para tu estado de salud<br \/>\nPor si a\u00fan necesitaras una forma m\u00e1s concisa en la que conocer el estado de tu salud, Amazfit Neo te ayuda a ello. Gracias a la inteligencia artificial empleada en su sistema de evaluaci\u00f3n de la salud (PAI &#8211; Personal Activity Intelligence), el smartwatch Neo coge todos los datos obtenidos de salud y actividad diarios y los transforma en un valor num\u00e9rico.<\/p>\n<p>Por supuesto, este valor estar\u00e1 adaptado a las condiciones de cada persona.<\/p>\n<p>Realiza un seguimiento de tu actividad<br \/>\nAsimismo, el Amazfit Neo te ayuda a realizar un seguimiento de tu ejercicio, contabilizando incluso los pasos dados y las calor\u00edas quemadas. Elige uno de sus 3 modos (caminar, correr o montar en bicileta) y obt\u00e9n informaci\u00f3n exacta sobre la duraci\u00f3n de la actividad y las calor\u00edas quemadas.<\/p>\n<p>Cuida tambi\u00e9n la calidad de tu sue\u00f1o<br \/>\n\u00bfSabes si descansas adecuadamente todas las noches? El Amazfit Neo monitoriza tu sue\u00f1o para ayudarte a saberlo.<\/p>\n<p>Una vez sincronizado con la APP m\u00f3vil, podr\u00e1s revisar la duraci\u00f3n de cada etapa del sue\u00f1o (ligero, profundo, REM&#8230;) y la calidad del descanso. Tambi\u00e9n es capaz de analizar estos par\u00e1metros cuando te eches la siesta. As\u00ed que, rel\u00e1jate, ponte el Amazfit Neo y&#8230; \u00a1Dulces sue\u00f1os!<\/p>\n<p>Conectividad Bluetooth 5.0 y estad\u00edsticas autom\u00e1ticas con Zepp APP<br \/>\nAdem\u00e1s, tendr\u00e1s unas metas muy claras gracias a la APP Zepp. Desc\u00e1rgala en tu smartphone Android o iOS y sincron\u00edzalo con el Amazfit Neo mediante Bluetooth 5.0 de bajo consumo. De esta forma, se pasar\u00e1n todos los datos a la aplicaci\u00f3n m\u00f3vil y podr\u00e1s conocer a fondo la progresi\u00f3n de tu rutina, generar estad\u00edsticas y m\u00e1rcarte objetivos.<\/p>\n<p>Alerta de llamadas, mensajes y notificaciones<br \/>\nPero eso no es todo. La sincronizaci\u00f3n del Amazfit Neo con tu smartphone te ofrece tambi\u00e9n otras funcionalidades. Por ejemplo, el reloj Neo te avisa cuando tienes llamadas, mensajes o notificaciones entrantes en tu smartphone, impidiendo as\u00ed que se te pase nada por alto.<\/p>\n<p>Hasta 4 semanas de autonom\u00eda*<br \/>\nEl Amazfit Neo combina software y hardware para optimizar profundamente el consumo de energ\u00eda, con el fin de lograr una autonom\u00eda de hasta 37 d\u00edas* en el Modo Ahorro, o de hasta 28 d\u00edas* en modo normal.<\/p>\n<p>*La vida \u00fatil de la bater\u00eda puede variar seg\u00fan el uso, la configuraci\u00f3n y otros factores, por lo que los resultados reales pueden diferir de los datos indicados anteriormente.<\/p>\n<p>Resistencia al agua 5ATM<br \/>\nTampoco te cortes si tu deporte favorito incluye alg\u00fan que otro salpic\u00f3n de agua, ya que el reloj Amazfit Neo cuenta con los certificados de resistencia al agua 5ATM. Esto significa que es sumergible hasta 50 metros.<\/p>\n<p>No sumergir en agua salada, ba\u00f1os de vapor, piscinas con burbujas, etc.<br \/>\nCorrea de silicona de 20mm<br \/>\nEl Amazfit Neo incluye una pulsera de silicona, ideal tanto para llevar a diario como para entrenar.<\/p>\n","protected":false},"excerpt":{"rendered":"<p>Marca: Amazfit<br \/>\nProducto: Reloj Inteligente<br \/>\nModelo: Neo (A2001)<br \/>\nCuerpo: Policarbonato (PC)<br \/>\nCorrea: Poliuretano (PUR) (Intercambiable 20 mm)<br \/>\nAPP recomendada: Zepp (Multilenguaje)<br \/>\nTama\u00f1o de Pantalla: 1.2<br \/>\nTipo: STN en blanco y negro<br \/>\nConectividad: Bluetooth 5.0 BLE<br \/>\nSistema operativo compatible: Android 5.0 o superior, iOS 10 o superior<br \/>\nResistencia al agua: 5 ATM<br \/>\nSensor \u00f3ptico de an\u00e1lisis biol\u00f3gico BioTracker PPG<br \/>\nAceler\u00f3metro<br \/>\nBater\u00eda<br \/>\nCapacidad: 160 mAh<br \/>\nAutonom\u00eda (uso diario t\u00edpico): hasta 28 d\u00edas<br \/>\nAutonom\u00eda (modo ahorro de energ\u00eda): hasta 37 d\u00edas<br \/>\nTiempo de carga: 2.5 horas aprox.<br \/>\nDimensiones: 40.3 x 41 x 11.7 mm<br \/>\nPeso: 32 g<\/p>\n","protected":false},"featured_media":9082,"comment_status":"open","ping_status":"closed","template":"","meta":[],"pwb-brand":[61],"product_cat":[75,69],"product_tag":[],"class_list":{"0":"post-9081","1":"product","2":"type-product","3":"status-publish","4":"has-post-thumbnail","6":"pwb-brand-xiaomi","7":"product_cat-relojes","8":"product_cat-salud-y-bienestar","10":"first","11":"outofstock","12":"shipping-taxable","13":"purchasable","14":"product-type-simple"},"brands":[{"id":61,"name":"Xiaomi","slug":"xiaomi"}],"_links":{"self":[{"href":"https:\/\/aptecnologia.com.ar\/new\/wp-json\/wp\/v2\/product\/9081","targetHints":{"allow":["GET"]}}],"collection":[{"href":"https:\/\/aptecnologia.com.ar\/new\/wp-json\/wp\/v2\/product"}],"about":[{"href":"https:\/\/aptecnologia.com.ar\/new\/wp-json\/wp\/v2\/types\/product"}],"replies":[{"embeddable":true,"href":"https:\/\/aptecnologia.com.ar\/new\/wp-json\/wp\/v2\/comments?post=9081"}],"version-history":[{"count":0,"href":"https:\/\/aptecnologia.com.ar\/new\/wp-json\/wp\/v2\/product\/9081\/revisions"}],"wp:featuredmedia":[{"embeddable":true,"href":"https:\/\/aptecnologia.com.ar\/new\/wp-json\/wp\/v2\/media\/9082"}],"wp:attachment":[{"href":"https:\/\/aptecnologia.com.ar\/new\/wp-json\/wp\/v2\/media?parent=9081"}],"wp:term":[{"taxonomy":"pwb-brand","embeddable":true,"href":"https:\/\/aptecnologia.com.ar\/new\/wp-json\/wp\/v2\/pwb-brand?post=9081"},{"taxonomy":"product_cat","embeddable":true,"href":"https:\/\/aptecnologia.com.ar\/new\/wp-json\/wp\/v2\/product_cat?post=9081"},{"taxonomy":"product_tag","embeddable":true,"href":"https:\/\/aptecnologia.com.ar\/new\/wp-json\/wp\/v2\/product_tag?post=9081"}],"curies":[{"name":"wp","href":"https:\/\/api.w.org\/{rel}","templated":true}]}}