{"id":9075,"date":"2021-11-18T13:01:01","date_gmt":"2021-11-18T13:01:01","guid":{"rendered":"https:\/\/aptecnologia.com.ar\/new\/?post_type=product&#038;p=9075"},"modified":"2022-08-09T17:57:31","modified_gmt":"2022-08-09T17:57:31","slug":"aspiradora-robot-gadnic-z900-trapeadora-3-modos-200m2-app-silenciosa","status":"publish","type":"product","link":"https:\/\/aptecnologia.com.ar\/new\/productos\/aspiradora-robot-gadnic-z900-trapeadora-3-modos-200m2-app-silenciosa\/","title":{"rendered":"Aspiradora Robot Z900 Trapeadora 3 Modos 200m2 App Silenciosa &#8211; GADNIC"},"content":{"rendered":"<h4>Acerca de Aspiradora Robot Gadnic Z900 Trapeadora 3 Modos 200m2 App Silenciosa<\/h4>\n<div class=\"module-txt\">\n<p>\u00a1Lleg\u00f3 la aspiradora robot m\u00e1s innovadora del mercado!<\/p>\n<p>La Aspiradora limpiapisos Gadnic Z900 se integra perfectamente a las superficies de tu hogar. Es silenciosa y cuenta con una capacidad de limpieza inmejorable.<\/p>\n<p>Este robot aspiradora posee sensores Anti Colisi\u00f3n que le permite detectar paredes, muebles y escaleras para no chocarse con ning\u00fan elemento y preservar su integridad. Adem\u00e1s cuenta con la funci\u00f3n de Autocarga que la gu\u00eda a la base de carga de forma autom\u00e1tica para siempre estar al 100% y dejar tu casa impecable.<\/p>\n<p>Tambi\u00e9n podes accionarla de forma remota baj\u00e1ndote la App y tener tu casa siempre limpia a\u00fan antes de llegar con su funci\u00f3n de Cronograma.<\/p>\n<\/div>\n","protected":false},"excerpt":{"rendered":"<ul>\n<li>Maneja la limpieza de tu hogar desde una app en tu celular, est\u00e9s donde est\u00e9s.<\/li>\n<li>Sistema de rodillos estrat\u00e9gicos, que le brindan el mejor aspirado en alfombras y para pelos de mascotas<\/li>\n<li>Sistema de navegaci\u00f3n, con ULTIMA TECNOLOG\u00cdA, reconocimiento mejorado de los sectores donde va a trabajar<\/li>\n<li>El robot mas SILENCIOSO del mercado<\/li>\n<li>\u00danicos del mercado con TRIPLE ACCI\u00d3N, aspirado, barrido, trapeo en seco o h\u00famedo<\/li>\n<li>Autonom\u00eda: hasta 2 horas<\/li>\n<li>Navegaci\u00f3n mapa 2D, sistema de mapeo m\u00e1s novedoso existente<\/li>\n<li>Sensor de detecci\u00f3n de obst\u00e1culos<\/li>\n<li>Programaci\u00f3n por fecha y hora<\/li>\n<li>Auto-carga inteligente, el robot volver\u00e1 solo a su base cuando requiera carga.<\/li>\n<li>Control Remoto: Manejo local, a distancia<\/li>\n<li>Display Led: Brinda info, estado de trabajo, tiempo y programa en ejecuci\u00f3n<\/li>\n<li>Velocidad de limpieza Ajustable<\/li>\n<li>Dep\u00f3sitos f\u00e1ciles de cambiar<\/li>\n<li>Tanque de Agua inteligente: mejor administraci\u00f3n del uso del liquido<\/li>\n<li>Capacidad del deposito de agua: 350ml<\/li>\n<li>Capacidad del deposito de polvo: 0.6 L<\/li>\n<li>Garant\u00eda Bater\u00eda y Sistemas de Carga 6 Meses<\/li>\n<li>Garant\u00eda Aspiradora 1 A\u00f1o<\/li>\n<li>Dimensiones: Di\u00e1metro: 33cm &#8211; Altura: 7.4cm<\/li>\n<li>Peso: 2.7 gramos<\/li>\n<li>Watts: 28 W<\/li>\n<\/ul>\n","protected":false},"featured_media":9076,"comment_status":"open","ping_status":"closed","template":"","meta":[],"pwb-brand":[101],"product_cat":[100,71],"product_tag":[216],"class_list":{"0":"post-9075","1":"product","2":"type-product","3":"status-publish","4":"has-post-thumbnail","6":"pwb-brand-gadnic","7":"product_cat-electrodomesticos","8":"product_cat-hogar","9":"product_tag-diadelamigo","11":"first","12":"outofstock","13":"shipping-taxable","14":"purchasable","15":"product-type-simple"},"brands":[{"id":101,"name":"Gadnic","slug":"gadnic"}],"_links":{"self":[{"href":"https:\/\/aptecnologia.com.ar\/new\/wp-json\/wp\/v2\/product\/9075","targetHints":{"allow":["GET"]}}],"collection":[{"href":"https:\/\/aptecnologia.com.ar\/new\/wp-json\/wp\/v2\/product"}],"about":[{"href":"https:\/\/aptecnologia.com.ar\/new\/wp-json\/wp\/v2\/types\/product"}],"replies":[{"embeddable":true,"href":"https:\/\/aptecnologia.com.ar\/new\/wp-json\/wp\/v2\/comments?post=9075"}],"version-history":[{"count":0,"href":"https:\/\/aptecnologia.com.ar\/new\/wp-json\/wp\/v2\/product\/9075\/revisions"}],"wp:featuredmedia":[{"embeddable":true,"href":"https:\/\/aptecnologia.com.ar\/new\/wp-json\/wp\/v2\/media\/9076"}],"wp:attachment":[{"href":"https:\/\/aptecnologia.com.ar\/new\/wp-json\/wp\/v2\/media?parent=9075"}],"wp:term":[{"taxonomy":"pwb-brand","embeddable":true,"href":"https:\/\/aptecnologia.com.ar\/new\/wp-json\/wp\/v2\/pwb-brand?post=9075"},{"taxonomy":"product_cat","embeddable":true,"href":"https:\/\/aptecnologia.com.ar\/new\/wp-json\/wp\/v2\/product_cat?post=9075"},{"taxonomy":"product_tag","embeddable":true,"href":"https:\/\/aptecnologia.com.ar\/new\/wp-json\/wp\/v2\/product_tag?post=9075"}],"curies":[{"name":"wp","href":"https:\/\/api.w.org\/{rel}","templated":true}]}}