{"id":9074,"date":"2021-11-18T12:43:58","date_gmt":"2021-11-18T12:43:58","guid":{"rendered":"https:\/\/aptecnologia.com.ar\/new\/?post_type=product&#038;p=9074"},"modified":"2023-06-27T22:33:26","modified_gmt":"2023-06-28T01:33:26","slug":"aspiradora-robot-gadnic-x550-trapeadora-3-modos-150m2-aspira-trapea-pule","status":"publish","type":"product","link":"https:\/\/aptecnologia.com.ar\/new\/productos\/aspiradora-robot-gadnic-x550-trapeadora-3-modos-150m2-aspira-trapea-pule\/","title":{"rendered":"Aspiradora Robot X550 Trapeadora 3 Modos 150m2 Aspira Trapea Pule -GADNIC"},"content":{"rendered":"<h4>Aspiradora Robot Gadnic X550 Trapeadora 3 Modos 150m2 Aspira Trapea Pule<\/h4>\n<div class=\"module-txt\">\n<p>\u00a1Disfrut\u00e1 de tu casa impecable con la Aspiradora Robot Gadnic X550!<\/p>\n<p>Este robot aspiradora se integra perfectamente a las superficies de tu hogar con 3 modos de limpieza, Spot edge, Auto y Schedule y limpia un \u00e1rea efectiva de trabajo hasta 150m2<\/p>\n<p>El robot limpia pisos es silencioso y cuenta con una capacidad de limpieza inmejorable.<\/p>\n<p>Posee sensores Anti Colisi\u00f3n que le permite detectar paredes, muebles, escaleras. Adem\u00e1s cuenta con la funci\u00f3n de Autocarga que la gu\u00eda a la base de carga de forma autom\u00e1tica.<\/p>\n<p>Incluye Control Remoto 2.4G y puede ser programada para limpiar todos los d\u00edas en el mismo horario.<\/p>\n<\/div>\n","protected":false},"excerpt":{"rendered":"<div class=\"module-txt\">\n<ul>\n<li>3 modos de limpieza: Spot edge, Auto, Schedule<\/li>\n<li>\u00c1rea efectiva de trabajo hasta 150m2<\/li>\n<li>Funci\u00f3n de Speed y Dock<\/li>\n<li>Sensor de detecci\u00f3n de obst\u00e1culos y Anti Colisi\u00f3n<\/li>\n<li>Programa el horario de limpieza<\/li>\n<li>Auto-carga inteligente<\/li>\n<li>Incluye Control Remoto 2.4G<\/li>\n<li>Display Led<\/li>\n<li>Bajo Ruido: 55db<\/li>\n<li>Aspiradora Silenciosa<\/li>\n<li>Sistema de Doble Cepillado<\/li>\n<li>Sistema de Trapeo<\/li>\n<li>Ideal para pisos como: Madera, Azulejos, Alfombra.<\/li>\n<li>Bater\u00eda de 2000 mah. Alta duraci\u00f3n de Limpieza<\/li>\n<li>90 minutos de limpieza<\/li>\n<li>Tiempo de recarga: 4-5 hs<\/li>\n<li>Capacidad Dep\u00f3sito de polvo: 0.4L<\/li>\n<li>Capacidad Dep\u00f3sito de Agua: 300ml<\/li>\n<li>2 Cepillos laterales<\/li>\n<li>Garant\u00eda Aspiradora 1 A\u00f1o<\/li>\n<li>Garant\u00eda Bater\u00eda y Sistemas de Carga 6 Meses<\/li>\n<\/ul>\n<\/div>\n","protected":false},"featured_media":9070,"comment_status":"open","ping_status":"closed","template":"","meta":[],"pwb-brand":[101],"product_cat":[100,71],"product_tag":[216],"class_list":{"0":"post-9074","1":"product","2":"type-product","3":"status-publish","4":"has-post-thumbnail","6":"pwb-brand-gadnic","7":"product_cat-electrodomesticos","8":"product_cat-hogar","9":"product_tag-diadelamigo","11":"first","12":"outofstock","13":"shipping-taxable","14":"purchasable","15":"product-type-simple"},"brands":[{"id":101,"name":"Gadnic","slug":"gadnic"}],"_links":{"self":[{"href":"https:\/\/aptecnologia.com.ar\/new\/wp-json\/wp\/v2\/product\/9074","targetHints":{"allow":["GET"]}}],"collection":[{"href":"https:\/\/aptecnologia.com.ar\/new\/wp-json\/wp\/v2\/product"}],"about":[{"href":"https:\/\/aptecnologia.com.ar\/new\/wp-json\/wp\/v2\/types\/product"}],"replies":[{"embeddable":true,"href":"https:\/\/aptecnologia.com.ar\/new\/wp-json\/wp\/v2\/comments?post=9074"}],"version-history":[{"count":0,"href":"https:\/\/aptecnologia.com.ar\/new\/wp-json\/wp\/v2\/product\/9074\/revisions"}],"wp:featuredmedia":[{"embeddable":true,"href":"https:\/\/aptecnologia.com.ar\/new\/wp-json\/wp\/v2\/media\/9070"}],"wp:attachment":[{"href":"https:\/\/aptecnologia.com.ar\/new\/wp-json\/wp\/v2\/media?parent=9074"}],"wp:term":[{"taxonomy":"pwb-brand","embeddable":true,"href":"https:\/\/aptecnologia.com.ar\/new\/wp-json\/wp\/v2\/pwb-brand?post=9074"},{"taxonomy":"product_cat","embeddable":true,"href":"https:\/\/aptecnologia.com.ar\/new\/wp-json\/wp\/v2\/product_cat?post=9074"},{"taxonomy":"product_tag","embeddable":true,"href":"https:\/\/aptecnologia.com.ar\/new\/wp-json\/wp\/v2\/product_tag?post=9074"}],"curies":[{"name":"wp","href":"https:\/\/api.w.org\/{rel}","templated":true}]}}