{"id":8644,"date":"2021-10-04T10:29:49","date_gmt":"2021-10-04T10:29:49","guid":{"rendered":"https:\/\/aptecnologia.com.ar\/new\/product\/placa-de-red-pci-e-wn781nd-tp-link\/"},"modified":"2022-03-08T15:37:08","modified_gmt":"2022-03-08T15:37:08","slug":"placa-de-red-pci-e-wn781nd-tp-link","status":"publish","type":"product","link":"https:\/\/aptecnologia.com.ar\/new\/productos\/placa-de-red-pci-e-wn781nd-tp-link\/","title":{"rendered":"Placa de red PCI-E WN781ND &#8211; TP-LINK"},"content":{"rendered":"<p class=\"MsoListParagraphCxSpFirst\" style=\"text-indent: -18pt;\"><!-- [if !supportLists]--><span lang=\"es\" style=\"font-family: Symbol;\" xml:lang=\"es\">\u00b7<span style=\"font: 7pt 'Times New Roman';\">\u00a0\u00a0\u00a0\u00a0\u00a0\u00a0\u00a0 <\/span><\/span><!--[endif]--><span lang=\"es\" xml:lang=\"es\">Interface: PCI Express<\/span><\/p>\n<p class=\"MsoListParagraphCxSpMiddle\" style=\"text-indent: -18pt;\"><!-- [if !supportLists]--><span lang=\"es\" style=\"font-family: Symbol;\" xml:lang=\"es\">\u00b7<span style=\"font: 7pt 'Times New Roman';\">\u00a0\u00a0\u00a0\u00a0\u00a0\u00a0\u00a0 <\/span><\/span><!--[endif]--><span lang=\"es\" xml:lang=\"es\">Dimensiones (An x Pr x Al): 4.8 x 3.1 x 0.8in. (120.8 x 78.5 x 21.5mm)<\/span><\/p>\n<p class=\"MsoListParagraphCxSpMiddle\" style=\"text-indent: -18pt;\"><!-- [if !supportLists]--><span lang=\"es\" style=\"font-family: Symbol;\" xml:lang=\"es\">\u00b7<span style=\"font: 7pt 'Times New Roman';\">\u00a0\u00a0\u00a0\u00a0\u00a0\u00a0\u00a0 <\/span><\/span><!--[endif]--><span lang=\"es\" xml:lang=\"es\">Tipo de Antena\u00a0 Desmontable omnidireccional (RP-SMA)<\/span><\/p>\n<p class=\"MsoListParagraphCxSpMiddle\" style=\"text-indent: -18pt;\"><!-- [if !supportLists]--><span lang=\"es\" style=\"font-family: Symbol;\" xml:lang=\"es\">\u00b7<span style=\"font: 7pt 'Times New Roman';\">\u00a0\u00a0\u00a0\u00a0\u00a0\u00a0\u00a0 <\/span><\/span><!--[endif]--><span lang=\"es\" xml:lang=\"es\">Ganancia de la Antena: 2dBi<\/span><\/p>\n<p class=\"MsoListParagraphCxSpMiddle\" style=\"text-indent: -18pt;\"><!-- [if !supportLists]--><span lang=\"es\" style=\"font-family: Symbol;\" xml:lang=\"es\">\u00b7<span style=\"font: 7pt 'Times New Roman';\">\u00a0\u00a0\u00a0\u00a0\u00a0\u00a0\u00a0 <\/span><\/span><!--[endif]--><span lang=\"es\" xml:lang=\"es\">Est\u00e1ndares inal\u00e1mbricos: IEEE 802.11n, IEEE 802.11g, IEEE 802.11b<\/span><\/p>\n<p class=\"MsoListParagraphCxSpMiddle\" style=\"text-indent: -18pt;\"><!-- [if !supportLists]--><span lang=\"es\" style=\"font-family: Symbol;\" xml:lang=\"es\">\u00b7<span style=\"font: 7pt 'Times New Roman';\">\u00a0\u00a0\u00a0\u00a0\u00a0\u00a0\u00a0 <\/span><\/span><!--[endif]--><span lang=\"es\" xml:lang=\"es\">Frecuencia: 2.400-2.4835GHz<\/span><\/p>\n<p class=\"MsoListParagraphCxSpMiddle\" style=\"text-indent: -18pt;\"><!-- [if !supportLists]--><span lang=\"es\" style=\"font-family: Symbol;\" xml:lang=\"es\">\u00b7<span style=\"font: 7pt 'Times New Roman';\">\u00a0\u00a0\u00a0\u00a0\u00a0\u00a0\u00a0 <\/span><\/span><!--[endif]--><span lang=\"es\" xml:lang=\"es\">Tasa de se\u00f1al: 11n: Hasta 150Mbps (din\u00e1mico)<\/span><\/p>\n<p class=\"MsoListParagraphCxSpMiddle\" style=\"text-indent: -18pt;\"><!-- [if !supportLists]--><span style=\"font-family: Symbol;\">\u00b7<span style=\"font: 7pt 'Times New Roman';\">\u00a0\u00a0\u00a0\u00a0\u00a0\u00a0\u00a0 <\/span><\/span><!--[endif]-->11g: hasta 54Mbps (din\u00e1mico)<\/p>\n<p class=\"MsoListParagraphCxSpLast\" style=\"text-indent: -18pt;\"><!-- [if !supportLists]--><span style=\"font-family: Symbol;\">\u00b7<span style=\"font: 7pt 'Times New Roman';\">\u00a0\u00a0\u00a0\u00a0\u00a0\u00a0\u00a0 <\/span><\/span><!--[endif]-->11b: hasta 11Mbps (din\u00e1mico)<\/p>\n","protected":false},"excerpt":{"rendered":"<p class=\"MsoNormal\"><span lang=\"es\" xml:lang=\"es\">Podr\u00e1s disponer de una conexi\u00f3n r\u00e1pida y avanzada, ideal para la descarga de contenidos, llamadas a trav\u00e9s de Internet y reproducci\u00f3n de v\u00eddeo en streaming.<\/span><\/p>\n","protected":false},"featured_media":8642,"comment_status":"open","ping_status":"closed","template":"","meta":[],"pwb-brand":[102],"product_cat":[70,88],"product_tag":[],"class_list":{"0":"post-8644","1":"product","2":"type-product","3":"status-publish","4":"has-post-thumbnail","6":"pwb-brand-tplink","7":"product_cat-conectividad-y-redes","8":"product_cat-placa-de-red","10":"first","11":"instock","12":"shipping-taxable","13":"purchasable","14":"product-type-simple"},"brands":[{"id":102,"name":"Tp-Link","slug":"tplink"}],"_links":{"self":[{"href":"https:\/\/aptecnologia.com.ar\/new\/wp-json\/wp\/v2\/product\/8644","targetHints":{"allow":["GET"]}}],"collection":[{"href":"https:\/\/aptecnologia.com.ar\/new\/wp-json\/wp\/v2\/product"}],"about":[{"href":"https:\/\/aptecnologia.com.ar\/new\/wp-json\/wp\/v2\/types\/product"}],"replies":[{"embeddable":true,"href":"https:\/\/aptecnologia.com.ar\/new\/wp-json\/wp\/v2\/comments?post=8644"}],"version-history":[{"count":0,"href":"https:\/\/aptecnologia.com.ar\/new\/wp-json\/wp\/v2\/product\/8644\/revisions"}],"wp:featuredmedia":[{"embeddable":true,"href":"https:\/\/aptecnologia.com.ar\/new\/wp-json\/wp\/v2\/media\/8642"}],"wp:attachment":[{"href":"https:\/\/aptecnologia.com.ar\/new\/wp-json\/wp\/v2\/media?parent=8644"}],"wp:term":[{"taxonomy":"pwb-brand","embeddable":true,"href":"https:\/\/aptecnologia.com.ar\/new\/wp-json\/wp\/v2\/pwb-brand?post=8644"},{"taxonomy":"product_cat","embeddable":true,"href":"https:\/\/aptecnologia.com.ar\/new\/wp-json\/wp\/v2\/product_cat?post=8644"},{"taxonomy":"product_tag","embeddable":true,"href":"https:\/\/aptecnologia.com.ar\/new\/wp-json\/wp\/v2\/product_tag?post=8644"}],"curies":[{"name":"wp","href":"https:\/\/api.w.org\/{rel}","templated":true}]}}