{"id":8641,"date":"2021-10-04T10:25:25","date_gmt":"2021-10-04T10:25:25","guid":{"rendered":"https:\/\/aptecnologia.com.ar\/new\/product\/placa-usb-wifi-wn722n-tp-link\/"},"modified":"2024-01-30T13:34:56","modified_gmt":"2024-01-30T16:34:56","slug":"placa-usb-wifi-wn722n-tp-link","status":"publish","type":"product","link":"https:\/\/aptecnologia.com.ar\/new\/productos\/placa-usb-wifi-wn722n-tp-link\/","title":{"rendered":"Placa USB Wifi WN722N &#8211; TP-LINK"},"content":{"rendered":"<p class=\"MsoListParagraphCxSpFirst\" style=\"text-indent: -18pt;\"><!-- [if !supportLists]--><span lang=\"es\" style=\"font-family: Symbol;\" xml:lang=\"es\">\u00b7<span style=\"font: 7pt 'Times New Roman';\">\u00a0\u00a0\u00a0\u00a0\u00a0\u00a0\u00a0 <\/span><\/span><!--[endif]--><span lang=\"es\" xml:lang=\"es\">Interfaz USB 2.0<\/span><\/p>\n<p class=\"MsoListParagraphCxSpMiddle\" style=\"text-indent: -18pt;\"><!-- [if !supportLists]--><span lang=\"es\" style=\"font-family: Symbol;\" xml:lang=\"es\">\u00b7<span style=\"font: 7pt 'Times New Roman';\">\u00a0\u00a0\u00a0\u00a0\u00a0\u00a0\u00a0 <\/span><\/span><!--[endif]--><span lang=\"es\" xml:lang=\"es\">Botones: Bot\u00f3n de Configuraci\u00f3n Wi-Fi Protegida (WPS)<\/span><\/p>\n<p class=\"MsoListParagraphCxSpMiddle\" style=\"text-indent: -18pt;\"><!-- [if !supportLists]--><span lang=\"es\" style=\"font-family: Symbol;\" xml:lang=\"es\">\u00b7<span style=\"font: 7pt 'Times New Roman';\">\u00a0\u00a0\u00a0\u00a0\u00a0\u00a0\u00a0 <\/span><\/span><!--[endif]--><span lang=\"es\" xml:lang=\"es\">Dimensiones: 1.54 x 0.72 x 0.31 in. (39 x 18.35 x 7.87mm)<\/span><\/p>\n<p class=\"MsoListParagraphCxSpMiddle\" style=\"text-indent: -18pt;\"><!-- [if !supportLists]--><span lang=\"es\" style=\"font-family: Symbol;\" xml:lang=\"es\">\u00b7<span style=\"font: 7pt 'Times New Roman';\">\u00a0\u00a0\u00a0\u00a0\u00a0\u00a0\u00a0 <\/span><\/span><!--[endif]--><span lang=\"es\" xml:lang=\"es\">Tipo de Antena\u00a0 Interna<\/span><\/p>\n<p class=\"MsoListParagraphCxSpMiddle\" style=\"text-indent: -18pt;\"><!-- [if !supportLists]--><span lang=\"es\" style=\"font-family: Symbol;\" xml:lang=\"es\">\u00b7<span style=\"font: 7pt 'Times New Roman';\">\u00a0\u00a0\u00a0\u00a0\u00a0\u00a0\u00a0 <\/span><\/span><!--[endif]--><span lang=\"es\" xml:lang=\"es\">Est\u00e1ndares Inal\u00e1mbricos: IEEE 802.11b, IEEE 802.11g, IEEE 802.11n<\/span><\/p>\n<p class=\"MsoListParagraphCxSpMiddle\" style=\"text-indent: -18pt;\"><!-- [if !supportLists]--><span lang=\"es\" style=\"font-family: Symbol;\" xml:lang=\"es\">\u00b7<span style=\"font: 7pt 'Times New Roman';\">\u00a0\u00a0\u00a0\u00a0\u00a0\u00a0\u00a0 <\/span><\/span><!--[endif]--><span lang=\"es\" xml:lang=\"es\">Frecuencia: 2.400~2.4835GHz<\/span><\/p>\n<p class=\"MsoListParagraphCxSpMiddle\" style=\"text-indent: -18pt;\"><!-- [if !supportLists]--><span lang=\"es\" style=\"font-family: Symbol;\" xml:lang=\"es\">\u00b7<span style=\"font: 7pt 'Times New Roman';\">\u00a0\u00a0\u00a0\u00a0\u00a0\u00a0\u00a0 <\/span><\/span><!--[endif]--><span lang=\"es\" xml:lang=\"es\">Tasa de Se\u00f1al: 11b: Hasta 11Mbps (din\u00e1mica)<\/span><\/p>\n<p class=\"MsoListParagraphCxSpMiddle\" style=\"text-indent: -18pt;\"><!-- [if !supportLists]--><span style=\"font-family: Symbol;\">\u00b7<span style=\"font: 7pt 'Times New Roman';\">\u00a0\u00a0\u00a0\u00a0\u00a0\u00a0\u00a0 <\/span><\/span><!--[endif]-->11g: Hasta 54Mbps (din\u00e1mica)<\/p>\n<p class=\"MsoListParagraphCxSpLast\" style=\"text-indent: -18pt;\"><!-- [if !supportLists]--><span style=\"font-family: Symbol;\">\u00b7<span style=\"font: 7pt 'Times New Roman';\">\u00a0\u00a0\u00a0\u00a0\u00a0\u00a0\u00a0 <\/span><\/span><!--[endif]-->11n: Hasta 300Mbps (din\u00e1mica)<\/p>\n","protected":false},"excerpt":{"rendered":"<p class=\"MsoNormal\"><span lang=\"es\" xml:lang=\"es\">Te permitir\u00e1 conectar una computadora de escritorio o port\u00e1til a una red inal\u00e1mbrica y acceder a una conexi\u00f3n a Internet de alta velocidad.<\/span><\/p>\n","protected":false},"featured_media":8638,"comment_status":"open","ping_status":"closed","template":"","meta":[],"pwb-brand":[102],"product_cat":[70,88],"product_tag":[],"class_list":{"0":"post-8641","1":"product","2":"type-product","3":"status-publish","4":"has-post-thumbnail","6":"pwb-brand-tplink","7":"product_cat-conectividad-y-redes","8":"product_cat-placa-de-red","10":"first","11":"instock","12":"shipping-taxable","13":"purchasable","14":"product-type-simple"},"brands":[{"id":102,"name":"Tp-Link","slug":"tplink"}],"_links":{"self":[{"href":"https:\/\/aptecnologia.com.ar\/new\/wp-json\/wp\/v2\/product\/8641","targetHints":{"allow":["GET"]}}],"collection":[{"href":"https:\/\/aptecnologia.com.ar\/new\/wp-json\/wp\/v2\/product"}],"about":[{"href":"https:\/\/aptecnologia.com.ar\/new\/wp-json\/wp\/v2\/types\/product"}],"replies":[{"embeddable":true,"href":"https:\/\/aptecnologia.com.ar\/new\/wp-json\/wp\/v2\/comments?post=8641"}],"version-history":[{"count":1,"href":"https:\/\/aptecnologia.com.ar\/new\/wp-json\/wp\/v2\/product\/8641\/revisions"}],"predecessor-version":[{"id":15313,"href":"https:\/\/aptecnologia.com.ar\/new\/wp-json\/wp\/v2\/product\/8641\/revisions\/15313"}],"wp:featuredmedia":[{"embeddable":true,"href":"https:\/\/aptecnologia.com.ar\/new\/wp-json\/wp\/v2\/media\/8638"}],"wp:attachment":[{"href":"https:\/\/aptecnologia.com.ar\/new\/wp-json\/wp\/v2\/media?parent=8641"}],"wp:term":[{"taxonomy":"pwb-brand","embeddable":true,"href":"https:\/\/aptecnologia.com.ar\/new\/wp-json\/wp\/v2\/pwb-brand?post=8641"},{"taxonomy":"product_cat","embeddable":true,"href":"https:\/\/aptecnologia.com.ar\/new\/wp-json\/wp\/v2\/product_cat?post=8641"},{"taxonomy":"product_tag","embeddable":true,"href":"https:\/\/aptecnologia.com.ar\/new\/wp-json\/wp\/v2\/product_tag?post=8641"}],"curies":[{"name":"wp","href":"https:\/\/api.w.org\/{rel}","templated":true}]}}