{"id":8637,"date":"2021-10-04T10:09:21","date_gmt":"2021-10-04T10:09:21","guid":{"rendered":"https:\/\/aptecnologia.com.ar\/new\/product\/placa-de-red-pci-e-tg-3468-101001000-tp-link\/"},"modified":"2022-03-08T15:46:06","modified_gmt":"2022-03-08T15:46:06","slug":"placa-de-red-pci-e-tg-3468-101001000-tp-link","status":"publish","type":"product","link":"https:\/\/aptecnologia.com.ar\/new\/productos\/placa-de-red-pci-e-tg-3468-101001000-tp-link\/","title":{"rendered":"Placa de Red PCI-E TG-3468 10\/100\/1000 &#8211; TP-LINK"},"content":{"rendered":"<p class=\"MsoListParagraphCxSpFirst\" style=\"text-indent: -18pt;\"><!-- [if !supportLists]--><span lang=\"es\" style=\"font-family: Symbol;\" xml:lang=\"es\">\u00b7<span style=\"font: 7pt 'Times New Roman';\">\u00a0\u00a0\u00a0\u00a0\u00a0\u00a0\u00a0 <\/span><\/span><!--[endif]--><span lang=\"es\" xml:lang=\"es\">Est\u00e1ndares y Protocolos IEEE 802.3, 802.3u, 802.3ab, 802.3x, 802.1q, 802.1p, CSMA\/CD, TCP\/IP<\/span><\/p>\n<p class=\"MsoListParagraphCxSpMiddle\" style=\"text-indent: -18pt;\"><!-- [if !supportLists]--><span style=\"font-family: Symbol;\">\u00b7<span style=\"font: 7pt 'Times New Roman';\">\u00a0\u00a0\u00a0\u00a0\u00a0\u00a0\u00a0 <\/span><\/span><!--[endif]-->Interface: 32-bit PCI Express<\/p>\n<p class=\"MsoListParagraphCxSpMiddle\" style=\"text-indent: -18pt;\"><!-- [if !supportLists]--><span style=\"font-family: Symbol;\">\u00b7<span style=\"font: 7pt 'Times New Roman';\">\u00a0\u00a0\u00a0\u00a0\u00a0\u00a0\u00a0 <\/span><\/span><!--[endif]-->1 10\/100\/1000Mbps RJ45 port<\/p>\n<p class=\"MsoListParagraphCxSpMiddle\" style=\"text-indent: -18pt;\"><!-- [if !supportLists]--><span lang=\"es\" style=\"font-family: Symbol;\" xml:lang=\"es\">\u00b7<span style=\"font: 7pt 'Times New Roman';\">\u00a0\u00a0\u00a0\u00a0\u00a0\u00a0\u00a0 <\/span><\/span><!--[endif]--><span lang=\"es\" xml:lang=\"es\">Medios de red: 10BASE-T: UTP category 3, 4, 5 cable (maximum 100m)<\/span><\/p>\n<p class=\"MsoListParagraphCxSpMiddle\" style=\"text-indent: -18pt;\"><!-- [if !supportLists]--><span style=\"font-family: Symbol;\">\u00b7<span style=\"font: 7pt 'Times New Roman';\">\u00a0\u00a0\u00a0\u00a0\u00a0\u00a0\u00a0 <\/span><\/span><!--[endif]-->EIA\/TIA-568 100<span lang=\"es\" xml:lang=\"es\">\u03a9<\/span> STP (maximum 100m)<\/p>\n<p class=\"MsoListParagraphCxSpMiddle\" style=\"text-indent: -18pt;\"><!-- [if !supportLists]--><span style=\"font-family: Symbol;\">\u00b7<span style=\"font: 7pt 'Times New Roman';\">\u00a0\u00a0\u00a0\u00a0\u00a0\u00a0\u00a0 <\/span><\/span><!--[endif]-->100BASE-TX: UTP category 5, 5e cable (maximum 100m)<\/p>\n<p class=\"MsoListParagraphCxSpMiddle\" style=\"text-indent: -18pt;\"><!-- [if !supportLists]--><span style=\"font-family: Symbol;\">\u00b7<span style=\"font: 7pt 'Times New Roman';\">\u00a0\u00a0\u00a0\u00a0\u00a0\u00a0\u00a0 <\/span><\/span><!--[endif]-->EIA\/TIA-568 100<span lang=\"es\" xml:lang=\"es\">\u03a9<\/span> STP (maximum 100m)<\/p>\n<p class=\"MsoListParagraphCxSpMiddle\" style=\"text-indent: -18pt;\"><!-- [if !supportLists]--><span style=\"font-family: Symbol;\">\u00b7<span style=\"font: 7pt 'Times New Roman';\">\u00a0\u00a0\u00a0\u00a0\u00a0\u00a0\u00a0 <\/span><\/span><!--[endif]-->1000Base-T: UTP category 5, 5e cable (maximum 100m)<\/p>\n<p class=\"MsoListParagraphCxSpMiddle\" style=\"text-indent: -18pt;\"><!-- [if !supportLists]--><span lang=\"es\" style=\"font-family: Symbol;\" xml:lang=\"es\">\u00b7<span style=\"font: 7pt 'Times New Roman';\">\u00a0\u00a0\u00a0\u00a0\u00a0\u00a0\u00a0 <\/span><\/span><!--[endif]--><span lang=\"es\" xml:lang=\"es\">LED: Status<\/span><\/p>\n<p class=\"MsoListParagraphCxSpMiddle\" style=\"text-indent: -18pt;\"><!-- [if !supportLists]--><span lang=\"es\" style=\"font-family: Symbol;\" xml:lang=\"es\">\u00b7<span style=\"font: 7pt 'Times New Roman';\">\u00a0\u00a0\u00a0\u00a0\u00a0\u00a0\u00a0 <\/span><\/span><!--[endif]--><span lang=\"es\" xml:lang=\"es\">Est\u00e1ndares inal\u00e1mbricos: IEEE802.3, IEEE802.3u, IEEE802.3ab, IEEE802.3x<\/span><\/p>\n<p class=\"MsoListParagraphCxSpMiddle\" style=\"text-indent: -18pt;\"><!-- [if !supportLists]--><span lang=\"es\" style=\"font-family: Symbol;\" xml:lang=\"es\">\u00b7<span style=\"font: 7pt 'Times New Roman';\">\u00a0\u00a0\u00a0\u00a0\u00a0\u00a0\u00a0 <\/span><\/span><!--[endif]--><span lang=\"es\" xml:lang=\"es\">Tasas de transferencia de datos 10\/100\/1000Mbps for Half-Duplex mode<\/span><\/p>\n<p class=\"MsoListParagraphCxSpMiddle\" style=\"text-indent: -18pt;\"><!-- [if !supportLists]--><span style=\"font-family: Symbol;\">\u00b7<span style=\"font: 7pt 'Times New Roman';\">\u00a0\u00a0\u00a0\u00a0\u00a0\u00a0\u00a0 <\/span><\/span><!--[endif]-->20\/200\/2000Mbps for Full-Duplex mode<\/p>\n<p class=\"MsoListParagraphCxSpMiddle\" style=\"text-indent: -18pt;\"><!-- [if !supportLists]--><span style=\"font-family: Symbol;\">\u00b7<span style=\"font: 7pt 'Times New Roman';\">\u00a0\u00a0\u00a0\u00a0\u00a0\u00a0\u00a0 <\/span><\/span><!--[endif]-->Indicador LED: 1000Mbps Link\/Act, 100Mbps Link\/Act, 10Mbps Link\/Act<\/p>\n<p class=\"MsoListParagraphCxSpMiddle\" style=\"text-indent: -18pt;\"><!-- [if !supportLists]--><span style=\"font-family: Symbol;\">\u00b7<span style=\"font: 7pt 'Times New Roman';\">\u00a0\u00a0\u00a0\u00a0\u00a0\u00a0\u00a0 <\/span><\/span><!--[endif]-->Dimensiones: 3.1 \u00d7 4.8 \u00d7 0.8 in (78.5 \u00d7 120.8 \u00d7 21.5mm)<\/p>\n<p class=\"MsoListParagraphCxSpLast\" style=\"text-indent: -18pt;\"><!-- [if !supportLists]--><span style=\"font-family: Symbol;\">\u00b7<span style=\"font: 7pt 'Times New Roman';\">\u00a0\u00a0\u00a0\u00a0\u00a0\u00a0\u00a0 <\/span><\/span><!--[endif]-->Control de Flujo IEEE 802.3x Flow Control (Full-Duplex)<\/p>\n","protected":false},"excerpt":{"rendered":"<p class=\"MsoNormal\"><span lang=\"es\" xml:lang=\"es\">Este adaptador ethernet de alto rendimiento altamente integrado y rentable, est\u00e1 dise\u00f1ado para brindarte alta velocidad PCI Express.<\/span><\/p>\n","protected":false},"featured_media":8635,"comment_status":"open","ping_status":"closed","template":"","meta":[],"pwb-brand":[102],"product_cat":[70,88],"product_tag":[],"class_list":{"0":"post-8637","1":"product","2":"type-product","3":"status-publish","4":"has-post-thumbnail","6":"pwb-brand-tplink","7":"product_cat-conectividad-y-redes","8":"product_cat-placa-de-red","10":"first","11":"instock","12":"shipping-taxable","13":"purchasable","14":"product-type-simple"},"brands":[{"id":102,"name":"Tp-Link","slug":"tplink"}],"_links":{"self":[{"href":"https:\/\/aptecnologia.com.ar\/new\/wp-json\/wp\/v2\/product\/8637","targetHints":{"allow":["GET"]}}],"collection":[{"href":"https:\/\/aptecnologia.com.ar\/new\/wp-json\/wp\/v2\/product"}],"about":[{"href":"https:\/\/aptecnologia.com.ar\/new\/wp-json\/wp\/v2\/types\/product"}],"replies":[{"embeddable":true,"href":"https:\/\/aptecnologia.com.ar\/new\/wp-json\/wp\/v2\/comments?post=8637"}],"version-history":[{"count":0,"href":"https:\/\/aptecnologia.com.ar\/new\/wp-json\/wp\/v2\/product\/8637\/revisions"}],"wp:featuredmedia":[{"embeddable":true,"href":"https:\/\/aptecnologia.com.ar\/new\/wp-json\/wp\/v2\/media\/8635"}],"wp:attachment":[{"href":"https:\/\/aptecnologia.com.ar\/new\/wp-json\/wp\/v2\/media?parent=8637"}],"wp:term":[{"taxonomy":"pwb-brand","embeddable":true,"href":"https:\/\/aptecnologia.com.ar\/new\/wp-json\/wp\/v2\/pwb-brand?post=8637"},{"taxonomy":"product_cat","embeddable":true,"href":"https:\/\/aptecnologia.com.ar\/new\/wp-json\/wp\/v2\/product_cat?post=8637"},{"taxonomy":"product_tag","embeddable":true,"href":"https:\/\/aptecnologia.com.ar\/new\/wp-json\/wp\/v2\/product_tag?post=8637"}],"curies":[{"name":"wp","href":"https:\/\/api.w.org\/{rel}","templated":true}]}}