{"id":8634,"date":"2021-10-04T09:24:02","date_gmt":"2021-10-04T09:24:02","guid":{"rendered":"https:\/\/aptecnologia.com.ar\/new\/product\/switch-5p-sf1005d-10100-desktop-tp-link\/"},"modified":"2022-03-08T15:54:47","modified_gmt":"2022-03-08T15:54:47","slug":"switch-5p-sf1005d-10100-desktop-tp-link","status":"publish","type":"product","link":"https:\/\/aptecnologia.com.ar\/new\/productos\/switch-5p-sf1005d-10100-desktop-tp-link\/","title":{"rendered":"Switch 5P SF1005D 10\/100 Desktop &#8211; TP-LINK"},"content":{"rendered":"<p class=\"MsoListParagraphCxSpFirst\" style=\"text-indent: -18pt;\"><!-- [if !supportLists]--><span lang=\"es\" style=\"font-family: Symbol;\" xml:lang=\"es\">\u00b7<span style=\"font: 7pt 'Times New Roman';\">\u00a0\u00a0\u00a0\u00a0\u00a0\u00a0\u00a0 <\/span><\/span><!--[endif]--><span lang=\"es\" xml:lang=\"es\">Interface: Puertos de 5 10\/100Mbps RJ45<\/span><\/p>\n<p class=\"MsoListParagraphCxSpMiddle\" style=\"text-indent: -18pt;\"><!-- [if !supportLists]--><span lang=\"es\" style=\"font-family: Symbol;\" xml:lang=\"es\">\u00b7<span style=\"font: 7pt 'Times New Roman';\">\u00a0\u00a0\u00a0\u00a0\u00a0\u00a0\u00a0 <\/span><\/span><!--[endif]--><span lang=\"es\" xml:lang=\"es\">Negociaci\u00f3n AUTO\/AUTO MDI\/MDIX<\/span><\/p>\n<p class=\"MsoListParagraphCxSpMiddle\" style=\"text-indent: -18pt;\"><!-- [if !supportLists]--><span lang=\"es\" style=\"font-family: Symbol;\" xml:lang=\"es\">\u00b7<span style=\"font: 7pt 'Times New Roman';\">\u00a0\u00a0\u00a0\u00a0\u00a0\u00a0\u00a0 <\/span><\/span><!--[endif]--><span lang=\"es\" xml:lang=\"es\">Cantidad de ventiladores: Sin Ventilador<\/span><\/p>\n<p class=\"MsoListParagraphCxSpMiddle\" style=\"text-indent: -18pt;\"><!-- [if !supportLists]--><span lang=\"es\" style=\"font-family: Symbol;\" xml:lang=\"es\">\u00b7<span style=\"font: 7pt 'Times New Roman';\">\u00a0\u00a0\u00a0\u00a0\u00a0\u00a0\u00a0 <\/span><\/span><!--[endif]--><span lang=\"es\" xml:lang=\"es\">Consumo de Poder: M\u00e1ximo: 2.2W (220V\/50Hz)<\/span><\/p>\n<p class=\"MsoListParagraphCxSpMiddle\" style=\"text-indent: -18pt;\"><!-- [if !supportLists]--><span lang=\"es\" style=\"font-family: Symbol;\" xml:lang=\"es\">\u00b7<span style=\"font: 7pt 'Times New Roman';\">\u00a0\u00a0\u00a0\u00a0\u00a0\u00a0\u00a0 <\/span><\/span><!--[endif]--><span lang=\"es\" xml:lang=\"es\">Fuente de alimentaci\u00f3n externa Adaptador de corriente externo (salida: 5.0VDC \/ 0.6A)<\/span><\/p>\n<p class=\"MsoListParagraphCxSpMiddle\" style=\"text-indent: -18pt;\"><!-- [if !supportLists]--><span lang=\"es\" style=\"font-family: Symbol;\" xml:lang=\"es\">\u00b7<span style=\"font: 7pt 'Times New Roman';\">\u00a0\u00a0\u00a0\u00a0\u00a0\u00a0\u00a0 <\/span><\/span><!--[endif]--><span lang=\"es\" xml:lang=\"es\">Dimensiones: (An x Pr x Al) 4,1 x 2,8 x 0,9 pulg. (103,5 x 70 x 22 mm)<\/span><\/p>\n<p class=\"MsoListParagraphCxSpMiddle\" style=\"text-indent: -18pt;\"><!-- [if !supportLists]--><span lang=\"es\" style=\"font-family: Symbol;\" xml:lang=\"es\">\u00b7<span style=\"font: 7pt 'Times New Roman';\">\u00a0\u00a0\u00a0\u00a0\u00a0\u00a0\u00a0 <\/span><\/span><!--[endif]--><span lang=\"es\" xml:lang=\"es\">Consumo m\u00e1ximo de energ\u00eda: 1.87W(220V\/50Hz)<\/span><\/p>\n<p class=\"MsoListParagraphCxSpLast\" style=\"text-indent: -18pt;\"><!-- [if !supportLists]--><span lang=\"es\" style=\"font-family: Symbol;\" xml:lang=\"es\">\u00b7<span style=\"font: 7pt 'Times New Roman';\">\u00a0\u00a0\u00a0\u00a0\u00a0\u00a0\u00a0 <\/span><\/span><!--[endif]--><span lang=\"es\" xml:lang=\"es\">Disipaci\u00f3n de calor m\u00e1xima: 6.38BTU\/h<\/span><\/p>\n","protected":false},"excerpt":{"rendered":"<p class=\"MsoNormal\"><span lang=\"es\" xml:lang=\"es\">Amplia f\u00e1cilmente tu red de cable ahorrando hasta un 60% de energ\u00eda el\u00e9ctrica. <\/span><\/p>\n","protected":false},"featured_media":8631,"comment_status":"open","ping_status":"closed","template":"","meta":[],"pwb-brand":[102],"product_cat":[87,70],"product_tag":[],"class_list":{"0":"post-8634","1":"product","2":"type-product","3":"status-publish","4":"has-post-thumbnail","6":"pwb-brand-tplink","7":"product_cat-switchs","8":"product_cat-conectividad-y-redes","10":"first","11":"outofstock","12":"shipping-taxable","13":"purchasable","14":"product-type-simple"},"brands":[{"id":102,"name":"Tp-Link","slug":"tplink"}],"_links":{"self":[{"href":"https:\/\/aptecnologia.com.ar\/new\/wp-json\/wp\/v2\/product\/8634","targetHints":{"allow":["GET"]}}],"collection":[{"href":"https:\/\/aptecnologia.com.ar\/new\/wp-json\/wp\/v2\/product"}],"about":[{"href":"https:\/\/aptecnologia.com.ar\/new\/wp-json\/wp\/v2\/types\/product"}],"replies":[{"embeddable":true,"href":"https:\/\/aptecnologia.com.ar\/new\/wp-json\/wp\/v2\/comments?post=8634"}],"version-history":[{"count":0,"href":"https:\/\/aptecnologia.com.ar\/new\/wp-json\/wp\/v2\/product\/8634\/revisions"}],"wp:featuredmedia":[{"embeddable":true,"href":"https:\/\/aptecnologia.com.ar\/new\/wp-json\/wp\/v2\/media\/8631"}],"wp:attachment":[{"href":"https:\/\/aptecnologia.com.ar\/new\/wp-json\/wp\/v2\/media?parent=8634"}],"wp:term":[{"taxonomy":"pwb-brand","embeddable":true,"href":"https:\/\/aptecnologia.com.ar\/new\/wp-json\/wp\/v2\/pwb-brand?post=8634"},{"taxonomy":"product_cat","embeddable":true,"href":"https:\/\/aptecnologia.com.ar\/new\/wp-json\/wp\/v2\/product_cat?post=8634"},{"taxonomy":"product_tag","embeddable":true,"href":"https:\/\/aptecnologia.com.ar\/new\/wp-json\/wp\/v2\/product_tag?post=8634"}],"curies":[{"name":"wp","href":"https:\/\/api.w.org\/{rel}","templated":true}]}}