{"id":8627,"date":"2021-09-29T21:49:33","date_gmt":"2021-09-29T21:49:33","guid":{"rendered":"https:\/\/aptecnologia.com.ar\/new\/product\/router-inalambrico-multimodo-tl-wr844n-tp-link\/"},"modified":"2022-03-08T16:07:51","modified_gmt":"2022-03-08T16:07:51","slug":"router-inalambrico-multimodo-tl-wr844n-tp-link","status":"publish","type":"product","link":"https:\/\/aptecnologia.com.ar\/new\/productos\/router-inalambrico-multimodo-tl-wr844n-tp-link\/","title":{"rendered":"Router Inal\u00e1mbrico Multimodo TL-WR844N &#8211; TP-LINK"},"content":{"rendered":"<p class=\"MsoListParagraphCxSpFirst\" style=\"margin-left: 54pt; text-indent: -36pt;\"><!-- [if !supportLists]-->\u2022<span style=\"font: 7pt 'Times New Roman';\">\u00a0\u00a0\u00a0\u00a0\u00a0\u00a0\u00a0\u00a0\u00a0\u00a0\u00a0\u00a0\u00a0\u00a0\u00a0\u00a0 <\/span><!--[endif]-->Est\u00e1ndar LAN: Fast Ethernet 10\/100Mb\/s<\/p>\n<p class=\"MsoListParagraphCxSpMiddle\" style=\"margin-left: 54pt; text-indent: -36pt;\"><!-- [if !supportLists]--><span lang=\"es\" xml:lang=\"es\">\u2022<span style=\"font: 7pt 'Times New Roman';\">\u00a0\u00a0\u00a0\u00a0\u00a0\u00a0\u00a0\u00a0\u00a0\u00a0\u00a0\u00a0\u00a0\u00a0\u00a0\u00a0 <\/span><\/span><!--[endif]--><span lang=\"es\" xml:lang=\"es\">Est\u00e1ndares inal\u00e1mbricos: IEEE 802.11b, IEEE 802.11g, IEEE 802.11n,<\/span><\/p>\n<p class=\"MsoListParagraphCxSpMiddle\" style=\"margin-left: 54pt; text-indent: -36pt;\"><!-- [if !supportLists]--><span lang=\"es\" xml:lang=\"es\">\u2022<span style=\"font: 7pt 'Times New Roman';\">\u00a0\u00a0\u00a0\u00a0\u00a0\u00a0\u00a0\u00a0\u00a0\u00a0\u00a0\u00a0\u00a0\u00a0\u00a0\u00a0 <\/span><\/span><!--[endif]--><span lang=\"es\" xml:lang=\"es\">Frecuencia de trabajo: 2.4 GHz<\/span><\/p>\n<p class=\"MsoListParagraphCxSpMiddle\" style=\"margin-left: 54pt; text-indent: -36pt;\"><!-- [if !supportLists]--><span lang=\"es\" xml:lang=\"es\">\u2022<span style=\"font: 7pt 'Times New Roman';\">\u00a0\u00a0\u00a0\u00a0\u00a0\u00a0\u00a0\u00a0\u00a0\u00a0\u00a0\u00a0\u00a0\u00a0\u00a0\u00a0 <\/span><\/span><!--[endif]--><span lang=\"es\" xml:lang=\"es\">N\u00famero de puertos LAN: 4x [10\/100M (RJ45)]<\/span><\/p>\n<p class=\"MsoListParagraphCxSpMiddle\" style=\"margin-left: 54pt; text-indent: -36pt;\"><!-- [if !supportLists]--><span lang=\"es\" xml:lang=\"es\">\u2022<span style=\"font: 7pt 'Times New Roman';\">\u00a0\u00a0\u00a0\u00a0\u00a0\u00a0\u00a0\u00a0\u00a0\u00a0\u00a0\u00a0\u00a0\u00a0\u00a0\u00a0 <\/span><\/span><!--[endif]--><span lang=\"es\" xml:lang=\"es\">N\u00famero de puertos WAN: 1x 10\/100BaseTX (RJ45)<\/span><\/p>\n<p class=\"MsoListParagraphCxSpMiddle\" style=\"margin-left: 54pt; text-indent: -36pt;\"><!-- [if !supportLists]--><span lang=\"es\" xml:lang=\"es\">\u2022<span style=\"font: 7pt 'Times New Roman';\">\u00a0\u00a0\u00a0\u00a0\u00a0\u00a0\u00a0\u00a0\u00a0\u00a0\u00a0\u00a0\u00a0\u00a0\u00a0\u00a0 <\/span><\/span><!--[endif]--><span lang=\"es\" xml:lang=\"es\">Velocidad m\u00e1xima de transmisi\u00f3n inal\u00e1mbrica: 300 Mb\/s<\/span><\/p>\n<p class=\"MsoListParagraphCxSpMiddle\" style=\"margin-left: 54pt; text-indent: -36pt;\"><!-- [if !supportLists]--><span lang=\"es\" xml:lang=\"es\">\u2022<span style=\"font: 7pt 'Times New Roman';\">\u00a0\u00a0\u00a0\u00a0\u00a0\u00a0\u00a0\u00a0\u00a0\u00a0\u00a0\u00a0\u00a0\u00a0\u00a0\u00a0 <\/span><\/span><!--[endif]--><span lang=\"es\" xml:lang=\"es\">El tipo de fuente de alimentaci\u00f3n del dispositivo: Fuente de alimentaci\u00f3n<\/span><\/p>\n<p class=\"MsoListParagraphCxSpMiddle\" style=\"margin-left: 54pt; text-indent: -36pt;\"><!-- [if !supportLists]--><span lang=\"es\" xml:lang=\"es\">\u2022<span style=\"font: 7pt 'Times New Roman';\">\u00a0\u00a0\u00a0\u00a0\u00a0\u00a0\u00a0\u00a0\u00a0\u00a0\u00a0\u00a0\u00a0\u00a0\u00a0\u00a0 <\/span><\/span><!--[endif]--><span lang=\"es\" xml:lang=\"es\">Ganancia de antena: Menos de 10dBi<\/span><\/p>\n<p class=\"MsoListParagraphCxSpLast\" style=\"margin-left: 54pt; text-indent: -36pt;\"><!-- [if !supportLists]--><span lang=\"es\" xml:lang=\"es\">\u2022<span style=\"font: 7pt 'Times New Roman';\">\u00a0\u00a0\u00a0\u00a0\u00a0\u00a0\u00a0\u00a0\u00a0\u00a0\u00a0\u00a0\u00a0\u00a0\u00a0\u00a0 <\/span><\/span><!--[endif]--><span lang=\"es\" xml:lang=\"es\">Seguridad WiFi: WPA-PSK\/WPA2-PSK<\/span><\/p>\n","protected":false},"excerpt":{"rendered":"<p class=\"MsoNormal\"><span lang=\"es\" xml:lang=\"es\">Disfruta de la navegaci\u00f3n web, la transmisi\u00f3n HD y la descarga con tu familia. Las velocidades inal\u00e1mbricas de 300 Mbps en la banda de 2,4 GHz satisfacen tus necesidades diarias.<\/span><\/p>\n","protected":false},"featured_media":8625,"comment_status":"open","ping_status":"closed","template":"","meta":[],"pwb-brand":[102],"product_cat":[82,70],"product_tag":[],"class_list":{"0":"post-8627","1":"product","2":"type-product","3":"status-publish","4":"has-post-thumbnail","6":"pwb-brand-tplink","7":"product_cat-routers-y-modems","8":"product_cat-conectividad-y-redes","10":"first","11":"instock","12":"shipping-taxable","13":"purchasable","14":"product-type-simple"},"brands":[{"id":102,"name":"Tp-Link","slug":"tplink"}],"_links":{"self":[{"href":"https:\/\/aptecnologia.com.ar\/new\/wp-json\/wp\/v2\/product\/8627","targetHints":{"allow":["GET"]}}],"collection":[{"href":"https:\/\/aptecnologia.com.ar\/new\/wp-json\/wp\/v2\/product"}],"about":[{"href":"https:\/\/aptecnologia.com.ar\/new\/wp-json\/wp\/v2\/types\/product"}],"replies":[{"embeddable":true,"href":"https:\/\/aptecnologia.com.ar\/new\/wp-json\/wp\/v2\/comments?post=8627"}],"version-history":[{"count":0,"href":"https:\/\/aptecnologia.com.ar\/new\/wp-json\/wp\/v2\/product\/8627\/revisions"}],"wp:featuredmedia":[{"embeddable":true,"href":"https:\/\/aptecnologia.com.ar\/new\/wp-json\/wp\/v2\/media\/8625"}],"wp:attachment":[{"href":"https:\/\/aptecnologia.com.ar\/new\/wp-json\/wp\/v2\/media?parent=8627"}],"wp:term":[{"taxonomy":"pwb-brand","embeddable":true,"href":"https:\/\/aptecnologia.com.ar\/new\/wp-json\/wp\/v2\/pwb-brand?post=8627"},{"taxonomy":"product_cat","embeddable":true,"href":"https:\/\/aptecnologia.com.ar\/new\/wp-json\/wp\/v2\/product_cat?post=8627"},{"taxonomy":"product_tag","embeddable":true,"href":"https:\/\/aptecnologia.com.ar\/new\/wp-json\/wp\/v2\/product_tag?post=8627"}],"curies":[{"name":"wp","href":"https:\/\/api.w.org\/{rel}","templated":true}]}}