{"id":8624,"date":"2021-09-29T21:39:26","date_gmt":"2021-09-29T21:39:26","guid":{"rendered":"https:\/\/aptecnologia.com.ar\/new\/product\/modemrouter-wireless-w8961n-tp-link\/"},"modified":"2022-05-31T20:22:09","modified_gmt":"2022-05-31T20:22:09","slug":"modemrouter-wireless-w8961n-tp-link","status":"publish","type":"product","link":"https:\/\/aptecnologia.com.ar\/new\/productos\/modemrouter-wireless-w8961n-tp-link\/","title":{"rendered":"Modem\/Router Wireless W8961N &#8211; TP-LINK"},"content":{"rendered":"<p class=\"MsoListParagraphCxSpFirst\" style=\"margin-left: 54pt; text-indent: -36pt;\"><!-- [if !supportLists]--><span lang=\"es\" xml:lang=\"es\">\u2022<span style=\"font: 7pt 'Times New Roman';\">\u00a0\u00a0\u00a0\u00a0\u00a0\u00a0\u00a0\u00a0\u00a0\u00a0\u00a0\u00a0\u00a0\u00a0\u00a0\u00a0 <\/span><\/span><!--[endif]--><span lang=\"es\" xml:lang=\"es\">Interface: 4 Puertos RJ45 10\/100Mbps 1 Puerto RJ11<\/span><\/p>\n<p class=\"MsoListParagraphCxSpMiddle\" style=\"margin-left: 54pt; text-indent: -36pt;\"><!-- [if !supportLists]--><span lang=\"es\" xml:lang=\"es\">\u2022<span style=\"font: 7pt 'Times New Roman';\">\u00a0\u00a0\u00a0\u00a0\u00a0\u00a0\u00a0\u00a0\u00a0\u00a0\u00a0\u00a0\u00a0\u00a0\u00a0\u00a0 <\/span><\/span><!--[endif]--><span lang=\"es\" xml:lang=\"es\">Bot\u00f3n: 1 Bot\u00f3n de encendido \/ apagado 1 Bot\u00f3n WPS 1 Wi-Fi de encendido \/ apagado<\/span><\/p>\n<p class=\"MsoListParagraphCxSpMiddle\" style=\"margin-left: 54pt; text-indent: -36pt;\"><!-- [if !supportLists]--><span lang=\"es\" xml:lang=\"es\">\u2022<span style=\"font: 7pt 'Times New Roman';\">\u00a0\u00a0\u00a0\u00a0\u00a0\u00a0\u00a0\u00a0\u00a0\u00a0\u00a0\u00a0\u00a0\u00a0\u00a0\u00a0 <\/span><\/span><!--[endif]--><span lang=\"es\" xml:lang=\"es\">Fuente de alimentaci\u00f3n externa: 9VDC\/0.85A<\/span><\/p>\n<p class=\"MsoListParagraphCxSpLast\" style=\"margin-left: 54pt; text-indent: -36pt;\"><!-- [if !supportLists]--><span lang=\"es\" xml:lang=\"es\">\u2022<span style=\"font: 7pt 'Times New Roman';\">\u00a0\u00a0\u00a0\u00a0\u00a0\u00a0\u00a0\u00a0\u00a0\u00a0\u00a0\u00a0\u00a0\u00a0\u00a0\u00a0 <\/span><\/span><!--[endif]--><span lang=\"es\" xml:lang=\"es\">Est\u00e1ndar IEEE: IEEE 802.3, 802.3u<\/span><\/p>\n","protected":false},"excerpt":{"rendered":"<p class=\"MsoNormal\"><span lang=\"es\" xml:lang=\"es\">Incre\u00edblemente robusto todo-en-uno que proporciona una tasa completa de ADSL2 + est\u00e1ndar con la excelente confiabilidad y una soluci\u00f3n rentable para el hogar y la peque\u00f1a empresa.<\/span><\/p>\n","protected":false},"featured_media":8622,"comment_status":"open","ping_status":"closed","template":"","meta":[],"pwb-brand":[102],"product_cat":[82,70],"product_tag":[207],"class_list":{"0":"post-8624","1":"product","2":"type-product","3":"status-publish","4":"has-post-thumbnail","6":"pwb-brand-tplink","7":"product_cat-routers-y-modems","8":"product_cat-conectividad-y-redes","9":"product_tag-hotsale","11":"first","12":"instock","13":"shipping-taxable","14":"purchasable","15":"product-type-simple"},"brands":[{"id":102,"name":"Tp-Link","slug":"tplink"}],"_links":{"self":[{"href":"https:\/\/aptecnologia.com.ar\/new\/wp-json\/wp\/v2\/product\/8624","targetHints":{"allow":["GET"]}}],"collection":[{"href":"https:\/\/aptecnologia.com.ar\/new\/wp-json\/wp\/v2\/product"}],"about":[{"href":"https:\/\/aptecnologia.com.ar\/new\/wp-json\/wp\/v2\/types\/product"}],"replies":[{"embeddable":true,"href":"https:\/\/aptecnologia.com.ar\/new\/wp-json\/wp\/v2\/comments?post=8624"}],"version-history":[{"count":0,"href":"https:\/\/aptecnologia.com.ar\/new\/wp-json\/wp\/v2\/product\/8624\/revisions"}],"wp:featuredmedia":[{"embeddable":true,"href":"https:\/\/aptecnologia.com.ar\/new\/wp-json\/wp\/v2\/media\/8622"}],"wp:attachment":[{"href":"https:\/\/aptecnologia.com.ar\/new\/wp-json\/wp\/v2\/media?parent=8624"}],"wp:term":[{"taxonomy":"pwb-brand","embeddable":true,"href":"https:\/\/aptecnologia.com.ar\/new\/wp-json\/wp\/v2\/pwb-brand?post=8624"},{"taxonomy":"product_cat","embeddable":true,"href":"https:\/\/aptecnologia.com.ar\/new\/wp-json\/wp\/v2\/product_cat?post=8624"},{"taxonomy":"product_tag","embeddable":true,"href":"https:\/\/aptecnologia.com.ar\/new\/wp-json\/wp\/v2\/product_tag?post=8624"}],"curies":[{"name":"wp","href":"https:\/\/api.w.org\/{rel}","templated":true}]}}