{"id":8561,"date":"2021-09-14T15:29:34","date_gmt":"2021-09-14T15:29:34","guid":{"rendered":"https:\/\/aptecnologia.com.ar\/new\/product\/ionizador-solar-luxon\/"},"modified":"2022-03-22T12:29:02","modified_gmt":"2022-03-22T12:29:02","slug":"ionizador-solar-luxon","status":"publish","type":"product","link":"https:\/\/aptecnologia.com.ar\/new\/productos\/ionizador-solar-luxon\/","title":{"rendered":"Ionizador Solar &#8211; LUXOM"},"content":{"rendered":"<p class=\"MsoNormal\"><span lang=\"es\" xml:lang=\"es\">\u2022\u00a0\u00a0\u00a0\u00a0\u00a0\u00a0\u00a0\u00a0\u00a0\u00a0\u00a0\u00a0 Boya Flotante en la piscina que posee un Panel Fotovoltaico en contacto con un \u00e1nodo de Cobre<\/span><\/p>\n<p class=\"MsoNormal\"><span lang=\"es\" xml:lang=\"es\">\u2022\u00a0\u00a0\u00a0\u00a0\u00a0\u00a0\u00a0\u00a0\u00a0\u00a0\u00a0\u00a0 El \u00e1nodo desprender\u00e1 Iones de Cobre, que entraran en contacto con bacterias y algas, anulando su proliferaci\u00f3n.<\/span><\/p>\n<p class=\"MsoNormal\"><span lang=\"es\" xml:lang=\"es\">\u2022\u00a0\u00a0\u00a0\u00a0\u00a0\u00a0\u00a0\u00a0\u00a0\u00a0\u00a0\u00a0 Puede funcionar durante el per\u00edodo de uso de la piscina, no requiere permanencia.<\/span><\/p>\n<p class=\"MsoNormal\"><span lang=\"es\" xml:lang=\"es\">\u2022\u00a0\u00a0\u00a0\u00a0\u00a0\u00a0\u00a0\u00a0\u00a0\u00a0\u00a0\u00a0 Capacidad de Ionizaci\u00f3n de 130.000 Litros de agua considerando 8Hs de Luz solar\/uso diario<\/span><\/p>\n<p class=\"MsoNormal\"><span lang=\"es\" xml:lang=\"es\">\u2022\u00a0\u00a0\u00a0\u00a0\u00a0\u00a0\u00a0\u00a0\u00a0\u00a0\u00a0\u00a0 Panel de 2W que vienen sellados (no atornillados) en la zona pl\u00e1stica flotante<\/span><\/p>\n<p class=\"MsoNormal\"><span lang=\"es\" xml:lang=\"es\">\u2022\u00a0\u00a0\u00a0\u00a0\u00a0\u00a0\u00a0\u00a0\u00a0\u00a0\u00a0\u00a0 La barra de ionizaci\u00f3n es de cobre puro y de 8cm de Largo, lo que brinda una duraci\u00f3n promedio de 1 a\u00f1o<\/span><\/p>\n<p class=\"MsoNormal\"><span lang=\"es\" xml:lang=\"es\">\u2022\u00a0\u00a0\u00a0\u00a0\u00a0\u00a0\u00a0\u00a0\u00a0\u00a0\u00a0\u00a0 Incluye Filtro, Cepillo y juego de tiras de medici\u00f3n de PPM<\/span><\/p>\n","protected":false},"excerpt":{"rendered":"<p class=\"MsoNormal\"><span lang=\"es\" xml:lang=\"es\">Pensado para reemplazar el uso de cloro y producto en general en las piscinas dom\u00e9sticas.\u00a0 No necesitas corriente o soporte el\u00e9ctrico de ning\u00fan tipo.<\/span><\/p>\n","protected":false},"featured_media":8559,"comment_status":"open","ping_status":"closed","template":"","meta":[],"pwb-brand":[134],"product_cat":[76,71],"product_tag":[],"class_list":{"0":"post-8561","1":"product","2":"type-product","3":"status-publish","4":"has-post-thumbnail","6":"pwb-brand-luxom","7":"product_cat-jardin-y-aire-libre","8":"product_cat-hogar","10":"first","11":"instock","12":"shipping-taxable","13":"purchasable","14":"product-type-simple"},"brands":[{"id":134,"name":"Luxom","slug":"luxom"}],"_links":{"self":[{"href":"https:\/\/aptecnologia.com.ar\/new\/wp-json\/wp\/v2\/product\/8561","targetHints":{"allow":["GET"]}}],"collection":[{"href":"https:\/\/aptecnologia.com.ar\/new\/wp-json\/wp\/v2\/product"}],"about":[{"href":"https:\/\/aptecnologia.com.ar\/new\/wp-json\/wp\/v2\/types\/product"}],"replies":[{"embeddable":true,"href":"https:\/\/aptecnologia.com.ar\/new\/wp-json\/wp\/v2\/comments?post=8561"}],"version-history":[{"count":0,"href":"https:\/\/aptecnologia.com.ar\/new\/wp-json\/wp\/v2\/product\/8561\/revisions"}],"wp:featuredmedia":[{"embeddable":true,"href":"https:\/\/aptecnologia.com.ar\/new\/wp-json\/wp\/v2\/media\/8559"}],"wp:attachment":[{"href":"https:\/\/aptecnologia.com.ar\/new\/wp-json\/wp\/v2\/media?parent=8561"}],"wp:term":[{"taxonomy":"pwb-brand","embeddable":true,"href":"https:\/\/aptecnologia.com.ar\/new\/wp-json\/wp\/v2\/pwb-brand?post=8561"},{"taxonomy":"product_cat","embeddable":true,"href":"https:\/\/aptecnologia.com.ar\/new\/wp-json\/wp\/v2\/product_cat?post=8561"},{"taxonomy":"product_tag","embeddable":true,"href":"https:\/\/aptecnologia.com.ar\/new\/wp-json\/wp\/v2\/product_tag?post=8561"}],"curies":[{"name":"wp","href":"https:\/\/api.w.org\/{rel}","templated":true}]}}