{"id":8558,"date":"2021-09-09T11:48:10","date_gmt":"2021-09-09T11:48:10","guid":{"rendered":"https:\/\/aptecnologia.com.ar\/new\/product\/mother-am4-b450m-pro-m2-max-msi\/"},"modified":"2022-09-30T19:57:47","modified_gmt":"2022-09-30T19:57:47","slug":"mother-am4-b450m-pro-m2-max-msi","status":"publish","type":"product","link":"https:\/\/aptecnologia.com.ar\/new\/productos\/mother-am4-b450m-pro-m2-max-msi\/","title":{"rendered":"Mother AM4 B450M PRO-M2 MAX &#8211; MSI"},"content":{"rendered":"<p class=\"MsoListParagraphCxSpFirst\" style=\"margin-left: 89.25pt; text-indent: -35.25pt;\"><!-- [if !supportLists]--><span lang=\"es\" xml:lang=\"es\">\u2022<span style=\"font: 7pt 'Times New Roman';\">\u00a0\u00a0\u00a0\u00a0\u00a0\u00a0\u00a0\u00a0\u00a0\u00a0\u00a0\u00a0\u00a0\u00a0\u00a0\u00a0\u00a0\u00a0\u00a0 <\/span><\/span><!--[endif]--><span lang=\"es\" xml:lang=\"es\">Modelo: B450M PRO-M2 MAX.<\/span><\/p>\n<p class=\"MsoListParagraphCxSpMiddle\" style=\"margin-left: 89.25pt; text-indent: -35.25pt;\"><!-- [if !supportLists]--><span lang=\"es\" xml:lang=\"es\">\u2022<span style=\"font: 7pt 'Times New Roman';\">\u00a0\u00a0\u00a0\u00a0\u00a0\u00a0\u00a0\u00a0\u00a0\u00a0\u00a0\u00a0\u00a0\u00a0\u00a0\u00a0\u00a0\u00a0\u00a0 <\/span><\/span><!--[endif]--><span lang=\"es\" xml:lang=\"es\">Socket AMD AM4 para procesador AMD Ryzen (Pinnacle Ridge, Raven Ridge &amp; Summit Ridge)\u00a0\u00a0\u00a0\u00a0\u00a0\u00a0\u00a0\u00a0\u00a0\u00a0\u00a0\u00a0\u00a0\u00a0\u00a0\u00a0\u00a0\u00a0\u00a0\u00a0\u00a0\u00a0\u00a0\u00a0\u00a0\u00a0\u00a0\u00a0\u00a0\u00a0\u00a0\u00a0\u00a0\u00a0\u00a0\u00a0\u00a0\u00a0 <\/span><\/p>\n<p class=\"MsoListParagraphCxSpMiddle\" style=\"margin-left: 89.25pt; text-indent: -35.25pt;\"><!-- [if !supportLists]--><span lang=\"es\" xml:lang=\"es\">\u2022<span style=\"font: 7pt 'Times New Roman';\">\u00a0\u00a0\u00a0\u00a0\u00a0\u00a0\u00a0\u00a0\u00a0\u00a0\u00a0\u00a0\u00a0\u00a0\u00a0\u00a0\u00a0\u00a0\u00a0 <\/span><\/span><!--[endif]--><span lang=\"es\" xml:lang=\"es\">2 ranuras de memoria DDR4 3466 + MHz (OC) Dual-Channel (capacidad total: 32 GB)<\/span><\/p>\n<p class=\"MsoListParagraphCxSpMiddle\" style=\"margin-left: 89.25pt; text-indent: -35.25pt;\"><!-- [if !supportLists]--><span lang=\"es\" xml:lang=\"es\">\u2022<span style=\"font: 7pt 'Times New Roman';\">\u00a0\u00a0\u00a0\u00a0\u00a0\u00a0\u00a0\u00a0\u00a0\u00a0\u00a0\u00a0\u00a0\u00a0\u00a0\u00a0\u00a0\u00a0\u00a0 <\/span><\/span><!--[endif]--><span lang=\"es\" xml:lang=\"es\">4 puertos SATA 6 Gbit\/s + 1x M.2 PCIe NVMe 4x \/ SATA 6 Gbit\/s<\/span><\/p>\n<p class=\"MsoListParagraphCxSpMiddle\" style=\"margin-left: 89.25pt; text-indent: -35.25pt;\"><!-- [if !supportLists]--><span lang=\"es\" xml:lang=\"es\">\u2022<span style=\"font: 7pt 'Times New Roman';\">\u00a0\u00a0\u00a0\u00a0\u00a0\u00a0\u00a0\u00a0\u00a0\u00a0\u00a0\u00a0\u00a0\u00a0\u00a0\u00a0\u00a0\u00a0\u00a0 <\/span><\/span><!--[endif]--><span lang=\"es\" xml:lang=\"es\">1 puerto PCI-Express 3.0 16x Steel Armor<\/span><\/p>\n<p class=\"MsoListParagraphCxSpMiddle\" style=\"margin-left: 89.25pt; text-indent: -35.25pt;\"><!-- [if !supportLists]--><span lang=\"es\" xml:lang=\"es\">\u2022<span style=\"font: 7pt 'Times New Roman';\">\u00a0\u00a0\u00a0\u00a0\u00a0\u00a0\u00a0\u00a0\u00a0\u00a0\u00a0\u00a0\u00a0\u00a0\u00a0\u00a0\u00a0\u00a0\u00a0 <\/span><\/span><!--[endif]--><span lang=\"es\" xml:lang=\"es\">Preparado para la VR con una funci\u00f3n One-Click-To-VR<\/span><\/p>\n<p class=\"MsoListParagraphCxSpMiddle\" style=\"margin-left: 89.25pt; text-indent: -35.25pt;\"><!-- [if !supportLists]--><span lang=\"es\" xml:lang=\"es\">\u2022<span style=\"font: 7pt 'Times New Roman';\">\u00a0\u00a0\u00a0\u00a0\u00a0\u00a0\u00a0\u00a0\u00a0\u00a0\u00a0\u00a0\u00a0\u00a0\u00a0\u00a0\u00a0\u00a0\u00a0 <\/span><\/span><!--[endif]--><span lang=\"es\" xml:lang=\"es\">Click BIOS 5: una BIOS mejorada que permite personalizar al m\u00e1ximo sus caracter\u00edsticas<\/span><\/p>\n<p class=\"MsoListParagraphCxSpMiddle\" style=\"margin-left: 89.25pt; text-indent: -35.25pt;\"><!-- [if !supportLists]--><span lang=\"es\" xml:lang=\"es\">\u2022<span style=\"font: 7pt 'Times New Roman';\">\u00a0\u00a0\u00a0\u00a0\u00a0\u00a0\u00a0\u00a0\u00a0\u00a0\u00a0\u00a0\u00a0\u00a0\u00a0\u00a0\u00a0\u00a0\u00a0 <\/span><\/span><!--[endif]--><span lang=\"es\" xml:lang=\"es\">Audio Boost 4 para una calidad de sonido real y envolvente<\/span><\/p>\n<p class=\"MsoListParagraphCxSpLast\" style=\"margin-left: 89.25pt; text-indent: -35.25pt;\"><!-- [if !supportLists]--><span lang=\"es\" xml:lang=\"es\">\u2022<span style=\"font: 7pt 'Times New Roman';\">\u00a0\u00a0\u00a0\u00a0\u00a0\u00a0\u00a0\u00a0\u00a0\u00a0\u00a0\u00a0\u00a0\u00a0\u00a0\u00a0\u00a0\u00a0\u00a0 <\/span><\/span><!--[endif]--><span lang=\"es\" xml:lang=\"es\">Formato Micro-ATX<\/span><\/p>\n","protected":false},"excerpt":{"rendered":"<p class=\"MsoNormal\"><span lang=\"es\" xml:lang=\"es\">La placa base MSI B450M PRO-M2 que lleva el chipset AMD B450 est\u00e1 dise\u00f1ada para albergar los procesadores AMD Ryzen en un socket AMD AM4. Te permitir\u00e1 montar una configuraci\u00f3n multimedia u ofim\u00e1tica a un precio m\u00e1s bajo. Est\u00e1 equipada con componentes de calidad y con las \u00faltimas innovaciones AMD en circuitos integrados<\/span><\/p>\n","protected":false},"featured_media":8556,"comment_status":"open","ping_status":"closed","template":"","meta":[],"pwb-brand":[144],"product_cat":[96,91],"product_tag":[],"class_list":{"0":"post-8558","1":"product","2":"type-product","3":"status-publish","4":"has-post-thumbnail","6":"pwb-brand-msi","7":"product_cat-mothers","8":"product_cat-componentes","10":"first","11":"outofstock","12":"shipping-taxable","13":"purchasable","14":"product-type-simple"},"brands":[{"id":144,"name":"MSI","slug":"msi"}],"_links":{"self":[{"href":"https:\/\/aptecnologia.com.ar\/new\/wp-json\/wp\/v2\/product\/8558","targetHints":{"allow":["GET"]}}],"collection":[{"href":"https:\/\/aptecnologia.com.ar\/new\/wp-json\/wp\/v2\/product"}],"about":[{"href":"https:\/\/aptecnologia.com.ar\/new\/wp-json\/wp\/v2\/types\/product"}],"replies":[{"embeddable":true,"href":"https:\/\/aptecnologia.com.ar\/new\/wp-json\/wp\/v2\/comments?post=8558"}],"version-history":[{"count":0,"href":"https:\/\/aptecnologia.com.ar\/new\/wp-json\/wp\/v2\/product\/8558\/revisions"}],"wp:featuredmedia":[{"embeddable":true,"href":"https:\/\/aptecnologia.com.ar\/new\/wp-json\/wp\/v2\/media\/8556"}],"wp:attachment":[{"href":"https:\/\/aptecnologia.com.ar\/new\/wp-json\/wp\/v2\/media?parent=8558"}],"wp:term":[{"taxonomy":"pwb-brand","embeddable":true,"href":"https:\/\/aptecnologia.com.ar\/new\/wp-json\/wp\/v2\/pwb-brand?post=8558"},{"taxonomy":"product_cat","embeddable":true,"href":"https:\/\/aptecnologia.com.ar\/new\/wp-json\/wp\/v2\/product_cat?post=8558"},{"taxonomy":"product_tag","embeddable":true,"href":"https:\/\/aptecnologia.com.ar\/new\/wp-json\/wp\/v2\/product_tag?post=8558"}],"curies":[{"name":"wp","href":"https:\/\/api.w.org\/{rel}","templated":true}]}}