{"id":8553,"date":"2021-09-07T19:19:25","date_gmt":"2021-09-07T19:19:25","guid":{"rendered":"https:\/\/aptecnologia.com.ar\/new\/product\/pc-i3-8gb-ssd-120gb\/"},"modified":"2022-09-23T20:39:49","modified_gmt":"2022-09-23T20:39:49","slug":"pc-i3-8gb-ssd-120gb","status":"publish","type":"product","link":"https:\/\/aptecnologia.com.ar\/new\/productos\/pc-i3-8gb-ssd-120gb\/","title":{"rendered":"PC I3 10ma. 8GB SSD 120GB"},"content":{"rendered":"<p class=\"MsoNormal\"><span lang=\"es\" xml:lang=\"es\">\u2022\u00a0\u00a0\u00a0\u00a0\u00a0\u00a0\u00a0\u00a0\u00a0\u00a0\u00a0\u00a0 Procesador: Intel Core I3 10ma.<\/span><\/p>\n<p class=\"MsoNormal\"><span lang=\"es\" xml:lang=\"es\">\u2022\u00a0\u00a0\u00a0\u00a0\u00a0\u00a0\u00a0\u00a0\u00a0\u00a0\u00a0\u00a0 Memoria RAM: 8GB DDR4.<\/span><\/p>\n<p class=\"MsoNormal\"><span lang=\"es\" xml:lang=\"es\">\u2022\u00a0\u00a0\u00a0\u00a0\u00a0\u00a0\u00a0\u00a0\u00a0\u00a0\u00a0\u00a0 Disco: SSD 120<\/span><\/p>\n<p class=\"MsoNormal\"><span lang=\"es\" xml:lang=\"es\">\u2022\u00a0\u00a0\u00a0\u00a0\u00a0\u00a0\u00a0\u00a0\u00a0\u00a0\u00a0\u00a0 Gr\u00e1ficos: Intel UHD Graphics<\/span><\/p>\n<p class=\"MsoNormal\"><span lang=\"es\" xml:lang=\"es\">\u2022\u00a0\u00a0\u00a0\u00a0\u00a0\u00a0\u00a0\u00a0\u00a0\u00a0\u00a0\u00a0 Red: Gigabit Ethernet<\/span><\/p>\n<p class=\"MsoNormal\"><span lang=\"es\" xml:lang=\"es\">\u2022\u00a0\u00a0\u00a0\u00a0\u00a0\u00a0\u00a0\u00a0\u00a0\u00a0\u00a0\u00a0 Puertos: 2 USB 2.0<\/span><\/p>\n<p class=\"MsoNormal\"><span lang=\"es\" xml:lang=\"es\">\u2022\u00a0\u00a0\u00a0\u00a0\u00a0\u00a0\u00a0\u00a0\u00a0\u00a0\u00a0\u00a0 Accesorios: incluye kit teclado+mouse+parlantes<\/span><\/p>\n<p class=\"MsoNormal\"><span lang=\"es\" xml:lang=\"es\">\u2022\u00a0\u00a0\u00a0\u00a0\u00a0\u00a0\u00a0\u00a0\u00a0\u00a0\u00a0\u00a0 Sistema operativo: Free DOS<\/span><\/p>\n","protected":false},"excerpt":{"rendered":"<p class=\"MsoNormal\"><span lang=\"es\" xml:lang=\"es\">Esta pc te permite estudiar y trabajar de manera \u00e1gil y din\u00e1mica, realizando m\u00faltiples tareas simult\u00e1neas gracias a su disco s\u00f3lido y memoria de 8gb<\/span><\/p>\n","protected":false},"featured_media":8552,"comment_status":"open","ping_status":"closed","template":"","meta":[],"pwb-brand":[],"product_cat":[66,77],"product_tag":[207],"class_list":{"0":"post-8553","1":"product","2":"type-product","3":"status-publish","4":"has-post-thumbnail","6":"product_cat-computacion","7":"product_cat-pcs-mini-aios","8":"product_tag-hotsale","10":"first","11":"outofstock","12":"shipping-taxable","13":"purchasable","14":"product-type-simple"},"brands":[],"_links":{"self":[{"href":"https:\/\/aptecnologia.com.ar\/new\/wp-json\/wp\/v2\/product\/8553","targetHints":{"allow":["GET"]}}],"collection":[{"href":"https:\/\/aptecnologia.com.ar\/new\/wp-json\/wp\/v2\/product"}],"about":[{"href":"https:\/\/aptecnologia.com.ar\/new\/wp-json\/wp\/v2\/types\/product"}],"replies":[{"embeddable":true,"href":"https:\/\/aptecnologia.com.ar\/new\/wp-json\/wp\/v2\/comments?post=8553"}],"version-history":[{"count":0,"href":"https:\/\/aptecnologia.com.ar\/new\/wp-json\/wp\/v2\/product\/8553\/revisions"}],"wp:featuredmedia":[{"embeddable":true,"href":"https:\/\/aptecnologia.com.ar\/new\/wp-json\/wp\/v2\/media\/8552"}],"wp:attachment":[{"href":"https:\/\/aptecnologia.com.ar\/new\/wp-json\/wp\/v2\/media?parent=8553"}],"wp:term":[{"taxonomy":"pwb-brand","embeddable":true,"href":"https:\/\/aptecnologia.com.ar\/new\/wp-json\/wp\/v2\/pwb-brand?post=8553"},{"taxonomy":"product_cat","embeddable":true,"href":"https:\/\/aptecnologia.com.ar\/new\/wp-json\/wp\/v2\/product_cat?post=8553"},{"taxonomy":"product_tag","embeddable":true,"href":"https:\/\/aptecnologia.com.ar\/new\/wp-json\/wp\/v2\/product_tag?post=8553"}],"curies":[{"name":"wp","href":"https:\/\/api.w.org\/{rel}","templated":true}]}}