{"id":8507,"date":"2021-08-25T10:10:20","date_gmt":"2021-08-25T10:10:20","guid":{"rendered":"https:\/\/aptecnologia.com.ar\/new\/product\/impresora-multifuncion-ecotank-l3110-epson\/"},"modified":"2023-07-24T15:35:00","modified_gmt":"2023-07-24T18:35:00","slug":"impresora-multifuncion-ecotank-l3210-epson","status":"publish","type":"product","link":"https:\/\/aptecnologia.com.ar\/new\/productos\/impresora-multifuncion-ecotank-l3210-epson\/","title":{"rendered":"Multifunci\u00f3n Ecotank Color L3210 &#8211; EPSON"},"content":{"rendered":"<p class=\"MsoNormal\">\u2022\u00a0\u00a0\u00a0\u00a0\u00a0\u00a0\u00a0\u00a0\u00a0\u00a0\u00a0\u00a0 Resoluci\u00f3n m\u00e1x. de impresi\u00f3n5760 x 1440 dpi.<\/p>\n<p class=\"MsoNormal\">\u2022\u00a0\u00a0\u00a0\u00a0\u00a0\u00a0\u00a0\u00a0\u00a0\u00a0\u00a0\u00a0 Velocidad impresi\u00f3n ByN33 ppm.<\/p>\n<p class=\"MsoNormal\">\u2022\u00a0\u00a0\u00a0\u00a0\u00a0\u00a0\u00a0\u00a0\u00a0\u00a0\u00a0\u00a0 Velocidad impresi\u00f3n color15 ppm.<\/p>\n<p class=\"MsoNormal\">\u2022\u00a0\u00a0\u00a0\u00a0\u00a0\u00a0\u00a0\u00a0\u00a0\u00a0\u00a0\u00a0 Tama\u00f1os hojas 4, media carta, A6.<\/p>\n<p class=\"MsoNormal\">\u2022\u00a0\u00a0\u00a0\u00a0\u00a0\u00a0\u00a0\u00a0\u00a0\u00a0\u00a0\u00a0 BandejasA4, A6, media carta, ejecutivo, tama\u00f1os personalizados.<\/p>\n<p class=\"MsoNormal\">\u2022\u00a0\u00a0\u00a0\u00a0\u00a0\u00a0\u00a0\u00a0\u00a0\u00a0\u00a0\u00a0 Tipo de soportes Papel blanco brillante, papel fotogr\u00e1fico, presentaci\u00f3n, papel mate.<\/p>\n","protected":false},"excerpt":{"rendered":"<p class=\"MsoNormal\">Gracias a su tecnolog\u00eda de impresi\u00f3n EcoTank, la impresora Epson L3210 funciona sin cartuchos: utiliza botellas con llenado autom\u00e1tico codificadas por color, que abaratan en gran medida tus costos de impresi\u00f3n.<\/p>\n","protected":false},"featured_media":8504,"comment_status":"open","ping_status":"closed","template":"","meta":[],"pwb-brand":[],"product_cat":[66,272,165,268,89],"product_tag":[175],"class_list":{"0":"post-8507","1":"product","2":"type-product","3":"status-publish","4":"has-post-thumbnail","6":"product_cat-computacion","7":"product_cat-ecotankcolor","8":"product_cat-impresoras","9":"product_cat-multifuncion","10":"product_cat-impresion","11":"product_tag-vuelta_a_clases","13":"first","14":"instock","15":"shipping-taxable","16":"purchasable","17":"product-type-simple"},"brands":[],"_links":{"self":[{"href":"https:\/\/aptecnologia.com.ar\/new\/wp-json\/wp\/v2\/product\/8507","targetHints":{"allow":["GET"]}}],"collection":[{"href":"https:\/\/aptecnologia.com.ar\/new\/wp-json\/wp\/v2\/product"}],"about":[{"href":"https:\/\/aptecnologia.com.ar\/new\/wp-json\/wp\/v2\/types\/product"}],"replies":[{"embeddable":true,"href":"https:\/\/aptecnologia.com.ar\/new\/wp-json\/wp\/v2\/comments?post=8507"}],"version-history":[{"count":0,"href":"https:\/\/aptecnologia.com.ar\/new\/wp-json\/wp\/v2\/product\/8507\/revisions"}],"wp:featuredmedia":[{"embeddable":true,"href":"https:\/\/aptecnologia.com.ar\/new\/wp-json\/wp\/v2\/media\/8504"}],"wp:attachment":[{"href":"https:\/\/aptecnologia.com.ar\/new\/wp-json\/wp\/v2\/media?parent=8507"}],"wp:term":[{"taxonomy":"pwb-brand","embeddable":true,"href":"https:\/\/aptecnologia.com.ar\/new\/wp-json\/wp\/v2\/pwb-brand?post=8507"},{"taxonomy":"product_cat","embeddable":true,"href":"https:\/\/aptecnologia.com.ar\/new\/wp-json\/wp\/v2\/product_cat?post=8507"},{"taxonomy":"product_tag","embeddable":true,"href":"https:\/\/aptecnologia.com.ar\/new\/wp-json\/wp\/v2\/product_tag?post=8507"}],"curies":[{"name":"wp","href":"https:\/\/api.w.org\/{rel}","templated":true}]}}