{"id":8503,"date":"2021-08-25T10:07:12","date_gmt":"2021-08-25T10:07:12","guid":{"rendered":"https:\/\/aptecnologia.com.ar\/new\/product\/impresora-laser-monocromatica-m203dw-hp\/"},"modified":"2023-07-22T12:27:35","modified_gmt":"2023-07-22T15:27:35","slug":"impresora-laser-monocromatica-m203dw-hp","status":"publish","type":"product","link":"https:\/\/aptecnologia.com.ar\/new\/productos\/impresora-laser-monocromatica-m203dw-hp\/","title":{"rendered":"Impresora Laser ByN M203DW &#8211; HP"},"content":{"rendered":"<p class=\"MsoNormal\">\u2022\u00a0\u00a0\u00a0\u00a0\u00a0\u00a0\u00a0\u00a0\u00a0\u00a0\u00a0\u00a0 Velocidad de impresi\u00f3n en negro (ISO, A4)<\/p>\n<p class=\"MsoNormal\">\u2022\u00a0\u00a0\u00a0\u00a0\u00a0\u00a0\u00a0\u00a0\u00a0\u00a0\u00a0\u00a0 Impresi\u00f3n de la primera p\u00e1gina (lista) Negro: 6,7 segundos.<\/p>\n<p class=\"MsoNormal\">\u2022\u00a0\u00a0\u00a0\u00a0\u00a0\u00a0\u00a0\u00a0\u00a0\u00a0\u00a0\u00a0 Impresi\u00f3n de la primera p\u00e1gina (lista) Negro: 8,0 segundos.<\/p>\n<p class=\"MsoNormal\">\u2022\u00a0\u00a0\u00a0\u00a0\u00a0\u00a0\u00a0\u00a0\u00a0\u00a0\u00a0\u00a0 Calidad de impresi\u00f3n en negro (\u00f3ptima) Hasta 1200 x 1200 ppp.<\/p>\n<p class=\"MsoNormal\">\u2022\u00a0\u00a0\u00a0\u00a0\u00a0\u00a0\u00a0\u00a0\u00a0\u00a0\u00a0\u00a0 Tecnolog\u00eda de resoluci\u00f3n. HP FastRes 1200, HP ProRes 1200.<\/p>\n","protected":false},"excerpt":{"rendered":"<p class=\"MsoNormal\">Obt\u00e9n m\u00e1s p\u00e1ginas, rendimiento y calidad con la impresora HP LaserJet Pro M203dw y aumenta tu productividad con una r\u00e1pida impresi\u00f3n a doble cara.<\/p>\n","protected":false},"featured_media":8500,"comment_status":"open","ping_status":"closed","template":"","meta":[],"pwb-brand":[118],"product_cat":[66,165,266,89],"product_tag":[],"class_list":{"0":"post-8503","1":"product","2":"type-product","3":"status-publish","4":"has-post-thumbnail","6":"pwb-brand-hp","7":"product_cat-computacion","8":"product_cat-impresoras","9":"product_cat-lasmonorcomatica","10":"product_cat-impresion","12":"first","13":"outofstock","14":"shipping-taxable","15":"purchasable","16":"product-type-simple"},"brands":[{"id":118,"name":"HP","slug":"hp"}],"_links":{"self":[{"href":"https:\/\/aptecnologia.com.ar\/new\/wp-json\/wp\/v2\/product\/8503","targetHints":{"allow":["GET"]}}],"collection":[{"href":"https:\/\/aptecnologia.com.ar\/new\/wp-json\/wp\/v2\/product"}],"about":[{"href":"https:\/\/aptecnologia.com.ar\/new\/wp-json\/wp\/v2\/types\/product"}],"replies":[{"embeddable":true,"href":"https:\/\/aptecnologia.com.ar\/new\/wp-json\/wp\/v2\/comments?post=8503"}],"version-history":[{"count":0,"href":"https:\/\/aptecnologia.com.ar\/new\/wp-json\/wp\/v2\/product\/8503\/revisions"}],"wp:featuredmedia":[{"embeddable":true,"href":"https:\/\/aptecnologia.com.ar\/new\/wp-json\/wp\/v2\/media\/8500"}],"wp:attachment":[{"href":"https:\/\/aptecnologia.com.ar\/new\/wp-json\/wp\/v2\/media?parent=8503"}],"wp:term":[{"taxonomy":"pwb-brand","embeddable":true,"href":"https:\/\/aptecnologia.com.ar\/new\/wp-json\/wp\/v2\/pwb-brand?post=8503"},{"taxonomy":"product_cat","embeddable":true,"href":"https:\/\/aptecnologia.com.ar\/new\/wp-json\/wp\/v2\/product_cat?post=8503"},{"taxonomy":"product_tag","embeddable":true,"href":"https:\/\/aptecnologia.com.ar\/new\/wp-json\/wp\/v2\/product_tag?post=8503"}],"curies":[{"name":"wp","href":"https:\/\/api.w.org\/{rel}","templated":true}]}}