{"id":8499,"date":"2021-08-17T16:09:47","date_gmt":"2021-08-17T16:09:47","guid":{"rendered":"https:\/\/aptecnologia.com.ar\/new\/product\/impresora-laser-monocromatica-canon-6030\/"},"modified":"2023-07-24T15:32:38","modified_gmt":"2023-07-24T18:32:38","slug":"impresora-laser-monocromatica-canon-6030","status":"publish","type":"product","link":"https:\/\/aptecnologia.com.ar\/new\/productos\/impresora-laser-monocromatica-canon-6030\/","title":{"rendered":"Impresora Laser ByN LBP-6030W &#8211; CANON"},"content":{"rendered":"<p class=\"MsoNormal\">Memoria interna: 32 MB.<br \/>\nColor: Negro<br \/>\nResoluci\u00f3n m\u00e1xima: 2400 x 600 DPI.<br \/>\nTecnolog\u00eda de impresi\u00f3n: Laser.<br \/>\nResoluci\u00f3n en colores: 600 x 600 DPI.<br \/>\nVelocidad de Impresi\u00f3n: 18ppm<br \/>\nWifi<\/p>\n","protected":false},"excerpt":{"rendered":"<p class=\"MsoNormal\">Ideal tanto para la impresi\u00f3n en casa como en oficinas peque\u00f1as. Muy f\u00e1cil de usar, compacta y equipada con sistema de cartucho Todo en Uno para facilitar el reemplazo de consumibles.<\/p>\n","protected":false},"featured_media":8496,"comment_status":"open","ping_status":"closed","template":"","meta":[],"pwb-brand":[132],"product_cat":[66,165,266,89],"product_tag":[],"class_list":{"0":"post-8499","1":"product","2":"type-product","3":"status-publish","4":"has-post-thumbnail","6":"pwb-brand-canon","7":"product_cat-computacion","8":"product_cat-impresoras","9":"product_cat-lasmonorcomatica","10":"product_cat-impresion","12":"first","13":"outofstock","14":"shipping-taxable","15":"purchasable","16":"product-type-simple"},"brands":[{"id":132,"name":"Canon","slug":"canon"}],"_links":{"self":[{"href":"https:\/\/aptecnologia.com.ar\/new\/wp-json\/wp\/v2\/product\/8499","targetHints":{"allow":["GET"]}}],"collection":[{"href":"https:\/\/aptecnologia.com.ar\/new\/wp-json\/wp\/v2\/product"}],"about":[{"href":"https:\/\/aptecnologia.com.ar\/new\/wp-json\/wp\/v2\/types\/product"}],"replies":[{"embeddable":true,"href":"https:\/\/aptecnologia.com.ar\/new\/wp-json\/wp\/v2\/comments?post=8499"}],"version-history":[{"count":0,"href":"https:\/\/aptecnologia.com.ar\/new\/wp-json\/wp\/v2\/product\/8499\/revisions"}],"wp:featuredmedia":[{"embeddable":true,"href":"https:\/\/aptecnologia.com.ar\/new\/wp-json\/wp\/v2\/media\/8496"}],"wp:attachment":[{"href":"https:\/\/aptecnologia.com.ar\/new\/wp-json\/wp\/v2\/media?parent=8499"}],"wp:term":[{"taxonomy":"pwb-brand","embeddable":true,"href":"https:\/\/aptecnologia.com.ar\/new\/wp-json\/wp\/v2\/pwb-brand?post=8499"},{"taxonomy":"product_cat","embeddable":true,"href":"https:\/\/aptecnologia.com.ar\/new\/wp-json\/wp\/v2\/product_cat?post=8499"},{"taxonomy":"product_tag","embeddable":true,"href":"https:\/\/aptecnologia.com.ar\/new\/wp-json\/wp\/v2\/product_tag?post=8499"}],"curies":[{"name":"wp","href":"https:\/\/api.w.org\/{rel}","templated":true}]}}