{"id":8477,"date":"2021-08-17T15:51:56","date_gmt":"2021-08-17T15:51:56","guid":{"rendered":"https:\/\/aptecnologia.com.ar\/new\/product\/disco-ssd-120gb-s600-hp-25\/"},"modified":"2022-03-04T17:25:38","modified_gmt":"2022-03-04T17:25:38","slug":"disco-ssd-120gb-s600-hp-25","status":"publish","type":"product","link":"https:\/\/aptecnologia.com.ar\/new\/productos\/disco-ssd-120gb-s600-hp-25\/","title":{"rendered":"DISCO SSD 120GB S600 2.5\u201d &#8211; HP"},"content":{"rendered":"<p class=\"MsoNormal\"><span lang=\"es\" xml:lang=\"es\">\u2022\u00a0\u00a0\u00a0\u00a0\u00a0\u00a0\u00a0\u00a0\u00a0\u00a0\u00a0\u00a0 Modelo: 4FZ32AA<\/span><\/p>\n<p class=\"MsoNormal\"><span lang=\"es\" xml:lang=\"es\">\u2022\u00a0\u00a0\u00a0\u00a0\u00a0\u00a0\u00a0\u00a0\u00a0\u00a0\u00a0\u00a0 Detalles t\u00e9cnicos. Factor de forma. 2.5\u00bb Interfaz. Serial ATA III. Capacidad. 120 GB.<\/span><\/p>\n<p class=\"MsoNormal\"><span lang=\"es\" xml:lang=\"es\">\u2022\u00a0\u00a0\u00a0\u00a0\u00a0\u00a0\u00a0\u00a0\u00a0\u00a0\u00a0\u00a0 Dise\u00f1o. Material de la carcasa. Metal. <\/span><\/p>\n<p class=\"MsoNormal\"><span lang=\"es\" xml:lang=\"es\">\u2022\u00a0\u00a0\u00a0\u00a0\u00a0\u00a0\u00a0\u00a0\u00a0\u00a0\u00a0\u00a0 Color del producto. Negro.<\/span><\/p>\n<p class=\"MsoNormal\"><span lang=\"es\" xml:lang=\"es\">\u2022\u00a0\u00a0\u00a0\u00a0\u00a0\u00a0\u00a0\u00a0\u00a0\u00a0\u00a0\u00a0 Desempe\u00f1o. Tiempo medio entre fallos. 2000000 h.<\/span><\/p>\n<p class=\"MsoNormal\"><span lang=\"es\" xml:lang=\"es\">\u2022\u00a0\u00a0\u00a0\u00a0\u00a0\u00a0\u00a0\u00a0\u00a0\u00a0\u00a0\u00a0 Disco duro. Velocidad de escritura. 500 MB\/s. Velocidad de lectura. 520 MB\/s.<\/span><\/p>\n","protected":false},"excerpt":{"rendered":"<p class=\"MsoNormal\"><span lang=\"es\" xml:lang=\"es\">Nueva tecnolog\u00eda 3D NAND con equilibrio de desgaste avanzado para una mayor durabilidad y una confiabilidad. Cuerpo totalmente met\u00e1lico: disipaci\u00f3n de calor y durabilidad en un entorno de PC<\/span><\/p>\n","protected":false},"featured_media":8475,"comment_status":"open","ping_status":"closed","template":"","meta":[],"pwb-brand":[118],"product_cat":[94,91],"product_tag":[],"class_list":{"0":"post-8477","1":"product","2":"type-product","3":"status-publish","4":"has-post-thumbnail","6":"pwb-brand-hp","7":"product_cat-discos","8":"product_cat-componentes","10":"first","11":"outofstock","12":"shipping-taxable","13":"purchasable","14":"product-type-simple"},"brands":[{"id":118,"name":"HP","slug":"hp"}],"_links":{"self":[{"href":"https:\/\/aptecnologia.com.ar\/new\/wp-json\/wp\/v2\/product\/8477","targetHints":{"allow":["GET"]}}],"collection":[{"href":"https:\/\/aptecnologia.com.ar\/new\/wp-json\/wp\/v2\/product"}],"about":[{"href":"https:\/\/aptecnologia.com.ar\/new\/wp-json\/wp\/v2\/types\/product"}],"replies":[{"embeddable":true,"href":"https:\/\/aptecnologia.com.ar\/new\/wp-json\/wp\/v2\/comments?post=8477"}],"version-history":[{"count":0,"href":"https:\/\/aptecnologia.com.ar\/new\/wp-json\/wp\/v2\/product\/8477\/revisions"}],"wp:featuredmedia":[{"embeddable":true,"href":"https:\/\/aptecnologia.com.ar\/new\/wp-json\/wp\/v2\/media\/8475"}],"wp:attachment":[{"href":"https:\/\/aptecnologia.com.ar\/new\/wp-json\/wp\/v2\/media?parent=8477"}],"wp:term":[{"taxonomy":"pwb-brand","embeddable":true,"href":"https:\/\/aptecnologia.com.ar\/new\/wp-json\/wp\/v2\/pwb-brand?post=8477"},{"taxonomy":"product_cat","embeddable":true,"href":"https:\/\/aptecnologia.com.ar\/new\/wp-json\/wp\/v2\/product_cat?post=8477"},{"taxonomy":"product_tag","embeddable":true,"href":"https:\/\/aptecnologia.com.ar\/new\/wp-json\/wp\/v2\/product_tag?post=8477"}],"curies":[{"name":"wp","href":"https:\/\/api.w.org\/{rel}","templated":true}]}}