{"id":8467,"date":"2021-08-17T15:46:39","date_gmt":"2021-08-17T15:46:39","guid":{"rendered":"https:\/\/aptecnologia.com.ar\/new\/product\/westinghouse-24-hdmi\/"},"modified":"2023-05-24T11:15:15","modified_gmt":"2023-05-24T14:15:15","slug":"westinghouse-24-hdmi","status":"publish","type":"product","link":"https:\/\/aptecnologia.com.ar\/new\/productos\/westinghouse-24-hdmi\/","title":{"rendered":"Monitor 24\u201d Full HD HDMI &#8211; WESTINGHOUSE"},"content":{"rendered":"<p class=\"MsoListParagraphCxSpFirst\" style=\"margin-left: 53.25pt; text-indent: -35.25pt;\"><!-- [if !supportLists]--><span lang=\"es\" xml:lang=\"es\">\u2022<span style=\"font: 7pt 'Times New Roman';\">\u00a0\u00a0\u00a0\u00a0\u00a0\u00a0\u00a0\u00a0\u00a0\u00a0\u00a0\u00a0\u00a0\u00a0\u00a0\u00a0\u00a0\u00a0\u00a0 <\/span><\/span><!--[endif]--><span lang=\"es\" xml:lang=\"es\">Modelo: WH24FX9019<\/span><\/p>\n<p class=\"MsoListParagraphCxSpMiddle\" style=\"margin-left: 53.25pt; text-indent: -35.25pt;\"><!-- [if !supportLists]--><span lang=\"es\" xml:lang=\"es\">\u2022<span style=\"font: 7pt 'Times New Roman';\">\u00a0\u00a0\u00a0\u00a0\u00a0\u00a0\u00a0\u00a0\u00a0\u00a0\u00a0\u00a0\u00a0\u00a0\u00a0\u00a0\u00a0\u00a0\u00a0 <\/span><\/span><!--[endif]--><span lang=\"es\" xml:lang=\"es\">Tama\u00f1o de pantalla: 24 \u00ab<\/span><\/p>\n<p class=\"MsoListParagraphCxSpMiddle\" style=\"margin-left: 53.25pt; text-indent: -35.25pt;\"><!-- [if !supportLists]--><span lang=\"es\" xml:lang=\"es\">\u2022<span style=\"font: 7pt 'Times New Roman';\">\u00a0\u00a0\u00a0\u00a0\u00a0\u00a0\u00a0\u00a0\u00a0\u00a0\u00a0\u00a0\u00a0\u00a0\u00a0\u00a0\u00a0\u00a0\u00a0 <\/span><\/span><!--[endif]--><span lang=\"es\" xml:lang=\"es\">Relaci\u00f3n de aspecto: 16: 9.<\/span><\/p>\n<p class=\"MsoListParagraphCxSpMiddle\" style=\"margin-left: 53.25pt; text-indent: -35.25pt;\"><!-- [if !supportLists]--><span lang=\"es\" xml:lang=\"es\">\u2022<span style=\"font: 7pt 'Times New Roman';\">\u00a0\u00a0\u00a0\u00a0\u00a0\u00a0\u00a0\u00a0\u00a0\u00a0\u00a0\u00a0\u00a0\u00a0\u00a0\u00a0\u00a0\u00a0\u00a0 <\/span><\/span><!--[endif]--><span lang=\"es\" xml:lang=\"es\">Brillo: 220 <\/span><span lang=\"en-us\" style=\"font-family: 'MS Gothic';\" xml:lang=\"en-us\">\uff5e<\/span><span lang=\"es\" xml:lang=\"es\"> 250 cd \/ m2.<\/span><\/p>\n<p class=\"MsoListParagraphCxSpMiddle\" style=\"margin-left: 53.25pt; text-indent: -35.25pt;\"><!-- [if !supportLists]--><span lang=\"es\" xml:lang=\"es\">\u2022<span style=\"font: 7pt 'Times New Roman';\">\u00a0\u00a0\u00a0\u00a0\u00a0\u00a0\u00a0\u00a0\u00a0\u00a0\u00a0\u00a0\u00a0\u00a0\u00a0\u00a0\u00a0\u00a0\u00a0 <\/span><\/span><!--[endif]--><span lang=\"es\" xml:lang=\"es\">Colores de pantalla: 16,7 millones.<\/span><\/p>\n<p class=\"MsoListParagraphCxSpMiddle\" style=\"margin-left: 53.25pt; text-indent: -35.25pt;\"><!-- [if !supportLists]--><span lang=\"es\" xml:lang=\"es\">\u2022<span style=\"font: 7pt 'Times New Roman';\">\u00a0\u00a0\u00a0\u00a0\u00a0\u00a0\u00a0\u00a0\u00a0\u00a0\u00a0\u00a0\u00a0\u00a0\u00a0\u00a0\u00a0\u00a0\u00a0 <\/span><\/span><!--[endif]--><span lang=\"es\" xml:lang=\"es\">Frecuencia de actualizaci\u00f3n: 60 Hz.<\/span><\/p>\n<p class=\"MsoListParagraphCxSpMiddle\" style=\"margin-left: 53.25pt; text-indent: -35.25pt;\"><!-- [if !supportLists]--><span lang=\"es\" xml:lang=\"es\">\u2022<span style=\"font: 7pt 'Times New Roman';\">\u00a0\u00a0\u00a0\u00a0\u00a0\u00a0\u00a0\u00a0\u00a0\u00a0\u00a0\u00a0\u00a0\u00a0\u00a0\u00a0\u00a0\u00a0\u00a0 <\/span><\/span><!--[endif]--><span lang=\"es\" xml:lang=\"es\">Resoluci\u00f3n: Full HD 1920 x 1080.<\/span><\/p>\n<p class=\"MsoListParagraphCxSpLast\" style=\"margin-left: 53.25pt; text-indent: -35.25pt;\"><!-- [if !supportLists]--><span lang=\"es\" xml:lang=\"es\">\u2022<span style=\"font: 7pt 'Times New Roman';\">\u00a0\u00a0\u00a0\u00a0\u00a0\u00a0\u00a0\u00a0\u00a0\u00a0\u00a0\u00a0\u00a0\u00a0\u00a0\u00a0\u00a0\u00a0\u00a0 <\/span><\/span><!--[endif]--><span lang=\"es\" xml:lang=\"es\">\u00c1ngulo de visi\u00f3n: 178 \u00b0 (H) x 178 \u00b0 (V) (CR\u226510)<\/span><\/p>\n","protected":false},"excerpt":{"rendered":"<p class=\"MsoNormal\"><span lang=\"es\" xml:lang=\"es\">Su alta definici\u00f3n brinda una resoluci\u00f3n de imagen con una calidad y claridad inigualables. Duplica la resoluci\u00f3n de imagen de los monitores HD tradicionales. Conectividad HDMI y VGA, para alta definici\u00f3n total o uso tradicional de PC.<\/span><\/p>\n","protected":false},"featured_media":8464,"comment_status":"open","ping_status":"closed","template":"","meta":[],"pwb-brand":[141],"product_cat":[66,81],"product_tag":[],"class_list":{"0":"post-8467","1":"product","2":"type-product","3":"status-publish","4":"has-post-thumbnail","6":"pwb-brand-westinghouse","7":"product_cat-computacion","8":"product_cat-monitores","10":"first","11":"outofstock","12":"shipping-taxable","13":"purchasable","14":"product-type-simple"},"brands":[{"id":141,"name":"Westinghouse","slug":"westinghouse"}],"_links":{"self":[{"href":"https:\/\/aptecnologia.com.ar\/new\/wp-json\/wp\/v2\/product\/8467","targetHints":{"allow":["GET"]}}],"collection":[{"href":"https:\/\/aptecnologia.com.ar\/new\/wp-json\/wp\/v2\/product"}],"about":[{"href":"https:\/\/aptecnologia.com.ar\/new\/wp-json\/wp\/v2\/types\/product"}],"replies":[{"embeddable":true,"href":"https:\/\/aptecnologia.com.ar\/new\/wp-json\/wp\/v2\/comments?post=8467"}],"version-history":[{"count":0,"href":"https:\/\/aptecnologia.com.ar\/new\/wp-json\/wp\/v2\/product\/8467\/revisions"}],"wp:featuredmedia":[{"embeddable":true,"href":"https:\/\/aptecnologia.com.ar\/new\/wp-json\/wp\/v2\/media\/8464"}],"wp:attachment":[{"href":"https:\/\/aptecnologia.com.ar\/new\/wp-json\/wp\/v2\/media?parent=8467"}],"wp:term":[{"taxonomy":"pwb-brand","embeddable":true,"href":"https:\/\/aptecnologia.com.ar\/new\/wp-json\/wp\/v2\/pwb-brand?post=8467"},{"taxonomy":"product_cat","embeddable":true,"href":"https:\/\/aptecnologia.com.ar\/new\/wp-json\/wp\/v2\/product_cat?post=8467"},{"taxonomy":"product_tag","embeddable":true,"href":"https:\/\/aptecnologia.com.ar\/new\/wp-json\/wp\/v2\/product_tag?post=8467"}],"curies":[{"name":"wp","href":"https:\/\/api.w.org\/{rel}","templated":true}]}}