{"id":8448,"date":"2021-08-17T15:25:38","date_gmt":"2021-08-17T15:25:38","guid":{"rendered":"https:\/\/aptecnologia.com.ar\/new\/product\/notebook-i3-1005g1-g7-250-4gb-1tb-156-w10h\/"},"modified":"2023-07-28T14:32:58","modified_gmt":"2023-07-28T17:32:58","slug":"notebook-i3-1005g1-g7-250-4gb-1tb-156-w10h","status":"publish","type":"product","link":"https:\/\/aptecnologia.com.ar\/new\/productos\/notebook-i3-1005g1-g7-250-4gb-1tb-156-w10h\/","title":{"rendered":"Notebook &#8211; I3 1005G1 G7 250 4gb 1tb 15.6&#8243; W10 HP"},"content":{"rendered":"<p class=\"MsoNormal\"><span lang=\"es\" xml:lang=\"es\">\u2022\u00a0\u00a0\u00a0\u00a0\u00a0\u00a0\u00a0\u00a0\u00a0\u00a0\u00a0\u00a0 Modelo: 18A94LT<\/span><\/p>\n<p class=\"MsoNormal\"><span lang=\"es\" xml:lang=\"es\">\u2022\u00a0\u00a0\u00a0\u00a0\u00a0\u00a0\u00a0\u00a0\u00a0\u00a0\u00a0\u00a0 Pantalla: LED de 15.6&#8243; con resoluci\u00f3n 1366 x 768<\/span><\/p>\n<p class=\"MsoNormal\"><span lang=\"es\" xml:lang=\"es\">\u2022\u00a0\u00a0\u00a0\u00a0\u00a0\u00a0\u00a0\u00a0\u00a0\u00a0\u00a0\u00a0 Procesador: Intel Core I3- 1005G1<\/span><\/p>\n<p class=\"MsoNormal\"><span lang=\"es\" xml:lang=\"es\">\u2022\u00a0\u00a0\u00a0\u00a0\u00a0\u00a0\u00a0\u00a0\u00a0\u00a0\u00a0\u00a0 Memoria RAM: 4GB DDR4.<\/span><\/p>\n<p class=\"MsoNormal\"><span lang=\"es\" xml:lang=\"es\">\u2022\u00a0\u00a0\u00a0\u00a0\u00a0\u00a0\u00a0\u00a0\u00a0\u00a0\u00a0\u00a0 Disco: HDD 1TB <\/span><\/p>\n<p class=\"MsoNormal\"><span lang=\"es\" xml:lang=\"es\">\u2022\u00a0\u00a0\u00a0\u00a0\u00a0\u00a0\u00a0\u00a0\u00a0\u00a0\u00a0\u00a0 Gr\u00e1ficos: Intel UHD Graphics<\/span><\/p>\n<p class=\"MsoNormal\"><span lang=\"es\" xml:lang=\"es\">\u2022\u00a0\u00a0\u00a0\u00a0\u00a0\u00a0\u00a0\u00a0\u00a0\u00a0\u00a0\u00a0 Red: Gigabit Ethernet<\/span><\/p>\n<p class=\"MsoNormal\"><span lang=\"es\" xml:lang=\"es\">\u2022\u00a0\u00a0\u00a0\u00a0\u00a0\u00a0\u00a0\u00a0\u00a0\u00a0\u00a0\u00a0 Puertos: 2 USB 3.1, 1 USB 2.0<\/span><\/p>\n<p class=\"MsoNormal\"><span lang=\"es\" xml:lang=\"es\">\u2022\u00a0\u00a0\u00a0\u00a0\u00a0\u00a0\u00a0\u00a0\u00a0\u00a0\u00a0\u00a0 Sistema operativo: Windows 10 Home<\/span><\/p>\n","protected":false},"excerpt":{"rendered":"<p class=\"MsoNormal\"><span lang=\"es\" xml:lang=\"es\">Con\u00e9ctate con el econ\u00f3mico equipo port\u00e1til HP 250 que ofrece la tecnolog\u00eda m\u00e1s reciente y un chasis duradero que ayuda a protegerlo. Completas tareas profesionales con procesadores Intely herramientas de colaboraci\u00f3n esenciales.\u00a0 Ideal para todas tus actividades.<\/span><\/p>\n","protected":false},"featured_media":8446,"comment_status":"open","ping_status":"closed","template":"","meta":[],"pwb-brand":[118],"product_cat":[66,191,72],"product_tag":[],"class_list":{"0":"post-8448","1":"product","2":"type-product","3":"status-publish","4":"has-post-thumbnail","6":"pwb-brand-hp","7":"product_cat-computacion","8":"product_cat-equipos","9":"product_cat-notebooks","11":"first","12":"outofstock","13":"shipping-taxable","14":"purchasable","15":"product-type-simple"},"brands":[{"id":118,"name":"HP","slug":"hp"}],"_links":{"self":[{"href":"https:\/\/aptecnologia.com.ar\/new\/wp-json\/wp\/v2\/product\/8448","targetHints":{"allow":["GET"]}}],"collection":[{"href":"https:\/\/aptecnologia.com.ar\/new\/wp-json\/wp\/v2\/product"}],"about":[{"href":"https:\/\/aptecnologia.com.ar\/new\/wp-json\/wp\/v2\/types\/product"}],"replies":[{"embeddable":true,"href":"https:\/\/aptecnologia.com.ar\/new\/wp-json\/wp\/v2\/comments?post=8448"}],"version-history":[{"count":0,"href":"https:\/\/aptecnologia.com.ar\/new\/wp-json\/wp\/v2\/product\/8448\/revisions"}],"wp:featuredmedia":[{"embeddable":true,"href":"https:\/\/aptecnologia.com.ar\/new\/wp-json\/wp\/v2\/media\/8446"}],"wp:attachment":[{"href":"https:\/\/aptecnologia.com.ar\/new\/wp-json\/wp\/v2\/media?parent=8448"}],"wp:term":[{"taxonomy":"pwb-brand","embeddable":true,"href":"https:\/\/aptecnologia.com.ar\/new\/wp-json\/wp\/v2\/pwb-brand?post=8448"},{"taxonomy":"product_cat","embeddable":true,"href":"https:\/\/aptecnologia.com.ar\/new\/wp-json\/wp\/v2\/product_cat?post=8448"},{"taxonomy":"product_tag","embeddable":true,"href":"https:\/\/aptecnologia.com.ar\/new\/wp-json\/wp\/v2\/product_tag?post=8448"}],"curies":[{"name":"wp","href":"https:\/\/api.w.org\/{rel}","templated":true}]}}