{"id":8442,"date":"2021-08-17T15:15:00","date_gmt":"2021-08-17T15:15:00","guid":{"rendered":"https:\/\/aptecnologia.com.ar\/new\/product\/acer-aspire-i5-1035g1-8gb-1tb-w10h\/"},"modified":"2023-05-12T16:47:35","modified_gmt":"2023-05-12T19:47:35","slug":"acer-aspire-i5-1035g1-8gb-ssd240-w10h","status":"publish","type":"product","link":"https:\/\/aptecnologia.com.ar\/new\/productos\/acer-aspire-i5-1035g1-8gb-ssd240-w10h\/","title":{"rendered":"Notebook &#8211; I5 1035G1 Aspire 8gb ssd240 15.6&#8243; W10h ACER"},"content":{"rendered":"<p class=\"MsoNormal\"><span lang=\"es\" xml:lang=\"es\">\u2022\u00a0\u00a0\u00a0\u00a0\u00a0\u00a0\u00a0\u00a0\u00a0\u00a0\u00a0\u00a0 Modelo: A315-56-526A<\/span><\/p>\n<p class=\"MsoNormal\"><span lang=\"es\" xml:lang=\"es\">\u2022\u00a0\u00a0\u00a0\u00a0\u00a0\u00a0\u00a0\u00a0\u00a0\u00a0\u00a0\u00a0 Pantalla: LED de 15.6&#8243; con resoluci\u00f3n Full HD 1920 x 1080.<\/span><\/p>\n<p class=\"MsoNormal\"><span lang=\"es\" xml:lang=\"es\">\u2022\u00a0\u00a0\u00a0\u00a0\u00a0\u00a0\u00a0\u00a0\u00a0\u00a0\u00a0\u00a0 Procesador: Intel Core I5-1035G1 Quad-Core 1.0 GHz.<\/span><\/p>\n<p class=\"MsoNormal\"><span lang=\"es\" xml:lang=\"es\">\u2022\u00a0\u00a0\u00a0\u00a0\u00a0\u00a0\u00a0\u00a0\u00a0\u00a0\u00a0\u00a0 Memoria RAM: 8GB DDR4.<\/span><\/p>\n<p class=\"MsoNormal\"><span lang=\"es\" xml:lang=\"es\">\u2022\u00a0\u00a0\u00a0\u00a0\u00a0\u00a0\u00a0\u00a0\u00a0\u00a0\u00a0\u00a0 Disco: 240TB SSD<\/span><\/p>\n<p class=\"MsoNormal\"><span lang=\"es\" xml:lang=\"es\">\u2022\u00a0\u00a0\u00a0\u00a0\u00a0\u00a0\u00a0\u00a0\u00a0\u00a0\u00a0\u00a0 Gr\u00e1ficos: Intel UHD Graphics.<\/span><\/p>\n<p class=\"MsoNormal\"><span lang=\"es\" xml:lang=\"es\">\u2022\u00a0\u00a0\u00a0\u00a0\u00a0\u00a0\u00a0\u00a0\u00a0\u00a0\u00a0\u00a0 Red: Gigabit Ethernet<\/span><\/p>\n<p class=\"MsoNormal\"><span lang=\"es\" xml:lang=\"es\">\u2022\u00a0\u00a0\u00a0\u00a0\u00a0\u00a0\u00a0\u00a0\u00a0\u00a0\u00a0\u00a0 Puertos: 1 USB 3.1, 2 USB 2.0 <\/span><\/p>\n<p class=\"MsoNormal\"><span lang=\"es\" xml:lang=\"es\">\u2022\u00a0\u00a0\u00a0\u00a0\u00a0\u00a0\u00a0\u00a0\u00a0\u00a0\u00a0\u00a0 Sistema operativo: Windows 10 Home.<\/span><\/p>\n","protected":false},"excerpt":{"rendered":"<p class=\"MsoNormal\"><span lang=\"es\" xml:lang=\"es\">El Aspire 3 est\u00e1 dise\u00f1ado para fomentar la actividad, la concentraci\u00f3n y el movimiento. Con su tecnolog\u00eda, se adapta a tu estilo de vida. La impresionante delgadez del cuerpo y el atractivo acabado t\u00e1ctil acent\u00faan las prestaciones de dise\u00f1o para el mundo real.<\/span><\/p>\n","protected":false},"featured_media":8440,"comment_status":"open","ping_status":"closed","template":"","meta":[],"pwb-brand":[147],"product_cat":[66,191,72],"product_tag":[],"class_list":{"0":"post-8442","1":"product","2":"type-product","3":"status-publish","4":"has-post-thumbnail","6":"pwb-brand-acer","7":"product_cat-computacion","8":"product_cat-equipos","9":"product_cat-notebooks","11":"first","12":"outofstock","13":"shipping-taxable","14":"purchasable","15":"product-type-simple"},"brands":[{"id":147,"name":"Acer","slug":"acer"}],"_links":{"self":[{"href":"https:\/\/aptecnologia.com.ar\/new\/wp-json\/wp\/v2\/product\/8442","targetHints":{"allow":["GET"]}}],"collection":[{"href":"https:\/\/aptecnologia.com.ar\/new\/wp-json\/wp\/v2\/product"}],"about":[{"href":"https:\/\/aptecnologia.com.ar\/new\/wp-json\/wp\/v2\/types\/product"}],"replies":[{"embeddable":true,"href":"https:\/\/aptecnologia.com.ar\/new\/wp-json\/wp\/v2\/comments?post=8442"}],"version-history":[{"count":0,"href":"https:\/\/aptecnologia.com.ar\/new\/wp-json\/wp\/v2\/product\/8442\/revisions"}],"wp:featuredmedia":[{"embeddable":true,"href":"https:\/\/aptecnologia.com.ar\/new\/wp-json\/wp\/v2\/media\/8440"}],"wp:attachment":[{"href":"https:\/\/aptecnologia.com.ar\/new\/wp-json\/wp\/v2\/media?parent=8442"}],"wp:term":[{"taxonomy":"pwb-brand","embeddable":true,"href":"https:\/\/aptecnologia.com.ar\/new\/wp-json\/wp\/v2\/pwb-brand?post=8442"},{"taxonomy":"product_cat","embeddable":true,"href":"https:\/\/aptecnologia.com.ar\/new\/wp-json\/wp\/v2\/product_cat?post=8442"},{"taxonomy":"product_tag","embeddable":true,"href":"https:\/\/aptecnologia.com.ar\/new\/wp-json\/wp\/v2\/product_tag?post=8442"}],"curies":[{"name":"wp","href":"https:\/\/api.w.org\/{rel}","templated":true}]}}