{"id":16035,"date":"2025-05-02T11:17:41","date_gmt":"2025-05-02T14:17:41","guid":{"rendered":"https:\/\/aptecnologia.com.ar\/new\/?post_type=product&#038;p=16035"},"modified":"2025-05-03T12:57:21","modified_gmt":"2025-05-03T15:57:21","slug":"silla-de-escritorio-grou-ap39-negro-rolic","status":"publish","type":"product","link":"https:\/\/aptecnologia.com.ar\/new\/productos\/silla-de-escritorio-grou-ap39-negro-rolic\/","title":{"rendered":"Silla de escritorio Grou AP39 Negro &#8211; ROLIC"},"content":{"rendered":"","protected":false},"excerpt":{"rendered":"<p>\u2022 Mecanismo synchron con freno multiposici\u00f3n para que trabajes con total comodidad.<\/p>\n<p>\u2022 Regulaci\u00f3n neum\u00e1tica y de tensi\u00f3n para diferentes pesos del usuario.<\/p>\n<p>\u2022 Asiento de espuma alta densidad con interior de madera multilaminada.<\/p>\n<p>\u2022 Respaldo de polipropileno, revestido con tela de red mesh J1 negra.<\/p>\n<p>\u2022 Apoyo lumbar regulable en altura.<\/p>\n<p>\u2022 Base EPIN.<\/p>\n<p>\u2022 Ruedas banda de goma<\/p>\n<p>\u2022 Apoya brazos 1D<\/p>\n<p>Uso Intensivo de 0 a 8 Hs.<\/p>\n","protected":false},"featured_media":16043,"comment_status":"open","ping_status":"closed","template":"","meta":[],"pwb-brand":[],"product_cat":[138,288],"product_tag":[],"class_list":{"0":"post-16035","1":"product","2":"type-product","3":"status-publish","4":"has-post-thumbnail","6":"product_cat-office","7":"product_cat-sillas-y-escritorios","9":"first","10":"outofstock","11":"shipping-taxable","12":"purchasable","13":"product-type-simple"},"brands":[],"_links":{"self":[{"href":"https:\/\/aptecnologia.com.ar\/new\/wp-json\/wp\/v2\/product\/16035","targetHints":{"allow":["GET"]}}],"collection":[{"href":"https:\/\/aptecnologia.com.ar\/new\/wp-json\/wp\/v2\/product"}],"about":[{"href":"https:\/\/aptecnologia.com.ar\/new\/wp-json\/wp\/v2\/types\/product"}],"replies":[{"embeddable":true,"href":"https:\/\/aptecnologia.com.ar\/new\/wp-json\/wp\/v2\/comments?post=16035"}],"version-history":[{"count":2,"href":"https:\/\/aptecnologia.com.ar\/new\/wp-json\/wp\/v2\/product\/16035\/revisions"}],"predecessor-version":[{"id":16040,"href":"https:\/\/aptecnologia.com.ar\/new\/wp-json\/wp\/v2\/product\/16035\/revisions\/16040"}],"wp:featuredmedia":[{"embeddable":true,"href":"https:\/\/aptecnologia.com.ar\/new\/wp-json\/wp\/v2\/media\/16043"}],"wp:attachment":[{"href":"https:\/\/aptecnologia.com.ar\/new\/wp-json\/wp\/v2\/media?parent=16035"}],"wp:term":[{"taxonomy":"pwb-brand","embeddable":true,"href":"https:\/\/aptecnologia.com.ar\/new\/wp-json\/wp\/v2\/pwb-brand?post=16035"},{"taxonomy":"product_cat","embeddable":true,"href":"https:\/\/aptecnologia.com.ar\/new\/wp-json\/wp\/v2\/product_cat?post=16035"},{"taxonomy":"product_tag","embeddable":true,"href":"https:\/\/aptecnologia.com.ar\/new\/wp-json\/wp\/v2\/product_tag?post=16035"}],"curies":[{"name":"wp","href":"https:\/\/api.w.org\/{rel}","templated":true}]}}