{"id":15377,"date":"2024-09-05T20:47:19","date_gmt":"2024-09-05T23:47:19","guid":{"rendered":"https:\/\/aptecnologia.com.ar\/new\/?post_type=product&#038;p=15377"},"modified":"2025-05-02T09:44:21","modified_gmt":"2025-05-02T12:44:21","slug":"monitor-22-hd-60hz-vga-hdmi-daewoo","status":"publish","type":"product","link":"https:\/\/aptecnologia.com.ar\/new\/productos\/monitor-22-hd-60hz-vga-hdmi-daewoo\/","title":{"rendered":"Monitor 22&#8243; HD 60Hz VGA HDMI &#8211; DAEWOO"},"content":{"rendered":"<p>PANTALLA FULL HD PARA IM\u00c1GENES N\u00cdTIDAS<br \/>\nCuenta con resoluci\u00f3n Full HD de 1920 x 1080, para disfrutar de detalles n\u00edtidos y gran brillo, as\u00ed como contraste incre\u00edble y colores realistas para una imagen que parece cobrar vida.<\/p>\n<p>HDMI READY PARA ENTRETENIMIENTO<br \/>\nTiene todo el hardware necesario para admitir una entrada de interfaz multimedia de alta definici\u00f3n HDMI y permitir la transmisi\u00f3n de audio y video digital.<\/p>\n<p>TECNOLOG\u00cdA LED PARA COLORES M\u00c1S N\u00cdTIDOS<br \/>\nLa tecnolog\u00eda LED permite un mayor control de la retroiluminaci\u00f3n que el LCD, lo que da como resultado una alta relaci\u00f3n de contraste y color superior.<\/p>\n","protected":false},"excerpt":{"rendered":"<p>ESPECIFICACIONES:<br \/>\nPANTALLA: 22&#8243;<br \/>\nTIPO DE PANEL: TN<br \/>\nRESOLUCI\u00d3N (TIP): 1920*1080<br \/>\nTIEMPO DE RESPUESTA: 5MS<br \/>\nPOTENCIA ADAPTADOR: 12V 3.0A<br \/>\nINCLINACI\u00d3N DE PANTALLA: +15 \/ -5<br \/>\nFRECUENCIA DE ACTUALIZACI\u00d3N: 60hZ<br \/>\nCOLOR DE PANTALLA: 16.7M<br \/>\nENTRADAS: VGA + HDMI<\/p>\n<p>MEDIDAS NETAS: 50,8x4x38,5 cm<\/p>\n<p>PESO NETO: 3,2 kg<\/p>\n","protected":false},"featured_media":15542,"comment_status":"open","ping_status":"closed","template":"","meta":[],"pwb-brand":[],"product_cat":[66,81],"product_tag":[],"class_list":{"0":"post-15377","1":"product","2":"type-product","3":"status-publish","4":"has-post-thumbnail","6":"product_cat-computacion","7":"product_cat-monitores","9":"first","10":"instock","11":"shipping-taxable","12":"purchasable","13":"product-type-simple"},"brands":[],"_links":{"self":[{"href":"https:\/\/aptecnologia.com.ar\/new\/wp-json\/wp\/v2\/product\/15377","targetHints":{"allow":["GET"]}}],"collection":[{"href":"https:\/\/aptecnologia.com.ar\/new\/wp-json\/wp\/v2\/product"}],"about":[{"href":"https:\/\/aptecnologia.com.ar\/new\/wp-json\/wp\/v2\/types\/product"}],"replies":[{"embeddable":true,"href":"https:\/\/aptecnologia.com.ar\/new\/wp-json\/wp\/v2\/comments?post=15377"}],"version-history":[{"count":2,"href":"https:\/\/aptecnologia.com.ar\/new\/wp-json\/wp\/v2\/product\/15377\/revisions"}],"predecessor-version":[{"id":15541,"href":"https:\/\/aptecnologia.com.ar\/new\/wp-json\/wp\/v2\/product\/15377\/revisions\/15541"}],"wp:featuredmedia":[{"embeddable":true,"href":"https:\/\/aptecnologia.com.ar\/new\/wp-json\/wp\/v2\/media\/15542"}],"wp:attachment":[{"href":"https:\/\/aptecnologia.com.ar\/new\/wp-json\/wp\/v2\/media?parent=15377"}],"wp:term":[{"taxonomy":"pwb-brand","embeddable":true,"href":"https:\/\/aptecnologia.com.ar\/new\/wp-json\/wp\/v2\/pwb-brand?post=15377"},{"taxonomy":"product_cat","embeddable":true,"href":"https:\/\/aptecnologia.com.ar\/new\/wp-json\/wp\/v2\/product_cat?post=15377"},{"taxonomy":"product_tag","embeddable":true,"href":"https:\/\/aptecnologia.com.ar\/new\/wp-json\/wp\/v2\/product_tag?post=15377"}],"curies":[{"name":"wp","href":"https:\/\/api.w.org\/{rel}","templated":true}]}}