{"id":15293,"date":"2024-06-18T19:16:29","date_gmt":"2024-06-18T22:16:29","guid":{"rendered":"https:\/\/aptecnologia.com.ar\/new\/?post_type=product&#038;p=15293"},"modified":"2025-05-02T09:44:22","modified_gmt":"2025-05-02T12:44:22","slug":"auriculares-in-ear-urban-style-3-5mm-negro-netmak","status":"publish","type":"product","link":"https:\/\/aptecnologia.com.ar\/new\/productos\/auriculares-in-ear-urban-style-3-5mm-negro-netmak\/","title":{"rendered":"Auriculares In-Ear Urban Style 3.5mm Negro &#8211; NETMAK"},"content":{"rendered":"","protected":false},"excerpt":{"rendered":"<p>Micr\u00f3fono incorporado al cable Auriculares con dise\u00f1o ergon\u00f3mico que se adapta a cada oreja Largo del cable 1,2 metros Ficha tradicional Plug 3,5 mm Respuesta de frecuencia 20 Hz &#8211; 20 kHz Liviano y c\u00f3modo<\/p>\n","protected":false},"featured_media":15294,"comment_status":"open","ping_status":"closed","template":"","meta":[],"pwb-brand":[],"product_cat":[67,86],"product_tag":[],"class_list":{"0":"post-15293","1":"product","2":"type-product","3":"status-publish","4":"has-post-thumbnail","6":"product_cat-audio-y-video","7":"product_cat-auriculares","9":"first","10":"instock","11":"shipping-taxable","12":"purchasable","13":"product-type-simple"},"brands":[],"_links":{"self":[{"href":"https:\/\/aptecnologia.com.ar\/new\/wp-json\/wp\/v2\/product\/15293","targetHints":{"allow":["GET"]}}],"collection":[{"href":"https:\/\/aptecnologia.com.ar\/new\/wp-json\/wp\/v2\/product"}],"about":[{"href":"https:\/\/aptecnologia.com.ar\/new\/wp-json\/wp\/v2\/types\/product"}],"replies":[{"embeddable":true,"href":"https:\/\/aptecnologia.com.ar\/new\/wp-json\/wp\/v2\/comments?post=15293"}],"version-history":[{"count":1,"href":"https:\/\/aptecnologia.com.ar\/new\/wp-json\/wp\/v2\/product\/15293\/revisions"}],"predecessor-version":[{"id":15295,"href":"https:\/\/aptecnologia.com.ar\/new\/wp-json\/wp\/v2\/product\/15293\/revisions\/15295"}],"wp:featuredmedia":[{"embeddable":true,"href":"https:\/\/aptecnologia.com.ar\/new\/wp-json\/wp\/v2\/media\/15294"}],"wp:attachment":[{"href":"https:\/\/aptecnologia.com.ar\/new\/wp-json\/wp\/v2\/media?parent=15293"}],"wp:term":[{"taxonomy":"pwb-brand","embeddable":true,"href":"https:\/\/aptecnologia.com.ar\/new\/wp-json\/wp\/v2\/pwb-brand?post=15293"},{"taxonomy":"product_cat","embeddable":true,"href":"https:\/\/aptecnologia.com.ar\/new\/wp-json\/wp\/v2\/product_cat?post=15293"},{"taxonomy":"product_tag","embeddable":true,"href":"https:\/\/aptecnologia.com.ar\/new\/wp-json\/wp\/v2\/product_tag?post=15293"}],"curies":[{"name":"wp","href":"https:\/\/api.w.org\/{rel}","templated":true}]}}