{"id":15279,"date":"2024-06-18T18:13:42","date_gmt":"2024-06-18T21:13:42","guid":{"rendered":"https:\/\/aptecnologia.com.ar\/new\/?post_type=product&#038;p=15279"},"modified":"2024-06-18T19:36:03","modified_gmt":"2024-06-18T22:36:03","slug":"toner-alt-hp-cf258a-con-chip-generica-generica","status":"publish","type":"product","link":"https:\/\/aptecnologia.com.ar\/new\/productos\/toner-alt-hp-cf258a-con-chip-generica-generica\/","title":{"rendered":"Toner Alt. HP CF258A (CON chip) &#8211; GENERICA &#8211; GENERICA"},"content":{"rendered":"<p>Toner Alternativo con amplia compatibilidad con impresoras HP y Canon. Gran rendimiento y la mayor relaci\u00f3n costo\/beneficio.<\/p>\n<p>ESPECIFICACIONES:<br \/>\nMarca: DS\/GTC\/Global<br \/>\nModelo: HP 58A (CF258A\/CRG057)<br \/>\n-Color de la tinta: Negro<br \/>\n-Tipo: Alternativo<br \/>\n-Incluye CHIP: No<br \/>\n-Rendimiento: 3000 P\u00c1GINAS (Aprox)<br \/>\n-Tecnolog\u00eda De Impresi\u00f3n: L\u00e1ser<br \/>\n-Cantidad de cartuchos: 1<br \/>\n-Compatibilidad:<br \/>\nHP LaserJet Enterprise HP\/M404\/M428 LaserJet Pro M404n \/ 404dn \/ 404dw \/ MFP M428dw \/ M428fdn \/ M428fdw<br \/>\nCanon i-sensys MF443dw\/MF445dw\/MF446x\/MF449x\/LBP223dw\/LBP226d w\/LBP228x &#8211; Canon ImageCLASS MF445dw\/LBP227dw<br \/>\nSKU 6971491737871<\/p>\n","protected":false},"excerpt":{"rendered":"<p>Toner Alternativo con amplia compatibilidad con impresoras HP y Canon. Gran rendimiento y la mayor relaci\u00f3n costo\/beneficio. ESPECIFICACIONES: Marca: DS\/GTC\/Global Modelo: HP 58A (CF258A\/CRG057) -Color de la tinta: Negro -Tipo: Alternativo -Incluye CHIP: No -Rendimiento: 3000 P\u00c1GINAS (Aprox) -Tecnolog\u00eda De Impresi\u00f3n: L\u00e1ser -Cantidad de cartuchos: 1 -Compatibilidad: HP LaserJet Enterprise HP\/M404\/M428 LaserJet Pro M404n \/ [&hellip;]<\/p>\n","protected":false},"featured_media":15281,"comment_status":"open","ping_status":"closed","template":"","meta":[],"pwb-brand":[],"product_cat":[166,89],"product_tag":[],"class_list":{"0":"post-15279","1":"product","2":"type-product","3":"status-publish","4":"has-post-thumbnail","6":"product_cat-tonersydrums","7":"product_cat-impresion","9":"first","10":"instock","11":"shipping-taxable","12":"purchasable","13":"product-type-simple"},"brands":[],"_links":{"self":[{"href":"https:\/\/aptecnologia.com.ar\/new\/wp-json\/wp\/v2\/product\/15279","targetHints":{"allow":["GET"]}}],"collection":[{"href":"https:\/\/aptecnologia.com.ar\/new\/wp-json\/wp\/v2\/product"}],"about":[{"href":"https:\/\/aptecnologia.com.ar\/new\/wp-json\/wp\/v2\/types\/product"}],"replies":[{"embeddable":true,"href":"https:\/\/aptecnologia.com.ar\/new\/wp-json\/wp\/v2\/comments?post=15279"}],"version-history":[{"count":1,"href":"https:\/\/aptecnologia.com.ar\/new\/wp-json\/wp\/v2\/product\/15279\/revisions"}],"predecessor-version":[{"id":15280,"href":"https:\/\/aptecnologia.com.ar\/new\/wp-json\/wp\/v2\/product\/15279\/revisions\/15280"}],"wp:featuredmedia":[{"embeddable":true,"href":"https:\/\/aptecnologia.com.ar\/new\/wp-json\/wp\/v2\/media\/15281"}],"wp:attachment":[{"href":"https:\/\/aptecnologia.com.ar\/new\/wp-json\/wp\/v2\/media?parent=15279"}],"wp:term":[{"taxonomy":"pwb-brand","embeddable":true,"href":"https:\/\/aptecnologia.com.ar\/new\/wp-json\/wp\/v2\/pwb-brand?post=15279"},{"taxonomy":"product_cat","embeddable":true,"href":"https:\/\/aptecnologia.com.ar\/new\/wp-json\/wp\/v2\/product_cat?post=15279"},{"taxonomy":"product_tag","embeddable":true,"href":"https:\/\/aptecnologia.com.ar\/new\/wp-json\/wp\/v2\/product_tag?post=15279"}],"curies":[{"name":"wp","href":"https:\/\/api.w.org\/{rel}","templated":true}]}}