{"id":15130,"date":"2024-03-01T13:24:50","date_gmt":"2024-03-01T16:24:50","guid":{"rendered":"https:\/\/aptecnologia.com.ar\/new\/?post_type=product&#038;p=15130"},"modified":"2024-03-01T13:24:50","modified_gmt":"2024-03-01T16:24:50","slug":"mouse-m90-dark-midnight-gray-logitech","status":"publish","type":"product","link":"https:\/\/aptecnologia.com.ar\/new\/productos\/mouse-m90-dark-midnight-gray-logitech\/","title":{"rendered":"Mouse M90 Dark Midnight Gray &#8211; LOGITECH"},"content":{"rendered":"<p><b>DIMENSIONES<\/b><br \/>\n<b>MOUSE<\/b><\/p>\n<ul>\n<li style=\"list-style-type: none;\">\n<ul>-Altura: 113 mm<\/ul>\n<\/li>\n<\/ul>\n<p>&nbsp;<\/p>\n<ul>\n<li style=\"list-style-type: none;\">\n<ul>-Ancho: 62 mm<\/ul>\n<\/li>\n<\/ul>\n<p>&nbsp;<\/p>\n<ul>\n<li style=\"list-style-type: none;\">\n<ul>-Profundidad: 38 mm<\/ul>\n<\/li>\n<\/ul>\n<p>&nbsp;<\/p>\n<ul>\n<li style=\"list-style-type: none;\">\n<ul>-Peso: 90 g<\/ul>\n<\/li>\n<\/ul>\n<p><b>CABLE<\/b><\/p>\n<ul>\n<li style=\"list-style-type: none;\">\n<ul>-Longitud del cable: 180 cm<\/ul>\n<\/li>\n<\/ul>\n<p><b>REQUISITOS DEL SISTEMA<\/b><\/p>\n<ul>\n<li style=\"list-style-type: none;\">\n<ul>-Cable USB-A<\/ul>\n<\/li>\n<\/ul>\n<p>&nbsp;<\/p>\n<ul>\n<li style=\"list-style-type: none;\">\n<ul>-Requiere: Puerto USB disponible<\/ul>\n<\/li>\n<\/ul>\n<p>&nbsp;<\/p>\n<ul>\n<li style=\"list-style-type: none;\">\n<ul>-Windows\u00ae 10,11 o posterior<\/ul>\n<\/li>\n<\/ul>\n<p>&nbsp;<\/p>\n<ul>\n<li style=\"list-style-type: none;\">\n<ul>-macOS 10.5 o posterior<\/ul>\n<\/li>\n<\/ul>\n<p>&nbsp;<\/p>\n<ul>-Linux Kernel 2.6+<\/ul>\n<p>&nbsp;<\/p>\n","protected":false},"excerpt":{"rendered":"<p><b>SIMPLICIDAD PURA<\/b><\/p>\n<ul>\n<li style=\"list-style-type: none;\">\n<ul>Confortable, sencillo y listo para usar. Es un rat\u00f3n de tama\u00f1o normal para ambidiestros, de dise\u00f1o simple y listo para cumplir con tus necesidades, sin problemas. Solo conecta el cable en el puerto USB y al instante estar\u00e1s usando un rat\u00f3n que sencillamente funciona.<\/ul>\n<\/li>\n<\/ul>\n<p><b>FACILIDAD PLUG AND PLAY<\/b><\/p>\n<ul>\n<li style=\"list-style-type: none;\">\n<ul>Es muy sencillo. Conecta el cable en el puerto USB y el M90 estar\u00e1 listo para usar. Sin descargas, ni configuraciones, ni complicaciones.<\/ul>\n<\/li>\n<\/ul>\n<p><b>OLVIDA LOS CABLES CON EL M190<\/b><br \/>\n<b>CONFORT PARA AMBAS MANOS<\/b><\/p>\n<ul>Ya seas diestro o zurdo, tendr\u00e1s confort durante horas con este dise\u00f1o de tama\u00f1o normal para uso ambidiestro.<\/ul>\n<p>&nbsp;<\/p>\n","protected":false},"featured_media":15131,"comment_status":"open","ping_status":"closed","template":"","meta":[],"pwb-brand":[108],"product_cat":[116,90],"product_tag":[],"class_list":{"0":"post-15130","1":"product","2":"type-product","3":"status-publish","4":"has-post-thumbnail","6":"pwb-brand-logitech","7":"product_cat-mouses","8":"product_cat-perifericos","10":"first","11":"outofstock","12":"shipping-taxable","13":"purchasable","14":"product-type-simple"},"brands":[{"id":108,"name":"Logitech","slug":"logitech"}],"_links":{"self":[{"href":"https:\/\/aptecnologia.com.ar\/new\/wp-json\/wp\/v2\/product\/15130","targetHints":{"allow":["GET"]}}],"collection":[{"href":"https:\/\/aptecnologia.com.ar\/new\/wp-json\/wp\/v2\/product"}],"about":[{"href":"https:\/\/aptecnologia.com.ar\/new\/wp-json\/wp\/v2\/types\/product"}],"replies":[{"embeddable":true,"href":"https:\/\/aptecnologia.com.ar\/new\/wp-json\/wp\/v2\/comments?post=15130"}],"version-history":[{"count":0,"href":"https:\/\/aptecnologia.com.ar\/new\/wp-json\/wp\/v2\/product\/15130\/revisions"}],"wp:featuredmedia":[{"embeddable":true,"href":"https:\/\/aptecnologia.com.ar\/new\/wp-json\/wp\/v2\/media\/15131"}],"wp:attachment":[{"href":"https:\/\/aptecnologia.com.ar\/new\/wp-json\/wp\/v2\/media?parent=15130"}],"wp:term":[{"taxonomy":"pwb-brand","embeddable":true,"href":"https:\/\/aptecnologia.com.ar\/new\/wp-json\/wp\/v2\/pwb-brand?post=15130"},{"taxonomy":"product_cat","embeddable":true,"href":"https:\/\/aptecnologia.com.ar\/new\/wp-json\/wp\/v2\/product_cat?post=15130"},{"taxonomy":"product_tag","embeddable":true,"href":"https:\/\/aptecnologia.com.ar\/new\/wp-json\/wp\/v2\/product_tag?post=15130"}],"curies":[{"name":"wp","href":"https:\/\/api.w.org\/{rel}","templated":true}]}}