{"id":15112,"date":"2024-02-08T12:15:48","date_gmt":"2024-02-08T15:15:48","guid":{"rendered":"https:\/\/aptecnologia.com.ar\/new\/?post_type=product&#038;p=15112"},"modified":"2024-06-13T11:38:10","modified_gmt":"2024-06-13T14:38:10","slug":"puntero-inalambrico-100-genius","status":"publish","type":"product","link":"https:\/\/aptecnologia.com.ar\/new\/productos\/puntero-inalambrico-100-genius\/","title":{"rendered":"Puntero Inalambrico 100 &#8211; GENIUS"},"content":{"rendered":"<p>El nuevo Media Pointer 100 de Genius es la mejor herramienta para usar cuando realiz\u00e1s una presentaci\u00f3n.<br \/>\nLa avanzada tecnolog\u00eda inal\u00e1mbrica 2.4G te brinda hasta 10 metros de distancia de trabajo sin interferencias.<br \/>\nEs una herramienta \u00fatil para una reuni\u00f3n, discurso, ense\u00f1anza o capacitaci\u00f3n.<br \/>\nCon un dise\u00f1o f\u00e1cil de usar, te permite controlar tu presentaci\u00f3n de manera eficiente con los botones de p\u00e1gina arriba\/p\u00e1gina abajo; cambiar la pantalla completa y la pantalla en blanco con solo un clic.<br \/>\nUtiliz\u00e1 el bot\u00f3n de rayo l\u00e1ser para resaltar tu presentaci\u00f3n<\/p>\n","protected":false},"excerpt":{"rendered":"<h5>F\u00e1cil control<\/h5>\n<p>Dise\u00f1o f\u00e1cil de usar, sin necesidad de aprender, admite p\u00e1gina arriba\/abajo, funci\u00f3n ESC.<\/p>\n<h5>Mini receptor<\/h5>\n<p>El super mini receptor se puede almacenar dentro del presentador.<\/p>\n<h5>Tecnolog\u00eda inal\u00e1mbrica 2.4G<\/h5>\n<p>El presentador de 2,4 GHz funciona hasta 10 metros sin interferencias.<\/p>\n","protected":false},"featured_media":15113,"comment_status":"open","ping_status":"closed","template":"","meta":[],"pwb-brand":[109],"product_cat":[116,90],"product_tag":[],"class_list":{"0":"post-15112","1":"product","2":"type-product","3":"status-publish","4":"has-post-thumbnail","6":"pwb-brand-genius","7":"product_cat-mouses","8":"product_cat-perifericos","10":"first","11":"instock","12":"shipping-taxable","13":"purchasable","14":"product-type-simple"},"brands":[{"id":109,"name":"Genius","slug":"genius"}],"_links":{"self":[{"href":"https:\/\/aptecnologia.com.ar\/new\/wp-json\/wp\/v2\/product\/15112","targetHints":{"allow":["GET"]}}],"collection":[{"href":"https:\/\/aptecnologia.com.ar\/new\/wp-json\/wp\/v2\/product"}],"about":[{"href":"https:\/\/aptecnologia.com.ar\/new\/wp-json\/wp\/v2\/types\/product"}],"replies":[{"embeddable":true,"href":"https:\/\/aptecnologia.com.ar\/new\/wp-json\/wp\/v2\/comments?post=15112"}],"version-history":[{"count":1,"href":"https:\/\/aptecnologia.com.ar\/new\/wp-json\/wp\/v2\/product\/15112\/revisions"}],"predecessor-version":[{"id":15275,"href":"https:\/\/aptecnologia.com.ar\/new\/wp-json\/wp\/v2\/product\/15112\/revisions\/15275"}],"wp:featuredmedia":[{"embeddable":true,"href":"https:\/\/aptecnologia.com.ar\/new\/wp-json\/wp\/v2\/media\/15113"}],"wp:attachment":[{"href":"https:\/\/aptecnologia.com.ar\/new\/wp-json\/wp\/v2\/media?parent=15112"}],"wp:term":[{"taxonomy":"pwb-brand","embeddable":true,"href":"https:\/\/aptecnologia.com.ar\/new\/wp-json\/wp\/v2\/pwb-brand?post=15112"},{"taxonomy":"product_cat","embeddable":true,"href":"https:\/\/aptecnologia.com.ar\/new\/wp-json\/wp\/v2\/product_cat?post=15112"},{"taxonomy":"product_tag","embeddable":true,"href":"https:\/\/aptecnologia.com.ar\/new\/wp-json\/wp\/v2\/product_tag?post=15112"}],"curies":[{"name":"wp","href":"https:\/\/api.w.org\/{rel}","templated":true}]}}