{"id":15108,"date":"2024-02-07T13:05:25","date_gmt":"2024-02-07T16:05:25","guid":{"rendered":"https:\/\/aptecnologia.com.ar\/new\/?post_type=product&#038;p=15108"},"modified":"2024-06-18T18:00:39","modified_gmt":"2024-06-18T21:00:39","slug":"mouse-mowr-101-negro-usb-maxell","status":"publish","type":"product","link":"https:\/\/aptecnologia.com.ar\/new\/productos\/mouse-mowr-101-negro-usb-maxell\/","title":{"rendered":"Mouse MOWR-101 Negro USB &#8211; MAXELL"},"content":{"rendered":"<p>Para trabajar desde casa con la computadora o aprovechar los momentos de ocio, necesitas comodidad y facilidad de movimiento. Con tu Maxell MOWR-101 encuentra eso que buscas en un solo aparato con la mejor tecnolog\u00eda.<\/p>\n<p>Adaptado a tus movimientos<br \/>\nSu dise\u00f1o eficaz hace de este mouse un elemento c\u00f3modo, con una gran experiencia de uso para aquellas personas que buscan seguridad en cada click.<\/p>\n<p>La funcionalidad al alcance de tu mano<br \/>\nEl sistema de detecci\u00f3n de movimiento \u00f3ptico te permitir\u00e1 mover el cursor de una manera m\u00e1s precisa y sensible que en los sistemas tradicionales.<\/p>\n<p>Apto para f\u00e1cil traslado<br \/>\nNavega r\u00e1pidamente por documentos y p\u00e1ginas web gracias su dise\u00f1o ultra delgado, ergon\u00f3mico, liviano y conveniente para llevar a donde quieras o viajar.<\/p>\n","protected":false},"excerpt":{"rendered":"<p>Para trabajar desde casa con la computadora o aprovechar los momentos de ocio, necesitas comodidad y facilidad de movimiento. Con tu Maxell MOWR-101 encuentra eso que buscas en un solo aparato con la mejor tecnolog\u00eda. Adaptado a tus movimientos Su dise\u00f1o eficaz hace de este mouse un elemento c\u00f3modo, con una gran experiencia de uso [&hellip;]<\/p>\n","protected":false},"featured_media":15109,"comment_status":"open","ping_status":"closed","template":"","meta":[],"pwb-brand":[248],"product_cat":[116,90],"product_tag":[],"class_list":{"0":"post-15108","1":"product","2":"type-product","3":"status-publish","4":"has-post-thumbnail","6":"pwb-brand-maxell","7":"product_cat-mouses","8":"product_cat-perifericos","10":"first","11":"instock","12":"shipping-taxable","13":"purchasable","14":"product-type-simple"},"brands":[{"id":248,"name":"MAXELL","slug":"maxell"}],"_links":{"self":[{"href":"https:\/\/aptecnologia.com.ar\/new\/wp-json\/wp\/v2\/product\/15108","targetHints":{"allow":["GET"]}}],"collection":[{"href":"https:\/\/aptecnologia.com.ar\/new\/wp-json\/wp\/v2\/product"}],"about":[{"href":"https:\/\/aptecnologia.com.ar\/new\/wp-json\/wp\/v2\/types\/product"}],"replies":[{"embeddable":true,"href":"https:\/\/aptecnologia.com.ar\/new\/wp-json\/wp\/v2\/comments?post=15108"}],"version-history":[{"count":3,"href":"https:\/\/aptecnologia.com.ar\/new\/wp-json\/wp\/v2\/product\/15108\/revisions"}],"predecessor-version":[{"id":15278,"href":"https:\/\/aptecnologia.com.ar\/new\/wp-json\/wp\/v2\/product\/15108\/revisions\/15278"}],"wp:featuredmedia":[{"embeddable":true,"href":"https:\/\/aptecnologia.com.ar\/new\/wp-json\/wp\/v2\/media\/15109"}],"wp:attachment":[{"href":"https:\/\/aptecnologia.com.ar\/new\/wp-json\/wp\/v2\/media?parent=15108"}],"wp:term":[{"taxonomy":"pwb-brand","embeddable":true,"href":"https:\/\/aptecnologia.com.ar\/new\/wp-json\/wp\/v2\/pwb-brand?post=15108"},{"taxonomy":"product_cat","embeddable":true,"href":"https:\/\/aptecnologia.com.ar\/new\/wp-json\/wp\/v2\/product_cat?post=15108"},{"taxonomy":"product_tag","embeddable":true,"href":"https:\/\/aptecnologia.com.ar\/new\/wp-json\/wp\/v2\/product_tag?post=15108"}],"curies":[{"name":"wp","href":"https:\/\/api.w.org\/{rel}","templated":true}]}}