{"id":14985,"date":"2023-12-09T11:00:43","date_gmt":"2023-12-09T14:00:43","guid":{"rendered":"https:\/\/aptecnologia.com.ar\/new\/?post_type=product&#038;p=14985"},"modified":"2023-12-09T11:26:04","modified_gmt":"2023-12-09T14:26:04","slug":"mouse-mowr-105-gris-maxell","status":"publish","type":"product","link":"https:\/\/aptecnologia.com.ar\/new\/productos\/mouse-mowr-105-gris-maxell\/","title":{"rendered":"Mouse MOWR-105 Gris &#8211; MAXELL"},"content":{"rendered":"<p>Mouse \u00f3ptico de 5 botones<\/p>\n<p>Resoluci\u00f3n de 1200\/1600 DPI<\/p>\n<p>5 botones para m\u00e1ximo confort: Bot\u00f3n DPI, click izquierdo, derecho, avance y retroceso<\/p>\n<p>Dise\u00f1o curvo c\u00f3modo ergon\u00f3mico<\/p>\n<p>Textura anti resbalante<\/p>\n<p>Empu\u00f1aduras laterales para dedos<\/p>\n<p>Entrada conector USB<\/p>\n<p>Largo del cable: 150 cms<\/p>\n<p>Compatible con MAC y Windows<\/p>\n<p>Colores variados para elegir<\/p>\n","protected":false},"excerpt":{"rendered":"<p>Mouse \u00f3ptico de 5 botones Resoluci\u00f3n de 1200\/1600 DPI 5 botones para m\u00e1ximo confort: Bot\u00f3n DPI, click izquierdo, derecho, avance y retroceso Dise\u00f1o curvo c\u00f3modo ergon\u00f3mico Textura anti resbalante Empu\u00f1aduras laterales para dedos Entrada conector USB Largo del cable: 150 cms Compatible con MAC y Windows Colores variados para elegir<\/p>\n","protected":false},"featured_media":14986,"comment_status":"open","ping_status":"closed","template":"","meta":[],"pwb-brand":[248],"product_cat":[116,90],"product_tag":[],"class_list":{"0":"post-14985","1":"product","2":"type-product","3":"status-publish","4":"has-post-thumbnail","6":"pwb-brand-maxell","7":"product_cat-mouses","8":"product_cat-perifericos","10":"first","11":"outofstock","12":"shipping-taxable","13":"purchasable","14":"product-type-simple"},"brands":[{"id":248,"name":"MAXELL","slug":"maxell"}],"_links":{"self":[{"href":"https:\/\/aptecnologia.com.ar\/new\/wp-json\/wp\/v2\/product\/14985","targetHints":{"allow":["GET"]}}],"collection":[{"href":"https:\/\/aptecnologia.com.ar\/new\/wp-json\/wp\/v2\/product"}],"about":[{"href":"https:\/\/aptecnologia.com.ar\/new\/wp-json\/wp\/v2\/types\/product"}],"replies":[{"embeddable":true,"href":"https:\/\/aptecnologia.com.ar\/new\/wp-json\/wp\/v2\/comments?post=14985"}],"version-history":[{"count":0,"href":"https:\/\/aptecnologia.com.ar\/new\/wp-json\/wp\/v2\/product\/14985\/revisions"}],"wp:featuredmedia":[{"embeddable":true,"href":"https:\/\/aptecnologia.com.ar\/new\/wp-json\/wp\/v2\/media\/14986"}],"wp:attachment":[{"href":"https:\/\/aptecnologia.com.ar\/new\/wp-json\/wp\/v2\/media?parent=14985"}],"wp:term":[{"taxonomy":"pwb-brand","embeddable":true,"href":"https:\/\/aptecnologia.com.ar\/new\/wp-json\/wp\/v2\/pwb-brand?post=14985"},{"taxonomy":"product_cat","embeddable":true,"href":"https:\/\/aptecnologia.com.ar\/new\/wp-json\/wp\/v2\/product_cat?post=14985"},{"taxonomy":"product_tag","embeddable":true,"href":"https:\/\/aptecnologia.com.ar\/new\/wp-json\/wp\/v2\/product_tag?post=14985"}],"curies":[{"name":"wp","href":"https:\/\/api.w.org\/{rel}","templated":true}]}}