{"id":14981,"date":"2023-12-09T10:57:45","date_gmt":"2023-12-09T13:57:45","guid":{"rendered":"https:\/\/aptecnologia.com.ar\/new\/?post_type=product&#038;p=14981"},"modified":"2023-12-09T11:25:37","modified_gmt":"2023-12-09T14:25:37","slug":"mouse-mowr-101-gris-maxell","status":"publish","type":"product","link":"https:\/\/aptecnologia.com.ar\/new\/productos\/mouse-mowr-101-gris-maxell\/","title":{"rendered":"Mouse MOWR-101 Gris &#8211; MAXELL"},"content":{"rendered":"<p>Mouse b\u00e1sico \u00f3ptico<\/p>\n<p>Resoluci\u00f3n de 1000 DPI<\/p>\n<p>Dise\u00f1o curvo c\u00f3modo ergon\u00f3mico<\/p>\n<p>Textura anti resbalante<\/p>\n<p>Empu\u00f1aduras laterales para dedos<\/p>\n<p>Entrada conector USB<\/p>\n<p>Largo del cable: 140 cms<\/p>\n<p>Compatible con MAC y Windows<\/p>\n<p>Colores variados para elegir<\/p>\n","protected":false},"excerpt":{"rendered":"<p>Mouse b\u00e1sico \u00f3ptico Resoluci\u00f3n de 1000 DPI Dise\u00f1o curvo c\u00f3modo ergon\u00f3mico Textura anti resbalante Empu\u00f1aduras laterales para dedos Entrada conector USB Largo del cable: 140 cms Compatible con MAC y Windows Colores variados para elegir<\/p>\n","protected":false},"featured_media":14982,"comment_status":"open","ping_status":"closed","template":"","meta":[],"pwb-brand":[248],"product_cat":[116,90],"product_tag":[],"class_list":{"0":"post-14981","1":"product","2":"type-product","3":"status-publish","4":"has-post-thumbnail","6":"pwb-brand-maxell","7":"product_cat-mouses","8":"product_cat-perifericos","10":"first","11":"outofstock","12":"shipping-taxable","13":"purchasable","14":"product-type-simple"},"brands":[{"id":248,"name":"MAXELL","slug":"maxell"}],"_links":{"self":[{"href":"https:\/\/aptecnologia.com.ar\/new\/wp-json\/wp\/v2\/product\/14981","targetHints":{"allow":["GET"]}}],"collection":[{"href":"https:\/\/aptecnologia.com.ar\/new\/wp-json\/wp\/v2\/product"}],"about":[{"href":"https:\/\/aptecnologia.com.ar\/new\/wp-json\/wp\/v2\/types\/product"}],"replies":[{"embeddable":true,"href":"https:\/\/aptecnologia.com.ar\/new\/wp-json\/wp\/v2\/comments?post=14981"}],"version-history":[{"count":0,"href":"https:\/\/aptecnologia.com.ar\/new\/wp-json\/wp\/v2\/product\/14981\/revisions"}],"wp:featuredmedia":[{"embeddable":true,"href":"https:\/\/aptecnologia.com.ar\/new\/wp-json\/wp\/v2\/media\/14982"}],"wp:attachment":[{"href":"https:\/\/aptecnologia.com.ar\/new\/wp-json\/wp\/v2\/media?parent=14981"}],"wp:term":[{"taxonomy":"pwb-brand","embeddable":true,"href":"https:\/\/aptecnologia.com.ar\/new\/wp-json\/wp\/v2\/pwb-brand?post=14981"},{"taxonomy":"product_cat","embeddable":true,"href":"https:\/\/aptecnologia.com.ar\/new\/wp-json\/wp\/v2\/product_cat?post=14981"},{"taxonomy":"product_tag","embeddable":true,"href":"https:\/\/aptecnologia.com.ar\/new\/wp-json\/wp\/v2\/product_tag?post=14981"}],"curies":[{"name":"wp","href":"https:\/\/api.w.org\/{rel}","templated":true}]}}