{"id":14975,"date":"2023-12-09T10:55:26","date_gmt":"2023-12-09T13:55:26","guid":{"rendered":"https:\/\/aptecnologia.com.ar\/new\/?post_type=product&#038;p=14975"},"modified":"2023-12-09T11:25:03","modified_gmt":"2023-12-09T14:25:03","slug":"combo-de-mouse-y-teclado-wkbc-200-maxell","status":"publish","type":"product","link":"https:\/\/aptecnologia.com.ar\/new\/productos\/combo-de-mouse-y-teclado-wkbc-200-maxell\/","title":{"rendered":"Combo de mouse y teclado WKBC-200 &#8211; MAXELL"},"content":{"rendered":"<p>Combo de teclado inal\u00e1mbrico con pad num\u00e9rico y mouse inal\u00e1mbrico<\/p>\n<p>Receptor USB, tecnolog\u00eda inal\u00e1mbrica 2.4GHz que controla a la vez<\/p>\n<p>Rango inal\u00e1mbrico de hasta 8 metros<\/p>\n<p>Teclas de comando directo en la parte superior para accesos directos y funciones multimedia<\/p>\n<p>Teclas sensibles para velocidad y comodidad<\/p>\n<p>Resoluci\u00f3n del mouse de 1000dpi<\/p>\n<p>Soporte de inclinaci\u00f3n<\/p>\n<p>Orificios de drenaje para accidentes o derrames de l\u00edquidos sobre el mismo<\/p>\n<p>Compatible con MAC y Windows<\/p>\n","protected":false},"excerpt":{"rendered":"<p>Combo de teclado inal\u00e1mbrico con pad num\u00e9rico y mouse inal\u00e1mbrico Receptor USB, tecnolog\u00eda inal\u00e1mbrica 2.4GHz que controla a la vez Rango inal\u00e1mbrico de hasta 8 metros Teclas de comando directo en la parte superior para accesos directos y funciones multimedia Teclas sensibles para velocidad y comodidad Resoluci\u00f3n del mouse de 1000dpi Soporte de inclinaci\u00f3n Orificios [&hellip;]<\/p>\n","protected":false},"featured_media":14976,"comment_status":"open","ping_status":"closed","template":"","meta":[],"pwb-brand":[248],"product_cat":[115,116,154,90],"product_tag":[],"class_list":{"0":"post-14975","1":"product","2":"type-product","3":"status-publish","4":"has-post-thumbnail","6":"pwb-brand-maxell","7":"product_cat-combos","8":"product_cat-mouses","9":"product_cat-teclados","10":"product_cat-perifericos","12":"first","13":"instock","14":"shipping-taxable","15":"purchasable","16":"product-type-simple"},"brands":[{"id":248,"name":"MAXELL","slug":"maxell"}],"_links":{"self":[{"href":"https:\/\/aptecnologia.com.ar\/new\/wp-json\/wp\/v2\/product\/14975","targetHints":{"allow":["GET"]}}],"collection":[{"href":"https:\/\/aptecnologia.com.ar\/new\/wp-json\/wp\/v2\/product"}],"about":[{"href":"https:\/\/aptecnologia.com.ar\/new\/wp-json\/wp\/v2\/types\/product"}],"replies":[{"embeddable":true,"href":"https:\/\/aptecnologia.com.ar\/new\/wp-json\/wp\/v2\/comments?post=14975"}],"version-history":[{"count":0,"href":"https:\/\/aptecnologia.com.ar\/new\/wp-json\/wp\/v2\/product\/14975\/revisions"}],"wp:featuredmedia":[{"embeddable":true,"href":"https:\/\/aptecnologia.com.ar\/new\/wp-json\/wp\/v2\/media\/14976"}],"wp:attachment":[{"href":"https:\/\/aptecnologia.com.ar\/new\/wp-json\/wp\/v2\/media?parent=14975"}],"wp:term":[{"taxonomy":"pwb-brand","embeddable":true,"href":"https:\/\/aptecnologia.com.ar\/new\/wp-json\/wp\/v2\/pwb-brand?post=14975"},{"taxonomy":"product_cat","embeddable":true,"href":"https:\/\/aptecnologia.com.ar\/new\/wp-json\/wp\/v2\/product_cat?post=14975"},{"taxonomy":"product_tag","embeddable":true,"href":"https:\/\/aptecnologia.com.ar\/new\/wp-json\/wp\/v2\/product_tag?post=14975"}],"curies":[{"name":"wp","href":"https:\/\/api.w.org\/{rel}","templated":true}]}}