{"id":14971,"date":"2023-12-09T10:52:10","date_gmt":"2023-12-09T13:52:10","guid":{"rendered":"https:\/\/aptecnologia.com.ar\/new\/?post_type=product&#038;p=14971"},"modified":"2023-12-09T11:23:59","modified_gmt":"2023-12-09T14:23:59","slug":"teclado-inalambrico-wkb-20-maxell","status":"publish","type":"product","link":"https:\/\/aptecnologia.com.ar\/new\/productos\/teclado-inalambrico-wkb-20-maxell\/","title":{"rendered":"Teclado Inalambrico WKB-20 &#8211; MAXELL"},"content":{"rendered":"<p>Teclado inal\u00e1mbrico delgado multifuncional con pad num\u00e9rico<\/p>\n<p>Receptor USB, tecnolog\u00eda inal\u00e1mbrica 2.4GHz<\/p>\n<p>Rango inal\u00e1mbrico de hasta 10 metros<\/p>\n<p>Teclas sensibles para velocidad y comodidad<\/p>\n<p>Soporte de inclinaci\u00f3n<\/p>\n<p>Orificios de drenaje para accidentes o derrames de l\u00edquidos sobre el mismo<\/p>\n<p>Compatible con MAC y Windows<\/p>\n<p>Empaque incluye Receptor USB, bater\u00eda alcalina para teclado y manuales<\/p>\n","protected":false},"excerpt":{"rendered":"<p>Teclado inal\u00e1mbrico delgado multifuncional con pad num\u00e9rico Receptor USB, tecnolog\u00eda inal\u00e1mbrica 2.4GHz Rango inal\u00e1mbrico de hasta 10 metros Teclas sensibles para velocidad y comodidad Soporte de inclinaci\u00f3n Orificios de drenaje para accidentes o derrames de l\u00edquidos sobre el mismo Compatible con MAC y Windows Empaque incluye Receptor USB, bater\u00eda alcalina para teclado y manuales<\/p>\n","protected":false},"featured_media":14972,"comment_status":"open","ping_status":"closed","template":"","meta":[],"pwb-brand":[248],"product_cat":[154,90],"product_tag":[],"class_list":{"0":"post-14971","1":"product","2":"type-product","3":"status-publish","4":"has-post-thumbnail","6":"pwb-brand-maxell","7":"product_cat-teclados","8":"product_cat-perifericos","10":"first","11":"instock","12":"shipping-taxable","13":"purchasable","14":"product-type-simple"},"brands":[{"id":248,"name":"MAXELL","slug":"maxell"}],"_links":{"self":[{"href":"https:\/\/aptecnologia.com.ar\/new\/wp-json\/wp\/v2\/product\/14971","targetHints":{"allow":["GET"]}}],"collection":[{"href":"https:\/\/aptecnologia.com.ar\/new\/wp-json\/wp\/v2\/product"}],"about":[{"href":"https:\/\/aptecnologia.com.ar\/new\/wp-json\/wp\/v2\/types\/product"}],"replies":[{"embeddable":true,"href":"https:\/\/aptecnologia.com.ar\/new\/wp-json\/wp\/v2\/comments?post=14971"}],"version-history":[{"count":0,"href":"https:\/\/aptecnologia.com.ar\/new\/wp-json\/wp\/v2\/product\/14971\/revisions"}],"wp:featuredmedia":[{"embeddable":true,"href":"https:\/\/aptecnologia.com.ar\/new\/wp-json\/wp\/v2\/media\/14972"}],"wp:attachment":[{"href":"https:\/\/aptecnologia.com.ar\/new\/wp-json\/wp\/v2\/media?parent=14971"}],"wp:term":[{"taxonomy":"pwb-brand","embeddable":true,"href":"https:\/\/aptecnologia.com.ar\/new\/wp-json\/wp\/v2\/pwb-brand?post=14971"},{"taxonomy":"product_cat","embeddable":true,"href":"https:\/\/aptecnologia.com.ar\/new\/wp-json\/wp\/v2\/product_cat?post=14971"},{"taxonomy":"product_tag","embeddable":true,"href":"https:\/\/aptecnologia.com.ar\/new\/wp-json\/wp\/v2\/product_tag?post=14971"}],"curies":[{"name":"wp","href":"https:\/\/api.w.org\/{rel}","templated":true}]}}