{"id":14966,"date":"2023-12-09T10:48:04","date_gmt":"2023-12-09T13:48:04","guid":{"rendered":"https:\/\/aptecnologia.com.ar\/new\/?post_type=product&#038;p=14966"},"modified":"2023-12-09T11:24:23","modified_gmt":"2023-12-09T14:24:23","slug":"teclado-usb-kb-90-negro-maxell","status":"publish","type":"product","link":"https:\/\/aptecnologia.com.ar\/new\/productos\/teclado-usb-kb-90-negro-maxell\/","title":{"rendered":"Teclado USB KB-90 Negro &#8211; MAXELL"},"content":{"rendered":"<p>Marca: MAXELL<br \/>\nConexi\u00f3n: USB<br \/>\nColor: Negro<br \/>\nSoporte de Inclinaci\u00f3n: S\u00ed<br \/>\nTipo de Teclas: Pl\u00e1sticas<br \/>\nTipo: B\u00e1sico<br \/>\nOtros:<br \/>\nTeclado b\u00e1sico con pad numerico &#8211; Teclas sensibles para velocidad y comodidad &#8211; Entrada conector USB &#8211; Soporte de inclinaci\u00f3n &#8211; Orificios de drenaje para accidentes o derrames de l\u00edquido<\/p>\n","protected":false},"excerpt":{"rendered":"<p>Marca: MAXELL Conexi\u00f3n: USB Color: Negro Soporte de Inclinaci\u00f3n: S\u00ed Tipo de Teclas: Pl\u00e1sticas Tipo: B\u00e1sico Otros: Teclado b\u00e1sico con pad numerico &#8211; Teclas sensibles para velocidad y comodidad &#8211; Entrada conector USB &#8211; Soporte de inclinaci\u00f3n &#8211; Orificios de drenaje para accidentes o derrames de l\u00edquido<\/p>\n","protected":false},"featured_media":14967,"comment_status":"open","ping_status":"closed","template":"","meta":[],"pwb-brand":[248],"product_cat":[154,90],"product_tag":[],"class_list":{"0":"post-14966","1":"product","2":"type-product","3":"status-publish","4":"has-post-thumbnail","6":"pwb-brand-maxell","7":"product_cat-teclados","8":"product_cat-perifericos","10":"first","11":"instock","12":"shipping-taxable","13":"purchasable","14":"product-type-simple"},"brands":[{"id":248,"name":"MAXELL","slug":"maxell"}],"_links":{"self":[{"href":"https:\/\/aptecnologia.com.ar\/new\/wp-json\/wp\/v2\/product\/14966","targetHints":{"allow":["GET"]}}],"collection":[{"href":"https:\/\/aptecnologia.com.ar\/new\/wp-json\/wp\/v2\/product"}],"about":[{"href":"https:\/\/aptecnologia.com.ar\/new\/wp-json\/wp\/v2\/types\/product"}],"replies":[{"embeddable":true,"href":"https:\/\/aptecnologia.com.ar\/new\/wp-json\/wp\/v2\/comments?post=14966"}],"version-history":[{"count":0,"href":"https:\/\/aptecnologia.com.ar\/new\/wp-json\/wp\/v2\/product\/14966\/revisions"}],"wp:featuredmedia":[{"embeddable":true,"href":"https:\/\/aptecnologia.com.ar\/new\/wp-json\/wp\/v2\/media\/14967"}],"wp:attachment":[{"href":"https:\/\/aptecnologia.com.ar\/new\/wp-json\/wp\/v2\/media?parent=14966"}],"wp:term":[{"taxonomy":"pwb-brand","embeddable":true,"href":"https:\/\/aptecnologia.com.ar\/new\/wp-json\/wp\/v2\/pwb-brand?post=14966"},{"taxonomy":"product_cat","embeddable":true,"href":"https:\/\/aptecnologia.com.ar\/new\/wp-json\/wp\/v2\/product_cat?post=14966"},{"taxonomy":"product_tag","embeddable":true,"href":"https:\/\/aptecnologia.com.ar\/new\/wp-json\/wp\/v2\/product_tag?post=14966"}],"curies":[{"name":"wp","href":"https:\/\/api.w.org\/{rel}","templated":true}]}}