{"id":14961,"date":"2023-12-09T10:40:03","date_gmt":"2023-12-09T13:40:03","guid":{"rendered":"https:\/\/aptecnologia.com.ar\/new\/?post_type=product&#038;p=14961"},"modified":"2023-12-09T11:19:51","modified_gmt":"2023-12-09T14:19:51","slug":"auricular-headset-h-mic-usb-maxell","status":"publish","type":"product","link":"https:\/\/aptecnologia.com.ar\/new\/productos\/auricular-headset-h-mic-usb-maxell\/","title":{"rendered":"Auricular Headset H-MIC Usb &#8211; MAXELL"},"content":{"rendered":"<p>Aud\u00edfonos de copa media con almohadillas acolchonadas y micr\u00f3fono omnidireccional<\/p>\n<p>Banda mediana ajustable<\/p>\n<p>Copa mediana con material acolchonado<\/p>\n<p>Micr\u00f3fono ominidirecional ajustable y flexible<\/p>\n<p>Sonido din\u00e1mico de alta calidad con reducci\u00f3n de sonido exterior<\/p>\n<p>Control de volumen y bot\u00f3n de modo silenciar<\/p>\n<p>Entrada conector USB<\/p>\n<p>Peso y dise\u00f1o liviano<\/p>\n","protected":false},"excerpt":{"rendered":"<p>Aud\u00edfonos de copa media con almohadillas acolchonadas y micr\u00f3fono omnidireccional Banda mediana ajustable Copa mediana con material acolchonado Micr\u00f3fono ominidirecional ajustable y flexible Sonido din\u00e1mico de alta calidad con reducci\u00f3n de sonido exterior Control de volumen y bot\u00f3n de modo silenciar Entrada conector USB Peso y dise\u00f1o liviano<\/p>\n","protected":false},"featured_media":14962,"comment_status":"open","ping_status":"closed","template":"","meta":[],"pwb-brand":[248],"product_cat":[67,86],"product_tag":[],"class_list":{"0":"post-14961","1":"product","2":"type-product","3":"status-publish","4":"has-post-thumbnail","6":"pwb-brand-maxell","7":"product_cat-audio-y-video","8":"product_cat-auriculares","10":"first","11":"outofstock","12":"shipping-taxable","13":"purchasable","14":"product-type-simple"},"brands":[{"id":248,"name":"MAXELL","slug":"maxell"}],"_links":{"self":[{"href":"https:\/\/aptecnologia.com.ar\/new\/wp-json\/wp\/v2\/product\/14961","targetHints":{"allow":["GET"]}}],"collection":[{"href":"https:\/\/aptecnologia.com.ar\/new\/wp-json\/wp\/v2\/product"}],"about":[{"href":"https:\/\/aptecnologia.com.ar\/new\/wp-json\/wp\/v2\/types\/product"}],"replies":[{"embeddable":true,"href":"https:\/\/aptecnologia.com.ar\/new\/wp-json\/wp\/v2\/comments?post=14961"}],"version-history":[{"count":0,"href":"https:\/\/aptecnologia.com.ar\/new\/wp-json\/wp\/v2\/product\/14961\/revisions"}],"wp:featuredmedia":[{"embeddable":true,"href":"https:\/\/aptecnologia.com.ar\/new\/wp-json\/wp\/v2\/media\/14962"}],"wp:attachment":[{"href":"https:\/\/aptecnologia.com.ar\/new\/wp-json\/wp\/v2\/media?parent=14961"}],"wp:term":[{"taxonomy":"pwb-brand","embeddable":true,"href":"https:\/\/aptecnologia.com.ar\/new\/wp-json\/wp\/v2\/pwb-brand?post=14961"},{"taxonomy":"product_cat","embeddable":true,"href":"https:\/\/aptecnologia.com.ar\/new\/wp-json\/wp\/v2\/product_cat?post=14961"},{"taxonomy":"product_tag","embeddable":true,"href":"https:\/\/aptecnologia.com.ar\/new\/wp-json\/wp\/v2\/product_tag?post=14961"}],"curies":[{"name":"wp","href":"https:\/\/api.w.org\/{rel}","templated":true}]}}