{"id":13817,"date":"2023-07-15T20:27:49","date_gmt":"2023-07-15T23:27:49","guid":{"rendered":"https:\/\/aptecnologia.com.ar\/new\/?post_type=product&#038;p=13817"},"modified":"2023-08-11T14:56:27","modified_gmt":"2023-08-11T17:56:27","slug":"disco-ssd-960gb-nq100-sata-lexar","status":"publish","type":"product","link":"https:\/\/aptecnologia.com.ar\/new\/productos\/disco-ssd-960gb-nq100-sata-lexar\/","title":{"rendered":"Disco SSD 960GB NQ100 SATA &#8211; LEXAR"},"content":{"rendered":"<p>Con la unidad en estado s\u00f3lido Lexar vas a incrementar la capacidad de respuesta de tu equipo. Gracias a esta tecnolog\u00eda podr\u00e1s invertir en velocidad y eficiencia para el inicio, la carga y la transferencia de datos.<\/p>\n<p>Irrompible<br \/>\nAdem\u00e1s de su funcionalidad y soporte, la importancia de los discos de almacenamiento tambi\u00e9n radica en su calidad y resistencia. Despreocupate y disfrut\u00e1 de la durabilidad de este producto debido a su capacidad de absorber y resistir fuertes impactos.<\/p>\n<p>M\u00e1s velocidad a tu alcance<br \/>\nEste producto posee una interfaz SATA III que se encarga de transferir datos con la placa madre de tu computadora. Es de gran importancia y con su velocidad de env\u00edo de informaci\u00f3n mejora el rendimiento. Vas a poder cargar todo tipo de archivos en tu PC con rapidez.<\/p>\n","protected":false},"excerpt":{"rendered":"<p>* Interfaces: SATA III<br \/>\n* Ubicaci\u00f3n del disco r\u00edgido y SSD: Interno<br \/>\n* Factor de forma del disco r\u00edgido y SSD: 2.5&#8243;<br \/>\n* Color: Negro<\/p>\n","protected":false},"featured_media":13987,"comment_status":"open","ping_status":"closed","template":"","meta":[],"pwb-brand":[190],"product_cat":[94,91],"product_tag":[],"class_list":{"0":"post-13817","1":"product","2":"type-product","3":"status-publish","4":"has-post-thumbnail","6":"pwb-brand-lexar","7":"product_cat-discos","8":"product_cat-componentes","10":"first","11":"outofstock","12":"shipping-taxable","13":"purchasable","14":"product-type-simple"},"brands":[{"id":190,"name":"Lexar","slug":"lexar"}],"_links":{"self":[{"href":"https:\/\/aptecnologia.com.ar\/new\/wp-json\/wp\/v2\/product\/13817","targetHints":{"allow":["GET"]}}],"collection":[{"href":"https:\/\/aptecnologia.com.ar\/new\/wp-json\/wp\/v2\/product"}],"about":[{"href":"https:\/\/aptecnologia.com.ar\/new\/wp-json\/wp\/v2\/types\/product"}],"replies":[{"embeddable":true,"href":"https:\/\/aptecnologia.com.ar\/new\/wp-json\/wp\/v2\/comments?post=13817"}],"version-history":[{"count":0,"href":"https:\/\/aptecnologia.com.ar\/new\/wp-json\/wp\/v2\/product\/13817\/revisions"}],"wp:featuredmedia":[{"embeddable":true,"href":"https:\/\/aptecnologia.com.ar\/new\/wp-json\/wp\/v2\/media\/13987"}],"wp:attachment":[{"href":"https:\/\/aptecnologia.com.ar\/new\/wp-json\/wp\/v2\/media?parent=13817"}],"wp:term":[{"taxonomy":"pwb-brand","embeddable":true,"href":"https:\/\/aptecnologia.com.ar\/new\/wp-json\/wp\/v2\/pwb-brand?post=13817"},{"taxonomy":"product_cat","embeddable":true,"href":"https:\/\/aptecnologia.com.ar\/new\/wp-json\/wp\/v2\/product_cat?post=13817"},{"taxonomy":"product_tag","embeddable":true,"href":"https:\/\/aptecnologia.com.ar\/new\/wp-json\/wp\/v2\/product_tag?post=13817"}],"curies":[{"name":"wp","href":"https:\/\/api.w.org\/{rel}","templated":true}]}}