{"id":13812,"date":"2023-07-15T19:57:24","date_gmt":"2023-07-15T22:57:24","guid":{"rendered":"https:\/\/aptecnologia.com.ar\/new\/?post_type=product&#038;p=13812"},"modified":"2023-08-11T14:51:46","modified_gmt":"2023-08-11T17:51:46","slug":"disco-ssd-256gb-nm620-m-2-sata-lexar","status":"publish","type":"product","link":"https:\/\/aptecnologia.com.ar\/new\/productos\/disco-ssd-256gb-nm620-m-2-sata-lexar\/","title":{"rendered":"Disco SSD 256Gb Nm620 M.2 SATA &#8211; LEXAR"},"content":{"rendered":"<p>Dise\u00f1ada para cargas de trabajo intensivo la SSD Lexar NM620 M.2 2280 PCIe Gen3x4 NVMe ofrece un rendimiento de nivel superior en la inform\u00e1tica con velocidades vertiginosas de hasta 3500 MB\/s de lectura y 3000 MB\/s de escritura. Es compatible con el est\u00e1ndar de tecnolog\u00eda PCIe Gen3x4 NVMe 1.4 y est\u00e1 construido con el \u00faltimo flash 3D NAND. Con velocidades de lectura de hasta 3500 MB\/s disfrute de 6 veces la velocidad de los SSD SATA.<\/p>\n","protected":false},"excerpt":{"rendered":"<p>* Capacidad: 256 GB<br \/>\n* Color: Negro<br \/>\n* Conexi\u00f3n: M.2, SATA<br \/>\n* Caracteristicas: Estado s\u00f3lido, NVMe<\/p>\n","protected":false},"featured_media":13983,"comment_status":"open","ping_status":"closed","template":"","meta":[],"pwb-brand":[190],"product_cat":[94,91],"product_tag":[],"class_list":{"0":"post-13812","1":"product","2":"type-product","3":"status-publish","4":"has-post-thumbnail","6":"pwb-brand-lexar","7":"product_cat-discos","8":"product_cat-componentes","10":"first","11":"instock","12":"shipping-taxable","13":"purchasable","14":"product-type-simple"},"brands":[{"id":190,"name":"Lexar","slug":"lexar"}],"_links":{"self":[{"href":"https:\/\/aptecnologia.com.ar\/new\/wp-json\/wp\/v2\/product\/13812","targetHints":{"allow":["GET"]}}],"collection":[{"href":"https:\/\/aptecnologia.com.ar\/new\/wp-json\/wp\/v2\/product"}],"about":[{"href":"https:\/\/aptecnologia.com.ar\/new\/wp-json\/wp\/v2\/types\/product"}],"replies":[{"embeddable":true,"href":"https:\/\/aptecnologia.com.ar\/new\/wp-json\/wp\/v2\/comments?post=13812"}],"version-history":[{"count":0,"href":"https:\/\/aptecnologia.com.ar\/new\/wp-json\/wp\/v2\/product\/13812\/revisions"}],"wp:featuredmedia":[{"embeddable":true,"href":"https:\/\/aptecnologia.com.ar\/new\/wp-json\/wp\/v2\/media\/13983"}],"wp:attachment":[{"href":"https:\/\/aptecnologia.com.ar\/new\/wp-json\/wp\/v2\/media?parent=13812"}],"wp:term":[{"taxonomy":"pwb-brand","embeddable":true,"href":"https:\/\/aptecnologia.com.ar\/new\/wp-json\/wp\/v2\/pwb-brand?post=13812"},{"taxonomy":"product_cat","embeddable":true,"href":"https:\/\/aptecnologia.com.ar\/new\/wp-json\/wp\/v2\/product_cat?post=13812"},{"taxonomy":"product_tag","embeddable":true,"href":"https:\/\/aptecnologia.com.ar\/new\/wp-json\/wp\/v2\/product_tag?post=13812"}],"curies":[{"name":"wp","href":"https:\/\/api.w.org\/{rel}","templated":true}]}}