{"id":13810,"date":"2023-07-15T19:48:44","date_gmt":"2023-07-15T22:48:44","guid":{"rendered":"https:\/\/aptecnologia.com.ar\/new\/?post_type=product&#038;p=13810"},"modified":"2023-09-19T12:16:35","modified_gmt":"2023-09-19T15:16:35","slug":"disco-ssd-240gb-550mb-s-2-5-sata-3-lexar","status":"publish","type":"product","link":"https:\/\/aptecnologia.com.ar\/new\/productos\/disco-ssd-240gb-550mb-s-2-5-sata-3-lexar\/","title":{"rendered":"Disco SSD 240GB 550mb\/s 2.5 sata 3 &#8211; LEXAR"},"content":{"rendered":"<p>Actualiza tu computador port\u00e1til o de escritorio para que inicie, transfiera datos y cargue aplicaciones m\u00e1s r\u00e1pidamente.<br \/>\nExperimenta un mejor rendimiento y fiabilidad que un disco duro tradicional.<br \/>\nNo tiene partes movibles. Resistente a golpes y vibraciones.<\/p>\n","protected":false},"excerpt":{"rendered":"<p>* Interfaz de disco duro: Solid State<br \/>\n* Tecnolog\u00eda de conectividad: SATA<br \/>\n* Factor de forma de disco duro: 2,5 Pulgadas<br \/>\n* Color Negro<br \/>\n* Tama\u00f1o del disco duro 240 GB<\/p>\n","protected":false},"featured_media":13950,"comment_status":"open","ping_status":"closed","template":"","meta":[],"pwb-brand":[190],"product_cat":[94,91],"product_tag":[],"class_list":{"0":"post-13810","1":"product","2":"type-product","3":"status-publish","4":"has-post-thumbnail","6":"pwb-brand-lexar","7":"product_cat-discos","8":"product_cat-componentes","10":"first","11":"instock","12":"shipping-taxable","13":"purchasable","14":"product-type-simple"},"brands":[{"id":190,"name":"Lexar","slug":"lexar"}],"_links":{"self":[{"href":"https:\/\/aptecnologia.com.ar\/new\/wp-json\/wp\/v2\/product\/13810","targetHints":{"allow":["GET"]}}],"collection":[{"href":"https:\/\/aptecnologia.com.ar\/new\/wp-json\/wp\/v2\/product"}],"about":[{"href":"https:\/\/aptecnologia.com.ar\/new\/wp-json\/wp\/v2\/types\/product"}],"replies":[{"embeddable":true,"href":"https:\/\/aptecnologia.com.ar\/new\/wp-json\/wp\/v2\/comments?post=13810"}],"version-history":[{"count":0,"href":"https:\/\/aptecnologia.com.ar\/new\/wp-json\/wp\/v2\/product\/13810\/revisions"}],"wp:featuredmedia":[{"embeddable":true,"href":"https:\/\/aptecnologia.com.ar\/new\/wp-json\/wp\/v2\/media\/13950"}],"wp:attachment":[{"href":"https:\/\/aptecnologia.com.ar\/new\/wp-json\/wp\/v2\/media?parent=13810"}],"wp:term":[{"taxonomy":"pwb-brand","embeddable":true,"href":"https:\/\/aptecnologia.com.ar\/new\/wp-json\/wp\/v2\/pwb-brand?post=13810"},{"taxonomy":"product_cat","embeddable":true,"href":"https:\/\/aptecnologia.com.ar\/new\/wp-json\/wp\/v2\/product_cat?post=13810"},{"taxonomy":"product_tag","embeddable":true,"href":"https:\/\/aptecnologia.com.ar\/new\/wp-json\/wp\/v2\/product_tag?post=13810"}],"curies":[{"name":"wp","href":"https:\/\/api.w.org\/{rel}","templated":true}]}}