{"id":13767,"date":"2023-07-08T12:57:29","date_gmt":"2023-07-08T15:57:29","guid":{"rendered":"https:\/\/aptecnologia.com.ar\/new\/?post_type=product&#038;p=13767"},"modified":"2024-09-11T13:02:52","modified_gmt":"2024-09-11T16:02:52","slug":"impresora-laser-monocromatica-brother-hl-1200-usb-brother","status":"publish","type":"product","link":"https:\/\/aptecnologia.com.ar\/new\/productos\/impresora-laser-monocromatica-brother-hl-1200-usb-brother\/","title":{"rendered":"Impresora Laser ByN HL-1200 USB &#8211; BROTHER"},"content":{"rendered":"<p>Impresora L\u00e1ser CompactaLa HL-1200 es una impresora l\u00e1ser monocrom\u00e1tica de tama\u00f1o compacto, ideal para uso personal. Ofrece alta calidad de impresi\u00f3n con 2400 x 600 dpi y velocidad de impresi\u00f3n de 21ppm \u2021. Tambi\u00e9n cuenta con una bandeja para 150 hojas y modo de ahorro de T\u00f3ner. Adem\u00e1s, su dise\u00f1o compacto y moderno ahorra espacio y permite colocarla virtualmente en cualquier sitio. Para ayudarle a reducir el costo de operaci\u00f3n, utiliza toner de reemplazo de bajo precio (disponible para la venta).<br \/>\nUtiliza toner TN1060 y Drum DR1060.<\/p>\n","protected":false},"excerpt":{"rendered":"<p>* Bandeja de papel con capacidad para 150 hojas<br \/>\n* Velocidad de impresi\u00f3n hasta 21 ppm<br \/>\n* Dise\u00f1o compacto y moderno<\/p>\n","protected":false},"featured_media":13788,"comment_status":"open","ping_status":"closed","template":"","meta":[],"pwb-brand":[172],"product_cat":[165,266,89],"product_tag":[],"class_list":{"0":"post-13767","1":"product","2":"type-product","3":"status-publish","4":"has-post-thumbnail","6":"pwb-brand-brother","7":"product_cat-impresoras","8":"product_cat-lasmonorcomatica","9":"product_cat-impresion","11":"first","12":"outofstock","13":"shipping-taxable","14":"purchasable","15":"product-type-simple"},"brands":[{"id":172,"name":"Brother","slug":"brother"}],"_links":{"self":[{"href":"https:\/\/aptecnologia.com.ar\/new\/wp-json\/wp\/v2\/product\/13767","targetHints":{"allow":["GET"]}}],"collection":[{"href":"https:\/\/aptecnologia.com.ar\/new\/wp-json\/wp\/v2\/product"}],"about":[{"href":"https:\/\/aptecnologia.com.ar\/new\/wp-json\/wp\/v2\/types\/product"}],"replies":[{"embeddable":true,"href":"https:\/\/aptecnologia.com.ar\/new\/wp-json\/wp\/v2\/comments?post=13767"}],"version-history":[{"count":1,"href":"https:\/\/aptecnologia.com.ar\/new\/wp-json\/wp\/v2\/product\/13767\/revisions"}],"predecessor-version":[{"id":15316,"href":"https:\/\/aptecnologia.com.ar\/new\/wp-json\/wp\/v2\/product\/13767\/revisions\/15316"}],"wp:featuredmedia":[{"embeddable":true,"href":"https:\/\/aptecnologia.com.ar\/new\/wp-json\/wp\/v2\/media\/13788"}],"wp:attachment":[{"href":"https:\/\/aptecnologia.com.ar\/new\/wp-json\/wp\/v2\/media?parent=13767"}],"wp:term":[{"taxonomy":"pwb-brand","embeddable":true,"href":"https:\/\/aptecnologia.com.ar\/new\/wp-json\/wp\/v2\/pwb-brand?post=13767"},{"taxonomy":"product_cat","embeddable":true,"href":"https:\/\/aptecnologia.com.ar\/new\/wp-json\/wp\/v2\/product_cat?post=13767"},{"taxonomy":"product_tag","embeddable":true,"href":"https:\/\/aptecnologia.com.ar\/new\/wp-json\/wp\/v2\/product_tag?post=13767"}],"curies":[{"name":"wp","href":"https:\/\/api.w.org\/{rel}","templated":true}]}}