{"id":13764,"date":"2023-07-08T12:29:50","date_gmt":"2023-07-08T15:29:50","guid":{"rendered":"https:\/\/aptecnologia.com.ar\/new\/?post_type=product&#038;p=13764"},"modified":"2025-03-04T11:04:02","modified_gmt":"2025-03-04T14:04:02","slug":"impresora-laser-monocromatica-hl1212w-usb-wifi-brother","status":"publish","type":"product","link":"https:\/\/aptecnologia.com.ar\/new\/productos\/impresora-laser-monocromatica-hl1212w-usb-wifi-brother\/","title":{"rendered":"Impresora Laser ByN HL-1212W USB -WiFi &#8211; BROTHER"},"content":{"rendered":"<p>Impresora l\u00e1ser monocrom\u00e1tica confiable de precio econ\u00f3mico, ideal para el hogar. Imprime hasta 21 ppm \u2021 con rapidez, es f\u00e1cil de usar en una red inal\u00e1mbrica y permite imprimir desde dispositivos m\u00f3viles v\u00eda Brother iPrint&amp;Scan. Cuenta con una bandeja expandible para 150 hojas hasta tama\u00f1o legal y utiliza cartuchos de t\u00f3ner de remplazo de bajo costo. Imprime documentos de alta calidad desde tama\u00f1o A5 hasta tama\u00f1o legal con resoluci\u00f3n de 2.400 x 600 dpi (tecnolog\u00eda HQ1200). Su dise\u00f1o compacto y moderno permite ubicarla pr\u00e1cticamente en cualquier lugar.<br \/>\nUtiliza Toner TN1060 y Drum: DR1060.<\/p>\n","protected":false},"excerpt":{"rendered":"<p>* Bandeja de papel con capacidad para 150 hojas<br \/>\n* Velocidad de impresi\u00f3n y copiado hasta 21 ppm\u2021<br \/>\n* F\u00e1cil impresi\u00f3n inal\u00e1mbrica en dispositivos m\u00f3viles<\/p>\n","protected":false},"featured_media":13785,"comment_status":"open","ping_status":"closed","template":"","meta":[],"pwb-brand":[172],"product_cat":[165,266,89],"product_tag":[],"class_list":{"0":"post-13764","1":"product","2":"type-product","3":"status-publish","4":"has-post-thumbnail","6":"pwb-brand-brother","7":"product_cat-impresoras","8":"product_cat-lasmonorcomatica","9":"product_cat-impresion","11":"first","12":"instock","13":"shipping-taxable","14":"purchasable","15":"product-type-simple"},"brands":[{"id":172,"name":"Brother","slug":"brother"}],"_links":{"self":[{"href":"https:\/\/aptecnologia.com.ar\/new\/wp-json\/wp\/v2\/product\/13764","targetHints":{"allow":["GET"]}}],"collection":[{"href":"https:\/\/aptecnologia.com.ar\/new\/wp-json\/wp\/v2\/product"}],"about":[{"href":"https:\/\/aptecnologia.com.ar\/new\/wp-json\/wp\/v2\/types\/product"}],"replies":[{"embeddable":true,"href":"https:\/\/aptecnologia.com.ar\/new\/wp-json\/wp\/v2\/comments?post=13764"}],"version-history":[{"count":1,"href":"https:\/\/aptecnologia.com.ar\/new\/wp-json\/wp\/v2\/product\/13764\/revisions"}],"predecessor-version":[{"id":15317,"href":"https:\/\/aptecnologia.com.ar\/new\/wp-json\/wp\/v2\/product\/13764\/revisions\/15317"}],"wp:featuredmedia":[{"embeddable":true,"href":"https:\/\/aptecnologia.com.ar\/new\/wp-json\/wp\/v2\/media\/13785"}],"wp:attachment":[{"href":"https:\/\/aptecnologia.com.ar\/new\/wp-json\/wp\/v2\/media?parent=13764"}],"wp:term":[{"taxonomy":"pwb-brand","embeddable":true,"href":"https:\/\/aptecnologia.com.ar\/new\/wp-json\/wp\/v2\/pwb-brand?post=13764"},{"taxonomy":"product_cat","embeddable":true,"href":"https:\/\/aptecnologia.com.ar\/new\/wp-json\/wp\/v2\/product_cat?post=13764"},{"taxonomy":"product_tag","embeddable":true,"href":"https:\/\/aptecnologia.com.ar\/new\/wp-json\/wp\/v2\/product_tag?post=13764"}],"curies":[{"name":"wp","href":"https:\/\/api.w.org\/{rel}","templated":true}]}}