{"id":13729,"date":"2023-07-01T13:42:02","date_gmt":"2023-07-01T16:42:02","guid":{"rendered":"https:\/\/aptecnologia.com.ar\/new\/?post_type=product&#038;p=13729"},"modified":"2023-07-04T11:06:14","modified_gmt":"2023-07-04T14:06:14","slug":"patchcord-cat-5-2-4mt-glc","status":"publish","type":"product","link":"https:\/\/aptecnologia.com.ar\/new\/productos\/patchcord-cat-5-2-4mt-glc\/","title":{"rendered":"Patchcord Cat 5 2.4mt &#8211; GLC"},"content":{"rendered":"<p>De la familia de productos GLC: PATCH CORD UTP CAT.5E 2.4M. Esta unidad funciona como cord\u00f3n de conectividad y suele utilizarse para interligar las redes de voz, datos e im\u00e1genes con equipamiento de otras \u00e1reas de trabajo (cableado horizontal).<\/p>\n<p>Esta unidad posee CONECTORES MODULARES DE 8 POSICIONES en ambas terminaciones (con una vaina de protecciones).<\/p>\n<p>Compuesto por cables flexibles UTP de 4 pares categor\u00eda 5e<\/p>\n<p>Ofrece facilidad en el mantenimiento y durabilidad. Garantiza una instalaci\u00f3n libre de fallas.<\/p>\n","protected":false},"excerpt":{"rendered":"<p>* Conector de salida: RJ45<br \/>\n* Conector de entrada: RJ-45<br \/>\n* Ambiente: Interior<br \/>\n* Incluye conectores<\/p>\n","protected":false},"featured_media":13749,"comment_status":"open","ping_status":"closed","template":"","meta":[],"pwb-brand":[205],"product_cat":[193,70],"product_tag":[],"class_list":{"0":"post-13729","1":"product","2":"type-product","3":"status-publish","4":"has-post-thumbnail","6":"pwb-brand-glc","7":"product_cat-accesorios-conectividad-y-redes","8":"product_cat-conectividad-y-redes","10":"first","11":"instock","12":"shipping-taxable","13":"purchasable","14":"product-type-simple"},"brands":[{"id":205,"name":"GLC","slug":"glc"}],"_links":{"self":[{"href":"https:\/\/aptecnologia.com.ar\/new\/wp-json\/wp\/v2\/product\/13729","targetHints":{"allow":["GET"]}}],"collection":[{"href":"https:\/\/aptecnologia.com.ar\/new\/wp-json\/wp\/v2\/product"}],"about":[{"href":"https:\/\/aptecnologia.com.ar\/new\/wp-json\/wp\/v2\/types\/product"}],"replies":[{"embeddable":true,"href":"https:\/\/aptecnologia.com.ar\/new\/wp-json\/wp\/v2\/comments?post=13729"}],"version-history":[{"count":0,"href":"https:\/\/aptecnologia.com.ar\/new\/wp-json\/wp\/v2\/product\/13729\/revisions"}],"wp:featuredmedia":[{"embeddable":true,"href":"https:\/\/aptecnologia.com.ar\/new\/wp-json\/wp\/v2\/media\/13749"}],"wp:attachment":[{"href":"https:\/\/aptecnologia.com.ar\/new\/wp-json\/wp\/v2\/media?parent=13729"}],"wp:term":[{"taxonomy":"pwb-brand","embeddable":true,"href":"https:\/\/aptecnologia.com.ar\/new\/wp-json\/wp\/v2\/pwb-brand?post=13729"},{"taxonomy":"product_cat","embeddable":true,"href":"https:\/\/aptecnologia.com.ar\/new\/wp-json\/wp\/v2\/product_cat?post=13729"},{"taxonomy":"product_tag","embeddable":true,"href":"https:\/\/aptecnologia.com.ar\/new\/wp-json\/wp\/v2\/product_tag?post=13729"}],"curies":[{"name":"wp","href":"https:\/\/api.w.org\/{rel}","templated":true}]}}