{"id":13727,"date":"2023-07-01T12:27:05","date_gmt":"2023-07-01T15:27:05","guid":{"rendered":"https:\/\/aptecnologia.com.ar\/new\/?post_type=product&#038;p=13727"},"modified":"2023-07-04T11:04:24","modified_gmt":"2023-07-04T14:04:24","slug":"cargador-de-pared-usb-de-2-1ah-nisuta","status":"publish","type":"product","link":"https:\/\/aptecnologia.com.ar\/new\/productos\/cargador-de-pared-usb-de-2-1ah-nisuta\/","title":{"rendered":"Cargador de pared USB de 2.1Ah &#8211; NISUTA"},"content":{"rendered":"<p>Cuenta con tipo de conector USB.<br \/>\nRecarg\u00e1 la bater\u00eda de tus dispositivos de manera r\u00e1pida y eficaz.<\/p>\n","protected":false},"excerpt":{"rendered":"<p>\u2022 Entrada: AC 100-240V 50\/60Hz 0.35A; IP20<br \/>\n\u2022 Salida: 2.1A<br \/>\n\u2022 Alta Potencia 10.5 Watts<br \/>\n\u2022 Gran velocidad de carga<br \/>\n\u2022 Certificado N\u00ba M 9526\/1 REVISION B de la certificadora IQC S.A.<\/p>\n","protected":false},"featured_media":13748,"comment_status":"open","ping_status":"closed","template":"","meta":[],"pwb-brand":[151],"product_cat":[197,196],"product_tag":[],"class_list":{"0":"post-13727","1":"product","2":"type-product","3":"status-publish","4":"has-post-thumbnail","6":"pwb-brand-nisuta","7":"product_cat-accesorios-celulares","8":"product_cat-celulares","10":"first","11":"instock","12":"shipping-taxable","13":"purchasable","14":"product-type-simple"},"brands":[{"id":151,"name":"Nisuta","slug":"nisuta"}],"_links":{"self":[{"href":"https:\/\/aptecnologia.com.ar\/new\/wp-json\/wp\/v2\/product\/13727","targetHints":{"allow":["GET"]}}],"collection":[{"href":"https:\/\/aptecnologia.com.ar\/new\/wp-json\/wp\/v2\/product"}],"about":[{"href":"https:\/\/aptecnologia.com.ar\/new\/wp-json\/wp\/v2\/types\/product"}],"replies":[{"embeddable":true,"href":"https:\/\/aptecnologia.com.ar\/new\/wp-json\/wp\/v2\/comments?post=13727"}],"version-history":[{"count":0,"href":"https:\/\/aptecnologia.com.ar\/new\/wp-json\/wp\/v2\/product\/13727\/revisions"}],"wp:featuredmedia":[{"embeddable":true,"href":"https:\/\/aptecnologia.com.ar\/new\/wp-json\/wp\/v2\/media\/13748"}],"wp:attachment":[{"href":"https:\/\/aptecnologia.com.ar\/new\/wp-json\/wp\/v2\/media?parent=13727"}],"wp:term":[{"taxonomy":"pwb-brand","embeddable":true,"href":"https:\/\/aptecnologia.com.ar\/new\/wp-json\/wp\/v2\/pwb-brand?post=13727"},{"taxonomy":"product_cat","embeddable":true,"href":"https:\/\/aptecnologia.com.ar\/new\/wp-json\/wp\/v2\/product_cat?post=13727"},{"taxonomy":"product_tag","embeddable":true,"href":"https:\/\/aptecnologia.com.ar\/new\/wp-json\/wp\/v2\/product_tag?post=13727"}],"curies":[{"name":"wp","href":"https:\/\/api.w.org\/{rel}","templated":true}]}}