{"id":13721,"date":"2023-07-01T11:50:13","date_gmt":"2023-07-01T14:50:13","guid":{"rendered":"https:\/\/aptecnologia.com.ar\/new\/?post_type=product&#038;p=13721"},"modified":"2023-07-04T10:54:39","modified_gmt":"2023-07-04T13:54:39","slug":"conversor-usb-2-0-a-vga-nisuta","status":"publish","type":"product","link":"https:\/\/aptecnologia.com.ar\/new\/productos\/conversor-usb-2-0-a-vga-nisuta\/","title":{"rendered":"Conversor USB 2.0 a VGA &#8211; NISUTA"},"content":{"rendered":"<p>Este es un dispositivo electr\u00f3nico, no un simple cable, con lo cual le recomendamos evitar conectarlo\/desconectarlo cuando la PC y\/o el monitor est\u00e9n funcionando para as\u00ed evitar da\u00f1ar el conversor.<\/p>\n","protected":false},"excerpt":{"rendered":"<p>\u2022 Longitud del conversor 15cm<br \/>\n\u2022 Material: pl\u00e1stico<br \/>\n\u2022 Soporta los sistemas operativos: Win 10<br \/>\n\u2022 Soporta funci\u00f3n de pantalla extendida, pantalla principal y espejo<br \/>\n\u2022 Soporta resoluci\u00f3n: 1080P@60Hz,1080i,720p,480p y 480i<br \/>\n\u2022 Soporta funci\u00f3n multipantallas (m\u00e1ximo 3 pantallas)<\/p>\n","protected":false},"featured_media":13745,"comment_status":"open","ping_status":"closed","template":"","meta":[],"pwb-brand":[151],"product_cat":[174],"product_tag":[],"class_list":{"0":"post-13721","1":"product","2":"type-product","3":"status-publish","4":"has-post-thumbnail","6":"pwb-brand-nisuta","7":"product_cat-cables-y-adaptadores","9":"first","10":"instock","11":"shipping-taxable","12":"purchasable","13":"product-type-simple"},"brands":[{"id":151,"name":"Nisuta","slug":"nisuta"}],"_links":{"self":[{"href":"https:\/\/aptecnologia.com.ar\/new\/wp-json\/wp\/v2\/product\/13721","targetHints":{"allow":["GET"]}}],"collection":[{"href":"https:\/\/aptecnologia.com.ar\/new\/wp-json\/wp\/v2\/product"}],"about":[{"href":"https:\/\/aptecnologia.com.ar\/new\/wp-json\/wp\/v2\/types\/product"}],"replies":[{"embeddable":true,"href":"https:\/\/aptecnologia.com.ar\/new\/wp-json\/wp\/v2\/comments?post=13721"}],"version-history":[{"count":0,"href":"https:\/\/aptecnologia.com.ar\/new\/wp-json\/wp\/v2\/product\/13721\/revisions"}],"wp:featuredmedia":[{"embeddable":true,"href":"https:\/\/aptecnologia.com.ar\/new\/wp-json\/wp\/v2\/media\/13745"}],"wp:attachment":[{"href":"https:\/\/aptecnologia.com.ar\/new\/wp-json\/wp\/v2\/media?parent=13721"}],"wp:term":[{"taxonomy":"pwb-brand","embeddable":true,"href":"https:\/\/aptecnologia.com.ar\/new\/wp-json\/wp\/v2\/pwb-brand?post=13721"},{"taxonomy":"product_cat","embeddable":true,"href":"https:\/\/aptecnologia.com.ar\/new\/wp-json\/wp\/v2\/product_cat?post=13721"},{"taxonomy":"product_tag","embeddable":true,"href":"https:\/\/aptecnologia.com.ar\/new\/wp-json\/wp\/v2\/product_tag?post=13721"}],"curies":[{"name":"wp","href":"https:\/\/api.w.org\/{rel}","templated":true}]}}