{"id":13718,"date":"2023-07-01T11:21:04","date_gmt":"2023-07-01T14:21:04","guid":{"rendered":"https:\/\/aptecnologia.com.ar\/new\/?post_type=product&#038;p=13718"},"modified":"2023-07-04T10:52:05","modified_gmt":"2023-07-04T13:52:05","slug":"parlante-bluetooth-go-essential-negro-jbl","status":"publish","type":"product","link":"https:\/\/aptecnologia.com.ar\/new\/productos\/parlante-bluetooth-go-essential-negro-jbl\/","title":{"rendered":"Parlante BLUETOOTH Go Essential Negro &#8211; JBL"},"content":{"rendered":"<p>JBL Go Essential ofrece un sonido natural, con una gran claridad y precisi\u00f3n, que se dispersa de manera uniforme. Un parlante que asegura potencia y calidad por igual en la reproducci\u00f3n de contenidos multimedia.<\/p>\n<p>Olv\u00eddate del amplificador<br \/>\nAl ser activa solo necesitar\u00e1s conectarla a la fuente de sonido y el mismo equipo se encargar\u00e1 de amplificar y reproducir: ganar\u00e1s practicidad y espacio, ya que adem\u00e1s requiere menos cableado que una pasiva. Es la soluci\u00f3n m\u00e1s conveniente si quieres producir m\u00fasica en tu casa o en un estudio, y tambi\u00e9n para DJs.<\/p>\n<p>Manos libres<br \/>\nEsta funci\u00f3n te da la facilidad de seguir utilizando tu smartphone aun cuando est\u00e9 conectado al parlante. Responder y realizar llamadas o ignorarlas, son algunas de las acciones que se pueden hacer directamente con los botones de tu Go Essential, sin desconectar ni tocar el tel\u00e9fono.<\/p>\n<p>Entretiene con tus propias creaciones<br \/>\nCon la consola de DJ que integra este equipo, la fiesta puede ser a\u00fan mejor. No solo te permitir\u00e1 aumentar el sonido de las canciones, sino que tambi\u00e9n podr\u00e1s mezclar y reproducir efectos divertidos.<\/p>\n<p>Apto para aire libre<br \/>\n\u00dasalo en donde quieras, este dispositivo est\u00e1 dise\u00f1ado para que tengas el mejor sonido siempre, tanto en interiores como en exteriores.<\/p>\n<p>MAS CARACTERISTICAS:<\/p>\n<p>Bater\u00eda recargable y cargador incluido.<br \/>\nPotencia de 3.1W.<br \/>\nConector de entrada: USB.<br \/>\nLugar de colocaci\u00f3n: mesa y piso.<br \/>\nDimensiones: 8.6cm de ancho, 71.2mm de alto y 31.6mm de profundidad.<br \/>\nIdeal para escuchar tu m\u00fasica preferida.<br \/>\nLa duraci\u00f3n de la bater\u00eda depende del uso que se le de al producto.<br \/>\nTiempo de carga de la bater\u00eda: 2.5h.<\/p>\n","protected":false},"excerpt":{"rendered":"<p>* Es manos libres.<br \/>\n* Apto para uso en exteriores.<br \/>\n* Es a prueba de agua.<br \/>\n* Con conectividad bluetooth.<br \/>\n* Consola de DJ integrada.<\/p>\n","protected":false},"featured_media":13742,"comment_status":"open","ping_status":"closed","template":"","meta":[],"pwb-brand":[230],"product_cat":[67,83],"product_tag":[],"class_list":{"0":"post-13718","1":"product","2":"type-product","3":"status-publish","4":"has-post-thumbnail","6":"pwb-brand-jbl","7":"product_cat-audio-y-video","8":"product_cat-parlantes","10":"first","11":"outofstock","12":"shipping-taxable","13":"purchasable","14":"product-type-simple"},"brands":[{"id":230,"name":"JBL","slug":"jbl"}],"_links":{"self":[{"href":"https:\/\/aptecnologia.com.ar\/new\/wp-json\/wp\/v2\/product\/13718","targetHints":{"allow":["GET"]}}],"collection":[{"href":"https:\/\/aptecnologia.com.ar\/new\/wp-json\/wp\/v2\/product"}],"about":[{"href":"https:\/\/aptecnologia.com.ar\/new\/wp-json\/wp\/v2\/types\/product"}],"replies":[{"embeddable":true,"href":"https:\/\/aptecnologia.com.ar\/new\/wp-json\/wp\/v2\/comments?post=13718"}],"version-history":[{"count":0,"href":"https:\/\/aptecnologia.com.ar\/new\/wp-json\/wp\/v2\/product\/13718\/revisions"}],"wp:featuredmedia":[{"embeddable":true,"href":"https:\/\/aptecnologia.com.ar\/new\/wp-json\/wp\/v2\/media\/13742"}],"wp:attachment":[{"href":"https:\/\/aptecnologia.com.ar\/new\/wp-json\/wp\/v2\/media?parent=13718"}],"wp:term":[{"taxonomy":"pwb-brand","embeddable":true,"href":"https:\/\/aptecnologia.com.ar\/new\/wp-json\/wp\/v2\/pwb-brand?post=13718"},{"taxonomy":"product_cat","embeddable":true,"href":"https:\/\/aptecnologia.com.ar\/new\/wp-json\/wp\/v2\/product_cat?post=13718"},{"taxonomy":"product_tag","embeddable":true,"href":"https:\/\/aptecnologia.com.ar\/new\/wp-json\/wp\/v2\/product_tag?post=13718"}],"curies":[{"name":"wp","href":"https:\/\/api.w.org\/{rel}","templated":true}]}}