{"id":13671,"date":"2023-06-21T16:49:55","date_gmt":"2023-06-21T19:49:55","guid":{"rendered":"https:\/\/aptecnologia.com.ar\/new\/?post_type=product&#038;p=13671"},"modified":"2023-06-24T14:33:32","modified_gmt":"2023-06-24T17:33:32","slug":"cinta-rotuladora-tzempsl31-negro-encaje-plateado-brother","status":"publish","type":"product","link":"https:\/\/aptecnologia.com.ar\/new\/productos\/cinta-rotuladora-tzempsl31-negro-encaje-plateado-brother\/","title":{"rendered":"Cinta Rotuladora TZEMPSL31 Negro\/Encaje Plateado &#8211; BROTHER"},"content":{"rendered":"<p>Esta cinta de Fondo de encaja plateado y Letras Negras 12mm de ancho (0,47&#8243;) x 4m (13&#8243;) de largo es compatible con rotuladoras P-Touch que acepten cintas TZ y tengan un limite m\u00e1ximo de tama\u00f1o de insumo de 12mm o superior.<\/p>\n<p>Las cintas laminadas TZ tienen una fuerte adherencia, alta resistencia de sustancias qu\u00edmicas, a la abrasi\u00f3n y al agua, entre otros factores externos.<br \/>\nLas mismas ofrecen una importante variedad de anchos, colores y tipos de cintas especiales (est\u00e1ndar, flexibles, con doble adhesivo, de tela, transparentes), tanto para aplicaciones en interiores como en exteriores dependiendo de la necesidad.<\/p>\n<p>Identifique activos, cables, paneles, patcheras, servidores, \u00fatiles, frascos, instrumentales, herramientas y cualquier bien que necesite, su creatividad es el \u00fanico l\u00edmite.<\/p>\n<p>Compatible con los modelos de rotuladoras PT-E110, PT-E300VP, PT-E550WVP, PT-H110,PT-H100PK, GL-H100, PT-H100<\/p>\n","protected":false},"excerpt":{"rendered":"<p>* Color: Negro\/encaje plateado<br \/>\n* Medidas: Ancho: 12mm. Longitud: 4m<br \/>\n* Tipo: Laminada<\/p>\n","protected":false},"featured_media":13692,"comment_status":"open","ping_status":"closed","template":"","meta":[],"pwb-brand":[172],"product_cat":[168,89],"product_tag":[],"class_list":{"0":"post-13671","1":"product","2":"type-product","3":"status-publish","4":"has-post-thumbnail","6":"pwb-brand-brother","7":"product_cat-cintasrotulacion","8":"product_cat-impresion","10":"first","11":"instock","12":"shipping-taxable","13":"purchasable","14":"product-type-simple"},"brands":[{"id":172,"name":"Brother","slug":"brother"}],"_links":{"self":[{"href":"https:\/\/aptecnologia.com.ar\/new\/wp-json\/wp\/v2\/product\/13671","targetHints":{"allow":["GET"]}}],"collection":[{"href":"https:\/\/aptecnologia.com.ar\/new\/wp-json\/wp\/v2\/product"}],"about":[{"href":"https:\/\/aptecnologia.com.ar\/new\/wp-json\/wp\/v2\/types\/product"}],"replies":[{"embeddable":true,"href":"https:\/\/aptecnologia.com.ar\/new\/wp-json\/wp\/v2\/comments?post=13671"}],"version-history":[{"count":0,"href":"https:\/\/aptecnologia.com.ar\/new\/wp-json\/wp\/v2\/product\/13671\/revisions"}],"wp:featuredmedia":[{"embeddable":true,"href":"https:\/\/aptecnologia.com.ar\/new\/wp-json\/wp\/v2\/media\/13692"}],"wp:attachment":[{"href":"https:\/\/aptecnologia.com.ar\/new\/wp-json\/wp\/v2\/media?parent=13671"}],"wp:term":[{"taxonomy":"pwb-brand","embeddable":true,"href":"https:\/\/aptecnologia.com.ar\/new\/wp-json\/wp\/v2\/pwb-brand?post=13671"},{"taxonomy":"product_cat","embeddable":true,"href":"https:\/\/aptecnologia.com.ar\/new\/wp-json\/wp\/v2\/product_cat?post=13671"},{"taxonomy":"product_tag","embeddable":true,"href":"https:\/\/aptecnologia.com.ar\/new\/wp-json\/wp\/v2\/product_tag?post=13671"}],"curies":[{"name":"wp","href":"https:\/\/api.w.org\/{rel}","templated":true}]}}