{"id":13666,"date":"2023-06-21T16:34:40","date_gmt":"2023-06-21T19:34:40","guid":{"rendered":"https:\/\/aptecnologia.com.ar\/new\/?post_type=product&#038;p=13666"},"modified":"2023-06-24T14:36:21","modified_gmt":"2023-06-24T17:36:21","slug":"cinta-rotuladora-tzempgg31-negro-dorado-brother","status":"publish","type":"product","link":"https:\/\/aptecnologia.com.ar\/new\/productos\/cinta-rotuladora-tzempgg31-negro-dorado-brother\/","title":{"rendered":"Cinta Rotuladora TZEMPGG31 Negro\/Dorado &#8211; BROTHER"},"content":{"rendered":"<p>Esta cinta de Fondo Dorado Letras Negras 12mm de ancho (0,47&#8243;) x 4m (13&#8243;) de largo es compatible con rotuladoras P-Touch que acepten cintas TZ y tengan un limite m\u00e1ximo de tama\u00f1o de insumo de 12mm o superior.<\/p>\n<p>Las cintas laminadas TZ tienen una fuerte adherencia, alta resistencia de sustancias qu\u00edmicas, a la abrasi\u00f3n y al agua, entre otros factores externos.<br \/>\nLas mismas ofrecen una importante variedad de anchos, colores y tipos de cintas especiales (est\u00e1ndar, flexibles, con doble adhesivo, de tela, transparentes), tanto para aplicaciones en interiores como en exteriores dependiendo de la necesidad.<\/p>\n<p>Identifique activos, cables, paneles, patcheras, servidores, \u00fatiles, frascos, instrumentales, herramientas y cualquier bien que necesite, su creatividad es el \u00fanico l\u00edmite.<\/p>\n<p>Compatible con los modelos de rotuladoras PT-E110, PT-E300VP, PT-E550WVP, PT-H110,PT-H100PK, GL-H100, PT-H100<\/p>\n","protected":false},"excerpt":{"rendered":"<p>* Color: Negro\/Dorado<br \/>\n* Medidas: 12mm de ancho x 4 m de largo<br \/>\n* Tipo: Laminada<\/p>\n","protected":false},"featured_media":13695,"comment_status":"open","ping_status":"closed","template":"","meta":[],"pwb-brand":[172],"product_cat":[168,89],"product_tag":[],"class_list":{"0":"post-13666","1":"product","2":"type-product","3":"status-publish","4":"has-post-thumbnail","6":"pwb-brand-brother","7":"product_cat-cintasrotulacion","8":"product_cat-impresion","10":"first","11":"instock","12":"shipping-taxable","13":"purchasable","14":"product-type-simple"},"brands":[{"id":172,"name":"Brother","slug":"brother"}],"_links":{"self":[{"href":"https:\/\/aptecnologia.com.ar\/new\/wp-json\/wp\/v2\/product\/13666","targetHints":{"allow":["GET"]}}],"collection":[{"href":"https:\/\/aptecnologia.com.ar\/new\/wp-json\/wp\/v2\/product"}],"about":[{"href":"https:\/\/aptecnologia.com.ar\/new\/wp-json\/wp\/v2\/types\/product"}],"replies":[{"embeddable":true,"href":"https:\/\/aptecnologia.com.ar\/new\/wp-json\/wp\/v2\/comments?post=13666"}],"version-history":[{"count":0,"href":"https:\/\/aptecnologia.com.ar\/new\/wp-json\/wp\/v2\/product\/13666\/revisions"}],"wp:featuredmedia":[{"embeddable":true,"href":"https:\/\/aptecnologia.com.ar\/new\/wp-json\/wp\/v2\/media\/13695"}],"wp:attachment":[{"href":"https:\/\/aptecnologia.com.ar\/new\/wp-json\/wp\/v2\/media?parent=13666"}],"wp:term":[{"taxonomy":"pwb-brand","embeddable":true,"href":"https:\/\/aptecnologia.com.ar\/new\/wp-json\/wp\/v2\/pwb-brand?post=13666"},{"taxonomy":"product_cat","embeddable":true,"href":"https:\/\/aptecnologia.com.ar\/new\/wp-json\/wp\/v2\/product_cat?post=13666"},{"taxonomy":"product_tag","embeddable":true,"href":"https:\/\/aptecnologia.com.ar\/new\/wp-json\/wp\/v2\/product_tag?post=13666"}],"curies":[{"name":"wp","href":"https:\/\/api.w.org\/{rel}","templated":true}]}}