{"id":13663,"date":"2023-06-21T11:46:24","date_gmt":"2023-06-21T14:46:24","guid":{"rendered":"https:\/\/aptecnologia.com.ar\/new\/?post_type=product&#038;p=13663"},"modified":"2023-06-24T14:31:48","modified_gmt":"2023-06-24T17:31:48","slug":"ribbon-ce-re-110x074m-ou-b12-generica","status":"publish","type":"product","link":"https:\/\/aptecnologia.com.ar\/new\/productos\/ribbon-ce-re-110x074m-ou-b12-generica\/","title":{"rendered":"Ribbon CE-RE 110x074m ou b12 &#8211; GENERICA"},"content":{"rendered":"<p>El ribbon de cera-resina es vers\u00e1til y polivalente, para entornos complejos. La mezcla de cera y resina proporcionan a la impresora la capacidad de imprimir en otros materiales, como sint\u00e9ticos y papel recubierto o brillante, as\u00ed como protecci\u00f3n frente a sustancias qu\u00edmicas y manchas.<\/p>\n","protected":false},"excerpt":{"rendered":"<p>Colo: Negro<br \/>\nMaterial: Cera-Resina (mezcla)<br \/>\nTama\u00f1o: 110mm de ancho por 74m de longitud<\/p>\n","protected":false},"featured_media":13691,"comment_status":"open","ping_status":"closed","template":"","meta":[],"pwb-brand":[169],"product_cat":[263,89],"product_tag":[],"class_list":{"0":"post-13663","1":"product","2":"type-product","3":"status-publish","4":"has-post-thumbnail","6":"pwb-brand-generico","7":"product_cat-ribbons","8":"product_cat-impresion","10":"first","11":"instock","12":"shipping-taxable","13":"purchasable","14":"product-type-simple"},"brands":[{"id":169,"name":"Generico","slug":"generico"}],"_links":{"self":[{"href":"https:\/\/aptecnologia.com.ar\/new\/wp-json\/wp\/v2\/product\/13663","targetHints":{"allow":["GET"]}}],"collection":[{"href":"https:\/\/aptecnologia.com.ar\/new\/wp-json\/wp\/v2\/product"}],"about":[{"href":"https:\/\/aptecnologia.com.ar\/new\/wp-json\/wp\/v2\/types\/product"}],"replies":[{"embeddable":true,"href":"https:\/\/aptecnologia.com.ar\/new\/wp-json\/wp\/v2\/comments?post=13663"}],"version-history":[{"count":0,"href":"https:\/\/aptecnologia.com.ar\/new\/wp-json\/wp\/v2\/product\/13663\/revisions"}],"wp:featuredmedia":[{"embeddable":true,"href":"https:\/\/aptecnologia.com.ar\/new\/wp-json\/wp\/v2\/media\/13691"}],"wp:attachment":[{"href":"https:\/\/aptecnologia.com.ar\/new\/wp-json\/wp\/v2\/media?parent=13663"}],"wp:term":[{"taxonomy":"pwb-brand","embeddable":true,"href":"https:\/\/aptecnologia.com.ar\/new\/wp-json\/wp\/v2\/pwb-brand?post=13663"},{"taxonomy":"product_cat","embeddable":true,"href":"https:\/\/aptecnologia.com.ar\/new\/wp-json\/wp\/v2\/product_cat?post=13663"},{"taxonomy":"product_tag","embeddable":true,"href":"https:\/\/aptecnologia.com.ar\/new\/wp-json\/wp\/v2\/product_tag?post=13663"}],"curies":[{"name":"wp","href":"https:\/\/api.w.org\/{rel}","templated":true}]}}