{"id":13661,"date":"2023-06-21T11:21:07","date_gmt":"2023-06-21T14:21:07","guid":{"rendered":"https:\/\/aptecnologia.com.ar\/new\/?post_type=product&#038;p=13661"},"modified":"2023-06-24T14:30:21","modified_gmt":"2023-06-24T17:30:21","slug":"ribbon-cera-negro-110x074m-ou-b12-generica","status":"publish","type":"product","link":"https:\/\/aptecnologia.com.ar\/new\/productos\/ribbon-cera-negro-110x074m-ou-b12-generica\/","title":{"rendered":"Ribbon CERA negro 110x074m ou b12 &#8211; GENERICA"},"content":{"rendered":"<p>Es el m\u00e1s consumido. Utilizado en aplicaciones que no requieren mucha resistencia. Proporcionando una muy buena calidad en la impresi\u00f3n de c\u00f3digos de barras, como as\u00ed tambi\u00e9n textos y gr\u00e1ficos peque\u00f1os, a precios econ\u00f3micos. Es ideal para etiquetas de material ilustraci\u00f3n o cartulina. Con una alta velocidad de impresi\u00f3n y nitidez, es perfecta para aplicaciones de corta duraci\u00f3n sobre una gran variedad de materiales (incluso no recubiertos), cuando la resistencia frente a ara\u00f1azos, suciedad y calor no es lo m\u00e1s importante.<\/p>\n<p>\u00c1mbitos de aplicaci\u00f3n: Comida y bebida, Salud y belleza, Inventarios y log\u00edstica, Sector farmac\u00e9utico, Sector minorista.<\/p>\n<p>Recomendada para: env\u00edos, rutas, etiquetas de estanter\u00edas y almacenes, rebajas de precios.<\/p>\n","protected":false},"excerpt":{"rendered":"<p>Color: negro<br \/>\nTama\u00f1o: 110mm de ancho por 74m de longitud<br \/>\nMaterial: Cera<\/p>\n","protected":false},"featured_media":13690,"comment_status":"open","ping_status":"closed","template":"","meta":[],"pwb-brand":[169],"product_cat":[263,89],"product_tag":[],"class_list":{"0":"post-13661","1":"product","2":"type-product","3":"status-publish","4":"has-post-thumbnail","6":"pwb-brand-generico","7":"product_cat-ribbons","8":"product_cat-impresion","10":"first","11":"instock","12":"shipping-taxable","13":"purchasable","14":"product-type-simple"},"brands":[{"id":169,"name":"Generico","slug":"generico"}],"_links":{"self":[{"href":"https:\/\/aptecnologia.com.ar\/new\/wp-json\/wp\/v2\/product\/13661","targetHints":{"allow":["GET"]}}],"collection":[{"href":"https:\/\/aptecnologia.com.ar\/new\/wp-json\/wp\/v2\/product"}],"about":[{"href":"https:\/\/aptecnologia.com.ar\/new\/wp-json\/wp\/v2\/types\/product"}],"replies":[{"embeddable":true,"href":"https:\/\/aptecnologia.com.ar\/new\/wp-json\/wp\/v2\/comments?post=13661"}],"version-history":[{"count":0,"href":"https:\/\/aptecnologia.com.ar\/new\/wp-json\/wp\/v2\/product\/13661\/revisions"}],"wp:featuredmedia":[{"embeddable":true,"href":"https:\/\/aptecnologia.com.ar\/new\/wp-json\/wp\/v2\/media\/13690"}],"wp:attachment":[{"href":"https:\/\/aptecnologia.com.ar\/new\/wp-json\/wp\/v2\/media?parent=13661"}],"wp:term":[{"taxonomy":"pwb-brand","embeddable":true,"href":"https:\/\/aptecnologia.com.ar\/new\/wp-json\/wp\/v2\/pwb-brand?post=13661"},{"taxonomy":"product_cat","embeddable":true,"href":"https:\/\/aptecnologia.com.ar\/new\/wp-json\/wp\/v2\/product_cat?post=13661"},{"taxonomy":"product_tag","embeddable":true,"href":"https:\/\/aptecnologia.com.ar\/new\/wp-json\/wp\/v2\/product_tag?post=13661"}],"curies":[{"name":"wp","href":"https:\/\/api.w.org\/{rel}","templated":true}]}}