{"id":13592,"date":"2023-06-09T16:09:58","date_gmt":"2023-06-09T19:09:58","guid":{"rendered":"https:\/\/aptecnologia.com.ar\/new\/?post_type=product&#038;p=13592"},"modified":"2024-08-09T12:47:45","modified_gmt":"2024-08-09T15:47:45","slug":"reproductor-dvd-dvp700-philco","status":"publish","type":"product","link":"https:\/\/aptecnologia.com.ar\/new\/productos\/reproductor-dvd-dvp700-philco\/","title":{"rendered":"Reproductor DVD Dvp700 &#8211; PHILCO"},"content":{"rendered":"<p>DVD PHILCO DVP-700 ofrece un dise\u00f1o minimalista y compacto f\u00e1cil de transportar y elegante. Cuenta con conexi\u00f3n USB frontal y botones de control b\u00e1sicos en el frente del equipo para mayor comodidad. Tambi\u00e9n tiene una pantalla LCD con indicadores reloj y alarma. Incluye control remoto. El modelo DVP-700 soporta discos de CD, CD-R\/CD-RW y DVD. Adem\u00e1s, reproduce formatos de imagen, de v\u00eddeo, de audio y soporta el sistema de sonido Dolby Digital 2.1. Cuenta con entrada frontal un puerto USB 2.0 y dos conexiones traseras: una salida de video compuesto y videocomponente. Tambi\u00e9n tiene la capacidad de grabar audio desde CD a USB.No tiene entrada HDMI.  Funcion Karaoke: no.<\/p>\n","protected":false},"excerpt":{"rendered":"<p>* Tipos de disco compatibles: CD\/CD-R\/CD-RW\/DVD<br \/>\n* Con USB<br \/>\n* Formatos de audio compatibles: MP3<br \/>\n* Formatos de imagen compatibles: MPEG4<\/p>\n","protected":false},"featured_media":13621,"comment_status":"open","ping_status":"closed","template":"","meta":[],"pwb-brand":[262],"product_cat":[100,71],"product_tag":[],"class_list":{"0":"post-13592","1":"product","2":"type-product","3":"status-publish","4":"has-post-thumbnail","6":"pwb-brand-philco","7":"product_cat-electrodomesticos","8":"product_cat-hogar","10":"first","11":"instock","12":"shipping-taxable","13":"purchasable","14":"product-type-simple"},"brands":[{"id":262,"name":"Philco","slug":"philco"}],"_links":{"self":[{"href":"https:\/\/aptecnologia.com.ar\/new\/wp-json\/wp\/v2\/product\/13592","targetHints":{"allow":["GET"]}}],"collection":[{"href":"https:\/\/aptecnologia.com.ar\/new\/wp-json\/wp\/v2\/product"}],"about":[{"href":"https:\/\/aptecnologia.com.ar\/new\/wp-json\/wp\/v2\/types\/product"}],"replies":[{"embeddable":true,"href":"https:\/\/aptecnologia.com.ar\/new\/wp-json\/wp\/v2\/comments?post=13592"}],"version-history":[{"count":0,"href":"https:\/\/aptecnologia.com.ar\/new\/wp-json\/wp\/v2\/product\/13592\/revisions"}],"wp:featuredmedia":[{"embeddable":true,"href":"https:\/\/aptecnologia.com.ar\/new\/wp-json\/wp\/v2\/media\/13621"}],"wp:attachment":[{"href":"https:\/\/aptecnologia.com.ar\/new\/wp-json\/wp\/v2\/media?parent=13592"}],"wp:term":[{"taxonomy":"pwb-brand","embeddable":true,"href":"https:\/\/aptecnologia.com.ar\/new\/wp-json\/wp\/v2\/pwb-brand?post=13592"},{"taxonomy":"product_cat","embeddable":true,"href":"https:\/\/aptecnologia.com.ar\/new\/wp-json\/wp\/v2\/product_cat?post=13592"},{"taxonomy":"product_tag","embeddable":true,"href":"https:\/\/aptecnologia.com.ar\/new\/wp-json\/wp\/v2\/product_tag?post=13592"}],"curies":[{"name":"wp","href":"https:\/\/api.w.org\/{rel}","templated":true}]}}