{"id":13589,"date":"2023-06-09T15:56:12","date_gmt":"2023-06-09T18:56:12","guid":{"rendered":"https:\/\/aptecnologia.com.ar\/new\/?post_type=product&#038;p=13589"},"modified":"2023-06-16T14:05:25","modified_gmt":"2023-06-16T17:05:25","slug":"kit-alarma-completo-central-teclado-gabinete-1-pir-sire-dsc","status":"publish","type":"product","link":"https:\/\/aptecnologia.com.ar\/new\/productos\/kit-alarma-completo-central-teclado-gabinete-1-pir-sire-dsc\/","title":{"rendered":"Kit Alarma completo central + teclado, Gabinete, 1 pir, sire &#8211; DSC"},"content":{"rendered":"<p>Caracter\u00edsticas de la placa PC585CLCPCB:  \u2022 Cuatro zonas completamente programables \u2022 Sistema expandible a ocho zonas usando entradas de zona del teclado y\/a 32 zonas usando el m\u00f3dulo de expansi\u00f3n inal\u00e1mbrico PC5132 \u2022 38 c\u00f3digos de acceso: un c\u00f3digo maestro, un c\u00f3digo de mantenimiento, dos c\u00f3digos de compulsi\u00f3n, dos c\u00f3digos de supervisi\u00f3n y 32 c\u00f3digos de acceso general \u2022 27 tipos de zonas; 8 atributos de zonas programables \u2022 32 zonas inal\u00e1mbricas con el PC5132  \u2022 No pierde la programaci\u00f3n o el estado del sistema en una falla completa de corriente alterna o de bater\u00eda \u2022 Dos salidas programables; 18 opciones programables \u2022 PGM Supervisi\u00f3n por perdida de energ\u00eda corriente alterna, bater\u00eda baja \u2022  Reloj interno sincronizado con la frecuencia de energ\u00eda de la corriente alterna Caracter\u00edsticas del teclado PC1555RKZ:  \u2022 Luces de estado con LED para las zonas y funciones de estado \u2022 Zona de teclado \u2022 Tipo de visor: LED \u2022 Soporte de zona: 8<\/p>\n","protected":false},"excerpt":{"rendered":"<p> * Sirena: apta para exterior.<br \/>\n * Gabinete reforzado.<br \/>\n * 1 tono.<br \/>\n * Consumo 550mA.<\/p>\n","protected":false},"featured_media":0,"comment_status":"open","ping_status":"closed","template":"","meta":[],"pwb-brand":[261],"product_cat":[74,68],"product_tag":[],"class_list":{"0":"post-13589","1":"product","2":"type-product","3":"status-publish","5":"pwb-brand-dsc","6":"product_cat-kit-de-camaras-y-alarmas","7":"product_cat-seguridad-y-vigilancia","9":"first","10":"instock","11":"shipping-taxable","12":"purchasable","13":"product-type-simple"},"brands":[{"id":261,"name":"DSC","slug":"dsc"}],"_links":{"self":[{"href":"https:\/\/aptecnologia.com.ar\/new\/wp-json\/wp\/v2\/product\/13589","targetHints":{"allow":["GET"]}}],"collection":[{"href":"https:\/\/aptecnologia.com.ar\/new\/wp-json\/wp\/v2\/product"}],"about":[{"href":"https:\/\/aptecnologia.com.ar\/new\/wp-json\/wp\/v2\/types\/product"}],"replies":[{"embeddable":true,"href":"https:\/\/aptecnologia.com.ar\/new\/wp-json\/wp\/v2\/comments?post=13589"}],"version-history":[{"count":0,"href":"https:\/\/aptecnologia.com.ar\/new\/wp-json\/wp\/v2\/product\/13589\/revisions"}],"wp:attachment":[{"href":"https:\/\/aptecnologia.com.ar\/new\/wp-json\/wp\/v2\/media?parent=13589"}],"wp:term":[{"taxonomy":"pwb-brand","embeddable":true,"href":"https:\/\/aptecnologia.com.ar\/new\/wp-json\/wp\/v2\/pwb-brand?post=13589"},{"taxonomy":"product_cat","embeddable":true,"href":"https:\/\/aptecnologia.com.ar\/new\/wp-json\/wp\/v2\/product_cat?post=13589"},{"taxonomy":"product_tag","embeddable":true,"href":"https:\/\/aptecnologia.com.ar\/new\/wp-json\/wp\/v2\/product_tag?post=13589"}],"curies":[{"name":"wp","href":"https:\/\/api.w.org\/{rel}","templated":true}]}}