{"id":13583,"date":"2023-06-09T14:32:47","date_gmt":"2023-06-09T17:32:47","guid":{"rendered":"https:\/\/aptecnologia.com.ar\/new\/?post_type=product&#038;p=13583"},"modified":"2023-06-16T13:39:54","modified_gmt":"2023-06-16T16:39:54","slug":"fuente-switching-r-12v-10ah-metalica-generica","status":"publish","type":"product","link":"https:\/\/aptecnologia.com.ar\/new\/productos\/fuente-switching-r-12v-10ah-metalica-generica\/","title":{"rendered":"Fuente Switching R 12V 10AH Metalica &#8211; GENERICA"},"content":{"rendered":"<p>&#8211; Dimensiones:<br \/>\n\u2022 Largo: 197 mm<br \/>\n\u2022 Ancho: 98 mm<br \/>\n\u2022 Altura: 37 mm<br \/>\n\u2022 Peso: 0.65 kg.<\/p>\n<p>&#8211; Medio ambiente:<br \/>\n\u2022 Temperatura de funcionamiento: 0\u00ba-+40\u00ba<br \/>\n\u2022 Rango de humedad relativa de funcionamiento: 20%-90%Rh.<br \/>\n\u2022 Rango de temperatura de almacenamiento: -20\u00ba~+80\u00ba.<\/p>\n<p>&#8211; Caracter\u00edstica de protecci\u00f3n:<br \/>\n\u2022 Protecci\u00f3n contra sobrecarga: 105 \u2013 135% potencia normal de salida.<br \/>\n\u2022 Modo de protecci\u00f3n: Recuperaci\u00f3n autom\u00e1tica luego de suprimirse sobrecarga.<\/p>\n","protected":false},"excerpt":{"rendered":"<p>&#8211; Salida:<br \/>\n\u2022 Voltaje de salida: 12 V.<br \/>\n\u2022 Tolerancia del voltaje de salida: +1%<br \/>\n\u2022 Corriente de salida:0-10 A.<br \/>\n\u2022 Potencia de salida: 120 W max.<\/p>\n<p>&#8211; Entrada:<br \/>\n\u2022 Rango de tensi\u00f3n de entrada: 100-240 Vac.<br \/>\n\u2022 Corriente alterna de entrada: 2.8 \u2013 1.4 A.<br \/>\n\u2022 Eficiencia: 82%<br \/>\n\u2022 Frecuencia: 50 Hz.<\/p>\n","protected":false},"featured_media":13618,"comment_status":"open","ping_status":"closed","template":"","meta":[],"pwb-brand":[169],"product_cat":[209,68],"product_tag":[],"class_list":{"0":"post-13583","1":"product","2":"type-product","3":"status-publish","4":"has-post-thumbnail","6":"pwb-brand-generico","7":"product_cat-accesorios-seguridad-y-vigilancia","8":"product_cat-seguridad-y-vigilancia","10":"first","11":"instock","12":"shipping-taxable","13":"purchasable","14":"product-type-simple"},"brands":[{"id":169,"name":"Generico","slug":"generico"}],"_links":{"self":[{"href":"https:\/\/aptecnologia.com.ar\/new\/wp-json\/wp\/v2\/product\/13583","targetHints":{"allow":["GET"]}}],"collection":[{"href":"https:\/\/aptecnologia.com.ar\/new\/wp-json\/wp\/v2\/product"}],"about":[{"href":"https:\/\/aptecnologia.com.ar\/new\/wp-json\/wp\/v2\/types\/product"}],"replies":[{"embeddable":true,"href":"https:\/\/aptecnologia.com.ar\/new\/wp-json\/wp\/v2\/comments?post=13583"}],"version-history":[{"count":0,"href":"https:\/\/aptecnologia.com.ar\/new\/wp-json\/wp\/v2\/product\/13583\/revisions"}],"wp:featuredmedia":[{"embeddable":true,"href":"https:\/\/aptecnologia.com.ar\/new\/wp-json\/wp\/v2\/media\/13618"}],"wp:attachment":[{"href":"https:\/\/aptecnologia.com.ar\/new\/wp-json\/wp\/v2\/media?parent=13583"}],"wp:term":[{"taxonomy":"pwb-brand","embeddable":true,"href":"https:\/\/aptecnologia.com.ar\/new\/wp-json\/wp\/v2\/pwb-brand?post=13583"},{"taxonomy":"product_cat","embeddable":true,"href":"https:\/\/aptecnologia.com.ar\/new\/wp-json\/wp\/v2\/product_cat?post=13583"},{"taxonomy":"product_tag","embeddable":true,"href":"https:\/\/aptecnologia.com.ar\/new\/wp-json\/wp\/v2\/product_tag?post=13583"}],"curies":[{"name":"wp","href":"https:\/\/api.w.org\/{rel}","templated":true}]}}